{"id":483,"date":"2021-11-09T13:40:55","date_gmt":"2021-11-09T12:40:55","guid":{"rendered":"https:\/\/www.abagrigliati.it\/de\/?page_id=483"},"modified":"2023-02-08T08:39:10","modified_gmt":"2023-02-08T07:39:10","slug":"blog","status":"publish","type":"page","link":"https:\/\/www.abagrigliati.it\/de\/blog\/","title":{"rendered":"Blog"},"content":{"rendered":"\t\t<div data-elementor-type=\"wp-page\" data-elementor-id=\"483\" class=\"elementor elementor-483\" data-elementor-post-type=\"page\">\n\t\t\t\t\t\t<section class=\"elementor-section elementor-top-section elementor-element elementor-element-6720702 elementor-section-boxed elementor-section-height-default elementor-section-height-default\" data-id=\"6720702\" data-element_type=\"section\" data-e-type=\"section\">\n\t\t\t\t\t\t<div class=\"elementor-container elementor-column-gap-default\">\n\t\t\t\t\t<div class=\"elementor-column elementor-col-100 elementor-top-column elementor-element elementor-element-42c7356\" data-id=\"42c7356\" data-element_type=\"column\" data-e-type=\"column\">\n\t\t\t<div class=\"elementor-widget-wrap elementor-element-populated\">\n\t\t\t\t\t\t<div class=\"elementor-element elementor-element-b63fcbb elementor-widget elementor-widget-shortcode\" data-id=\"b63fcbb\" data-element_type=\"widget\" data-e-type=\"widget\" data-widget_type=\"shortcode.default\">\n\t\t\t\t<div class=\"elementor-widget-container\">\n\t\t\t\t\t\t\t<div class=\"elementor-shortcode\">\n<div class=\"breadcrumbs\">\n    <a href=\"https:\/\/www.abagrigliati.it\/de\">Home Page<\/a> \n   <\/a> \n\n\n<!--?php echo ''. get_the_category( $id )[0]->name .'';?-->\n\n<label>><\/label>  <b> Blog<\/b> \n  \n<\/div>\n<\/div>\n\t\t\t\t\t\t<\/div>\n\t\t\t\t<\/div>\n\t\t\t\t\t<\/div>\n\t\t<\/div>\n\t\t\t\t\t<\/div>\n\t\t<\/section>\n\t\t\t\t<section class=\"elementor-section elementor-top-section elementor-element elementor-element-c6daf49 cont_inner_sec elementor-section-boxed elementor-section-height-default elementor-section-height-default\" data-id=\"c6daf49\" data-element_type=\"section\" data-e-type=\"section\">\n\t\t\t\t\t\t<div class=\"elementor-container elementor-column-gap-default\">\n\t\t\t\t\t<div class=\"elementor-column elementor-col-100 elementor-top-column elementor-element elementor-element-ed4cc00\" data-id=\"ed4cc00\" data-element_type=\"column\" data-e-type=\"column\">\n\t\t\t<div class=\"elementor-widget-wrap elementor-element-populated\">\n\t\t\t\t\t\t<div class=\"elementor-element elementor-element-9ad2980 main_inner_title elementor-widget elementor-widget-heading\" data-id=\"9ad2980\" data-element_type=\"widget\" data-e-type=\"widget\" data-widget_type=\"heading.default\">\n\t\t\t\t<div class=\"elementor-widget-container\">\n\t\t\t\t\t<h1 class=\"elementor-heading-title elementor-size-default\">Blog<\/h1>\t\t\t\t<\/div>\n\t\t\t\t<\/div>\n\t\t\t\t\t<\/div>\n\t\t<\/div>\n\t\t\t\t\t<\/div>\n\t\t<\/section>\n\t\t\t\t<section class=\"elementor-section elementor-top-section elementor-element elementor-element-e112fb5 inner_space elementor-section-boxed elementor-section-height-default elementor-section-height-default\" data-id=\"e112fb5\" data-element_type=\"section\" data-e-type=\"section\">\n\t\t\t\t\t\t<div class=\"elementor-container elementor-column-gap-default\">\n\t\t\t\t\t<div class=\"elementor-column elementor-col-33 elementor-top-column elementor-element elementor-element-1f3ddef\" data-id=\"1f3ddef\" data-element_type=\"column\" data-e-type=\"column\">\n\t\t\t<div class=\"elementor-widget-wrap elementor-element-populated\">\n\t\t\t\t\t\t<div class=\"elementor-element elementor-element-69ec7bb Categorie-main_sec elementor-hidden-mobile elementor-widget elementor-widget-heading\" data-id=\"69ec7bb\" data-element_type=\"widget\" data-e-type=\"widget\" data-widget_type=\"heading.default\">\n\t\t\t\t<div class=\"elementor-widget-container\">\n\t\t\t\t\t<h6 class=\"elementor-heading-title elementor-size-default\">Categorie<\/h6>\t\t\t\t<\/div>\n\t\t\t\t<\/div>\n\t\t\t\t<div class=\"elementor-element elementor-element-be2ef7c abc_sec elementor-widget elementor-widget-heading\" data-id=\"be2ef7c\" data-element_type=\"widget\" data-e-type=\"widget\" data-widget_type=\"heading.default\">\n\t\t\t\t<div class=\"elementor-widget-container\">\n\t\t\t\t\t<div class=\"elementor-heading-title elementor-size-default\">Filtra per<\/div>\t\t\t\t<\/div>\n\t\t\t\t<\/div>\n\t\t\t\t<div class=\"elementor-element elementor-element-ce92ef4 blog-mobile-dropdown elementor-widget elementor-widget-shortcode\" data-id=\"ce92ef4\" data-element_type=\"widget\" data-e-type=\"widget\" data-widget_type=\"shortcode.default\">\n\t\t\t\t<div class=\"elementor-widget-container\">\n\t\t\t\t\t\t\t<div class=\"elementor-shortcode\"><ul class=\"toc-odd  nav-filter\" id=\"sel-option\">\n                       \t\t\t\t\t   \n\t\t\t\t\t   \n                        \t\t\t\t\t\t\t\t\t\t\t\t\n                            <li class=\" wbc-cat-filter-li\">\n                               <a class=\"active-72\" href=\"https:\/\/www.abagrigliati.it\/de\/blog\/category\/case-history\/\"  data-term=\"case-history\" data-page=\"1\">\n                               Case History                               <\/a>\n                                                            <\/li>\n                                                    \t\t\t\t\t\t\t\t\t\t\t\t\n                            <li class=\" wbc-cat-filter-li\">\n                               <a class=\"active-73\" href=\"https:\/\/www.abagrigliati.it\/de\/blog\/category\/bauwesen-und-metallbau\/\"  data-term=\"bauwesen-und-metallbau\" data-page=\"1\">\n                               Bauwesen und Metallbau                               <\/a>\n                                                            <\/li>\n                                                    \t\t\t\t\t\t\t\t\t\t\t\t\n                            <li class=\" wbc-cat-filter-li\">\n                               <a class=\"active-74\" href=\"https:\/\/www.abagrigliati.it\/de\/blog\/category\/industrie\/\"  data-term=\"industrie\" data-page=\"1\">\n                               Industrie                               <\/a>\n                                                            <\/li>\n                                                    \t\t\t\t\t\t\t\t\t\t\t\t\n                            <li class=\" wbc-cat-filter-li\">\n                               <a class=\"active-75\" href=\"https:\/\/www.abagrigliati.it\/de\/blog\/category\/bauingenieurwesen\/\"  data-term=\"bauingenieurwesen\" data-page=\"1\">\n                               Bauingenieurwesen                               <\/a>\n                                                            <\/li>\n                                                    \t\t\t\t\t\t\t\t\t\t\t\t\n                            <li class=\" wbc-cat-filter-li\">\n                               <a class=\"active-76\" href=\"https:\/\/www.abagrigliati.it\/de\/blog\/category\/offizielles\/\"  data-term=\"offizielles\" data-page=\"1\">\n                               Offizielles                               <\/a>\n                                                            <\/li>\n                                                    \t\t\t\t\t\t\t\t\t\t\t\t\n                            <li class=\" wbc-cat-filter-li\">\n                               <a class=\"active-77\" href=\"https:\/\/www.abagrigliati.it\/de\/blog\/category\/lagerung-und-aufbewahrung\/\"  data-term=\"lagerung-und-aufbewahrung\" data-page=\"1\">\n                               Lagerung und Aufbewahrung                               <\/a>\n                                                            <\/li>\n                                                                        <\/ul>\n<\/div>\n\t\t\t\t\t\t<\/div>\n\t\t\t\t<\/div>\n\t\t\t\t\t<\/div>\n\t\t<\/div>\n\t\t\t\t<div class=\"elementor-column elementor-col-66 elementor-top-column elementor-element elementor-element-77b80f1\" data-id=\"77b80f1\" data-element_type=\"column\" data-e-type=\"column\">\n\t\t\t<div class=\"elementor-widget-wrap elementor-element-populated\">\n\t\t\t\t\t\t<div class=\"elementor-element elementor-element-a35bb05 elementor-widget elementor-widget-shortcode\" data-id=\"a35bb05\" data-element_type=\"widget\" data-e-type=\"widget\" data-widget_type=\"shortcode.default\">\n\t\t\t\t<div class=\"elementor-widget-container\">\n\t\t\t\t\t\t\t<div class=\"elementor-shortcode\">\t<div class=\"blog-page-outer blog-posts-outer\">\n\t\t\t\t<div class=\"blog-post-box\">\n\t\t<a href=\"https:\/\/www.abagrigliati.it\/de\/blog\/stahlgitterrost-fuer-die-industrie\/\">\n\t\t<div class=\"blog-post-image\">\n\t\t<img decoding=\"async\" src=\"https:\/\/www.abagrigliati.it\/de\/wp-content\/uploads\/sites\/3\/2026\/04\/prodotti-big__cat-01-profili-bugnati-chiusi-50-copy.png\">\n\t\t<\/div>\n\t\t<span>\n\t\t<i class=\"fa fa-calendar\" aria-hidden=\"true\"><\/i>08 Apr. 2026\t\t<\/span>\n\t\t\n\t\t<span class=\"cat_sec\">\n\t\t<i class=\"fa fa-tag\" aria-hidden=\"true\"><\/i> Industrie    \n\t\t<\/span>\n\t\t\n\t\t\n\t\t<h4 class=\"blog-box-heading\">Stahlgitterrost f\u00fcr die Industrie: wann ist er die richtige Wahl?<\/h4>\n\t\t\n\t\t<p>\n\t\tLesezeit: 6 Minuten In diesem Artikel analysieren wir eines der am meisten untersch\u00e4tzten Themen im Industriebereich: die Wahl der richtigen...<\/p><div class=\"bttn-arrow\">\n            \n        <!-- TRADUZIONE   1 = it, 2 = en, 3 = de, 4 = fr, 5 = es  -->\n\n                                                Weiterlesen\n                                            <\/div><\/a><\/div>\t\t<div class=\"blog-post-box\">\n\t\t<a href=\"https:\/\/www.abagrigliati.it\/de\/blog\/metallgitter\/\">\n\t\t<div class=\"blog-post-image\">\n\t\t<img decoding=\"async\" src=\"https:\/\/www.abagrigliati.it\/de\/wp-content\/uploads\/sites\/3\/2026\/03\/01-industria-soppalchi.jpg\">\n\t\t<\/div>\n\t\t<span>\n\t\t<i class=\"fa fa-calendar\" aria-hidden=\"true\"><\/i>25 M\u00e4rz 2026\t\t<\/span>\n\t\t\n\t\t<span class=\"cat_sec\">\n\t\t<i class=\"fa fa-tag\" aria-hidden=\"true\"><\/i> Bauwesen und Metallbau    \n\t\t<\/span>\n\t\t\n\t\t\n\t\t<h4 class=\"blog-box-heading\">Metallgitter: industrielle Anwendungen und konkrete Vorteile<\/h4>\n\t\t\n\t\t<p>\n\t\tLesezeit: 7 Minuten. Im Bauwesen und in der Industrie ist die Wahl der richtigen L\u00f6sung f\u00fcr Bodenbel\u00e4ge, Laufstege und begehbare...<\/p><div class=\"bttn-arrow\">\n            \n        <!-- TRADUZIONE   1 = it, 2 = en, 3 = de, 4 = fr, 5 = es  -->\n\n                                                Weiterlesen\n                                            <\/div><\/a><\/div>\t\t<div class=\"blog-post-box\">\n\t\t<a href=\"https:\/\/www.abagrigliati.it\/de\/blog\/die-ideale-loesung-fuer-kritische-umgebungen\/\">\n\t\t<div class=\"blog-post-image\">\n\t\t<img decoding=\"async\" src=\"https:\/\/www.abagrigliati.it\/de\/wp-content\/uploads\/sites\/3\/2025\/01\/P1000304.jpg\">\n\t\t<\/div>\n\t\t<span>\n\t\t<i class=\"fa fa-calendar\" aria-hidden=\"true\"><\/i>09 Jan. 2025\t\t<\/span>\n\t\t\n\t\t<span class=\"cat_sec\">\n\t\t<i class=\"fa fa-tag\" aria-hidden=\"true\"><\/i> Industrie    \n\t\t<\/span>\n\t\t\n\t\t\n\t\t<h4 class=\"blog-box-heading\">Die Ideale L\u00f6sung f\u00fcr Kritische Umgebungen<\/h4>\n\t\t\n\t\t<p>\n\t\tIn industriellen und technologischen Umgebungen sind Sicherheit und Funktionalit\u00e4t niemals optional. Das Perforierte Profil Modell GE zeichnet sich durch seine...<\/p><div class=\"bttn-arrow\">\n            \n        <!-- TRADUZIONE   1 = it, 2 = en, 3 = de, 4 = fr, 5 = es  -->\n\n                                                Weiterlesen\n                                            <\/div><\/a><\/div>\t\t<div class=\"blog-post-box\">\n\t\t<a href=\"https:\/\/www.abagrigliati.it\/de\/blog\/tibetanische-haengebruecke-bei-barcis-abenteuer-und-sicherheit-im-herzen-von-friaul-julisch-venetien\/\">\n\t\t<div class=\"blog-post-image\">\n\t\t<img decoding=\"async\" src=\"https:\/\/www.abagrigliati.it\/de\/wp-content\/uploads\/sites\/3\/2024\/11\/ponte-tibetano-Valcellina.jpg\">\n\t\t<\/div>\n\t\t<span>\n\t\t<i class=\"fa fa-calendar\" aria-hidden=\"true\"><\/i>27 Nov. 2024\t\t<\/span>\n\t\t\n\t\t<span class=\"cat_sec\">\n\t\t<i class=\"fa fa-tag\" aria-hidden=\"true\"><\/i> Case History    \n\t\t<\/span>\n\t\t\n\t\t\n\t\t<h4 class=\"blog-box-heading\">Tibetanische H\u00e4ngebr\u00fccke bei Barcis: Abenteuer und Sicherheit im Herzen von Friaul-Julisch Venetien<\/h4>\n\t\t\n\t\t<p>\n\t\tInmitten der atemberaubenden Landschaften des Friaul-Julisch Venetien, eingebettet in in die Schlucht von Forra del Cellina, stellt die Tibetanische Br\u00fccke...<\/p><div class=\"bttn-arrow\">\n            \n        <!-- TRADUZIONE   1 = it, 2 = en, 3 = de, 4 = fr, 5 = es  -->\n\n                                                Weiterlesen\n                                            <\/div><\/a><\/div>\t\t<div class=\"blog-post-box\">\n\t\t<a href=\"https:\/\/www.abagrigliati.it\/de\/blog\/die-tibetische-brucke-von-perarolo-di-cadore-ge-profile-von-abagrigliati\/\">\n\t\t<div class=\"blog-post-image\">\n\t\t<img decoding=\"async\" src=\"https:\/\/www.abagrigliati.it\/de\/wp-content\/uploads\/sites\/3\/2024\/07\/ponte-tibetano_copertina-1568x882.jpg\">\n\t\t<\/div>\n\t\t<span>\n\t\t<i class=\"fa fa-calendar\" aria-hidden=\"true\"><\/i>04 Juli 2024\t\t<\/span>\n\t\t\n\t\t<span class=\"cat_sec\">\n\t\t<i class=\"fa fa-tag\" aria-hidden=\"true\"><\/i> Case History    \n\t\t<\/span>\n\t\t\n\t\t\n\t\t<h4 class=\"blog-box-heading\">Die tibetische Br\u00fccke von Perarolo di Cadore: Innovation und Sicherheit dank der GE-Profile von Abagrigliati<\/h4>\n\t\t\n\t\t<p>\n\t\tPerarolo di Cadore, ein verstecktes Juwel am Fu\u00dfe der Belluneser Dolomiten, ist bei Wanderern aufgrund seines gut gepflegten Wegenetzes -...<\/p><div class=\"bttn-arrow\">\n            \n        <!-- TRADUZIONE   1 = it, 2 = en, 3 = de, 4 = fr, 5 = es  -->\n\n                                                Weiterlesen\n                                            <\/div><\/a><\/div>\t\t<div class=\"blog-post-box\">\n\t\t<a href=\"https:\/\/www.abagrigliati.it\/de\/blog\/abagrigliati-bei-der-logimat-2024-italienische-spitzenleistung-in-der-internationalen-logistik\/\">\n\t\t<div class=\"blog-post-image\">\n\t\t<img decoding=\"async\" src=\"https:\/\/www.abagrigliati.it\/de\/wp-content\/uploads\/sites\/3\/2023\/02\/logo-LogiMAT_de.jpeg\">\n\t\t<\/div>\n\t\t<span>\n\t\t<i class=\"fa fa-calendar\" aria-hidden=\"true\"><\/i>23 Mai 2024\t\t<\/span>\n\t\t\n\t\t<span class=\"cat_sec\">\n\t\t<i class=\"fa fa-tag\" aria-hidden=\"true\"><\/i> Offizielles    \n\t\t<\/span>\n\t\t\n\t\t\n\t\t<h4 class=\"blog-box-heading\">Abagrigliati bei der LogiMAT 2024: Italienische Spitzenleistung in der internationalen Logistik<\/h4>\n\t\t\n\t\t<p>\n\t\tDie LogiMAT 2024, die renommierte internationale Messe f\u00fcr Logistik und Materialflussmanagement, wurde k\u00fcrzlich in Stuttgart, Deutschland, abgeschlossen. Diese Veranstaltung war...<\/p><div class=\"bttn-arrow\">\n            \n        <!-- TRADUZIONE   1 = it, 2 = en, 3 = de, 4 = fr, 5 = es  -->\n\n                                                Weiterlesen\n                                            <\/div><\/a><\/div>\t <\/div> \n\t<div class=\"pagination\">\n\t\t<span aria-label=\"Seite 1\" aria-current=\"page\" class=\"page-numbers current\">1<\/span>\n<a aria-label=\"Seite 2\" class=\"page-numbers\" href=\"https:\/\/www.abagrigliati.it\/de\/wp-json\/wp\/v2\/pages\/483\/page\/2\/\">2<\/a>\n<a aria-label=\"Seite 3\" class=\"page-numbers\" href=\"https:\/\/www.abagrigliati.it\/de\/wp-json\/wp\/v2\/pages\/483\/page\/3\/\">3<\/a>\n<a class=\"next page-numbers\" href=\"https:\/\/www.abagrigliati.it\/de\/wp-json\/wp\/v2\/pages\/483\/page\/2\/\"><img decoding=\"async\" src=\"https:\/\/www.abagrigliati.it\/de\/wp-content\/themes\/abagrigliati-child\/images\/pagination-right.svg\"><\/a>\t<\/div>\n\t\t<\/div>\n\t\t\t\t\t\t<\/div>\n\t\t\t\t<\/div>\n\t\t\t\t\t<\/div>\n\t\t<\/div>\n\t\t\t\t\t<\/div>\n\t\t<\/section>\n\t\t\t\t<\/div>\n\t\t","protected":false},"excerpt":{"rendered":"<p>Blog Categorie Filtra per<\/p>\n","protected":false},"author":2,"featured_media":0,"parent":0,"menu_order":14,"comment_status":"closed","ping_status":"closed","template":"elementor_header_footer","meta":{"_acf_changed":false,"footnotes":""},"class_list":["post-483","page","type-page","status-publish","hentry","entry"],"acf":[],"yoast_head":"<!-- This site is optimized with the Yoast SEO plugin v27.4 - https:\/\/yoast.com\/product\/yoast-seo-wordpress\/ -->\n<title>Blog - Abagrigliati DE<\/title>\n<meta name=\"robots\" content=\"index, follow, max-snippet:-1, max-image-preview:large, max-video-preview:-1\" \/>\n<link rel=\"canonical\" href=\"https:\/\/www.abagrigliati.it\/de\/blog\/\" \/>\n<meta property=\"og:locale\" content=\"de_DE\" \/>\n<meta property=\"og:type\" content=\"article\" \/>\n<meta property=\"og:title\" content=\"Blog - Abagrigliati DE\" \/>\n<meta property=\"og:description\" content=\"Blog Categorie Filtra per\" \/>\n<meta property=\"og:url\" content=\"https:\/\/www.abagrigliati.it\/de\/blog\/\" \/>\n<meta property=\"og:site_name\" content=\"Abagrigliati DE\" \/>\n<meta property=\"article:modified_time\" content=\"2023-02-08T07:39:10+00:00\" \/>\n<meta name=\"twitter:card\" content=\"summary_large_image\" \/>\n<meta name=\"twitter:label1\" content=\"Gesch\u00e4tzte Lesezeit\" \/>\n\t<meta name=\"twitter:data1\" content=\"3\u00a0Minuten\" \/>\n<script type=\"application\/ld+json\" class=\"yoast-schema-graph\">{\"@context\":\"https:\\\/\\\/schema.org\",\"@graph\":[{\"@type\":\"WebPage\",\"@id\":\"https:\\\/\\\/www.abagrigliati.it\\\/de\\\/blog\\\/\",\"url\":\"https:\\\/\\\/www.abagrigliati.it\\\/de\\\/blog\\\/\",\"name\":\"Blog - Abagrigliati DE\",\"isPartOf\":{\"@id\":\"https:\\\/\\\/www.abagrigliati.it\\\/de\\\/#website\"},\"datePublished\":\"2021-11-09T12:40:55+00:00\",\"dateModified\":\"2023-02-08T07:39:10+00:00\",\"breadcrumb\":{\"@id\":\"https:\\\/\\\/www.abagrigliati.it\\\/de\\\/blog\\\/#breadcrumb\"},\"inLanguage\":\"de\",\"potentialAction\":[{\"@type\":\"ReadAction\",\"target\":[\"https:\\\/\\\/www.abagrigliati.it\\\/de\\\/blog\\\/\"]}]},{\"@type\":\"BreadcrumbList\",\"@id\":\"https:\\\/\\\/www.abagrigliati.it\\\/de\\\/blog\\\/#breadcrumb\",\"itemListElement\":[{\"@type\":\"ListItem\",\"position\":1,\"name\":\"Home\",\"item\":\"https:\\\/\\\/www.abagrigliati.it\\\/de\\\/\"},{\"@type\":\"ListItem\",\"position\":2,\"name\":\"Blog\"}]},{\"@type\":\"WebSite\",\"@id\":\"https:\\\/\\\/www.abagrigliati.it\\\/de\\\/#website\",\"url\":\"https:\\\/\\\/www.abagrigliati.it\\\/de\\\/\",\"name\":\"Abagrigliati DE\",\"description\":\"\",\"publisher\":{\"@id\":\"https:\\\/\\\/www.abagrigliati.it\\\/de\\\/#organization\"},\"potentialAction\":[{\"@type\":\"SearchAction\",\"target\":{\"@type\":\"EntryPoint\",\"urlTemplate\":\"https:\\\/\\\/www.abagrigliati.it\\\/de\\\/?s={search_term_string}\"},\"query-input\":{\"@type\":\"PropertyValueSpecification\",\"valueRequired\":true,\"valueName\":\"search_term_string\"}}],\"inLanguage\":\"de\"},{\"@type\":\"Organization\",\"@id\":\"https:\\\/\\\/www.abagrigliati.it\\\/de\\\/#organization\",\"name\":\"Abagrigliati DE\",\"url\":\"https:\\\/\\\/www.abagrigliati.it\\\/de\\\/\",\"logo\":{\"@type\":\"ImageObject\",\"inLanguage\":\"de\",\"@id\":\"https:\\\/\\\/www.abagrigliati.it\\\/de\\\/#\\\/schema\\\/logo\\\/image\\\/\",\"url\":\"https:\\\/\\\/www.abagrigliati.it\\\/de\\\/wp-content\\\/uploads\\\/sites\\\/3\\\/2022\\\/01\\\/LogoABAGriglaiti.svg\",\"contentUrl\":\"https:\\\/\\\/www.abagrigliati.it\\\/de\\\/wp-content\\\/uploads\\\/sites\\\/3\\\/2022\\\/01\\\/LogoABAGriglaiti.svg\",\"width\":223,\"height\":50,\"caption\":\"Abagrigliati DE\"},\"image\":{\"@id\":\"https:\\\/\\\/www.abagrigliati.it\\\/de\\\/#\\\/schema\\\/logo\\\/image\\\/\"}}]}<\/script>\n<!-- \/ Yoast SEO plugin. -->","yoast_head_json":{"title":"Blog - Abagrigliati DE","robots":{"index":"index","follow":"follow","max-snippet":"max-snippet:-1","max-image-preview":"max-image-preview:large","max-video-preview":"max-video-preview:-1"},"canonical":"https:\/\/www.abagrigliati.it\/de\/blog\/","og_locale":"de_DE","og_type":"article","og_title":"Blog - Abagrigliati DE","og_description":"Blog Categorie Filtra per","og_url":"https:\/\/www.abagrigliati.it\/de\/blog\/","og_site_name":"Abagrigliati DE","article_modified_time":"2023-02-08T07:39:10+00:00","twitter_card":"summary_large_image","twitter_misc":{"Gesch\u00e4tzte Lesezeit":"3\u00a0Minuten"},"schema":{"@context":"https:\/\/schema.org","@graph":[{"@type":"WebPage","@id":"https:\/\/www.abagrigliati.it\/de\/blog\/","url":"https:\/\/www.abagrigliati.it\/de\/blog\/","name":"Blog - Abagrigliati DE","isPartOf":{"@id":"https:\/\/www.abagrigliati.it\/de\/#website"},"datePublished":"2021-11-09T12:40:55+00:00","dateModified":"2023-02-08T07:39:10+00:00","breadcrumb":{"@id":"https:\/\/www.abagrigliati.it\/de\/blog\/#breadcrumb"},"inLanguage":"de","potentialAction":[{"@type":"ReadAction","target":["https:\/\/www.abagrigliati.it\/de\/blog\/"]}]},{"@type":"BreadcrumbList","@id":"https:\/\/www.abagrigliati.it\/de\/blog\/#breadcrumb","itemListElement":[{"@type":"ListItem","position":1,"name":"Home","item":"https:\/\/www.abagrigliati.it\/de\/"},{"@type":"ListItem","position":2,"name":"Blog"}]},{"@type":"WebSite","@id":"https:\/\/www.abagrigliati.it\/de\/#website","url":"https:\/\/www.abagrigliati.it\/de\/","name":"Abagrigliati DE","description":"","publisher":{"@id":"https:\/\/www.abagrigliati.it\/de\/#organization"},"potentialAction":[{"@type":"SearchAction","target":{"@type":"EntryPoint","urlTemplate":"https:\/\/www.abagrigliati.it\/de\/?s={search_term_string}"},"query-input":{"@type":"PropertyValueSpecification","valueRequired":true,"valueName":"search_term_string"}}],"inLanguage":"de"},{"@type":"Organization","@id":"https:\/\/www.abagrigliati.it\/de\/#organization","name":"Abagrigliati DE","url":"https:\/\/www.abagrigliati.it\/de\/","logo":{"@type":"ImageObject","inLanguage":"de","@id":"https:\/\/www.abagrigliati.it\/de\/#\/schema\/logo\/image\/","url":"https:\/\/www.abagrigliati.it\/de\/wp-content\/uploads\/sites\/3\/2022\/01\/LogoABAGriglaiti.svg","contentUrl":"https:\/\/www.abagrigliati.it\/de\/wp-content\/uploads\/sites\/3\/2022\/01\/LogoABAGriglaiti.svg","width":223,"height":50,"caption":"Abagrigliati DE"},"image":{"@id":"https:\/\/www.abagrigliati.it\/de\/#\/schema\/logo\/image\/"}}]}},"_links":{"self":[{"href":"https:\/\/www.abagrigliati.it\/de\/wp-json\/wp\/v2\/pages\/483","targetHints":{"allow":["GET"]}}],"collection":[{"href":"https:\/\/www.abagrigliati.it\/de\/wp-json\/wp\/v2\/pages"}],"about":[{"href":"https:\/\/www.abagrigliati.it\/de\/wp-json\/wp\/v2\/types\/page"}],"author":[{"embeddable":true,"href":"https:\/\/www.abagrigliati.it\/de\/wp-json\/wp\/v2\/users\/2"}],"replies":[{"embeddable":true,"href":"https:\/\/www.abagrigliati.it\/de\/wp-json\/wp\/v2\/comments?post=483"}],"version-history":[{"count":55,"href":"https:\/\/www.abagrigliati.it\/de\/wp-json\/wp\/v2\/pages\/483\/revisions"}],"predecessor-version":[{"id":3993,"href":"https:\/\/www.abagrigliati.it\/de\/wp-json\/wp\/v2\/pages\/483\/revisions\/3993"}],"wp:attachment":[{"href":"https:\/\/www.abagrigliati.it\/de\/wp-json\/wp\/v2\/media?parent=483"}],"curies":[{"name":"wp","href":"https:\/\/api.w.org\/{rel}","templated":true}]}}