{"id":1369,"date":"2021-11-15T13:02:56","date_gmt":"2021-11-15T12:02:56","guid":{"rendered":"https:\/\/www.abagrigliati.it\/de\/?post_type=product&#038;p=1369"},"modified":"2023-10-16T11:29:42","modified_gmt":"2023-10-16T09:29:42","slug":"profil-xf","status":"publish","type":"product","link":"https:\/\/www.abagrigliati.it\/de\/produkt\/profil-xf\/","title":{"rendered":"Profil XF"},"content":{"rendered":"<p>PROFILE MIT GESCHLOSSENER UND GELOCHTER, GERIFFELTER OBERFL\u00c4CHE H58 P60<\/p>\n<p><strong>Verf\u00fcgbare Gr\u00f6\u00dfen: b x h x St\u00e4rke (mm)<\/strong><\/p>\n<ul class=\"number_sec\">\n<li>200x58x1.5<br \/>\n250x58x1.5<\/li>\n<li>200x58x2.0<br \/>\n250x58x2.0<br \/>\n300x58x2.0<\/li>\n<li>200x58x2.5<br \/>\n250x58x2.5<br \/>\n300x58x2.5<\/li>\n<\/ul>\n<p><strong>L\u00e4nge (mm):<\/strong><br \/>\n600 bis 12000<br \/>\n<strong>Zwischengr\u00f6\u00dfen:<\/strong><br \/>\nSchnitt im Abstand von 60 mm<\/p>\n<div class=\"border_bottom_sec\"><strong>Material:<\/strong>Rohstahl St\u00e4rke 2,0; Sendzimirverzinkter Stahl; Feuerverzinkter Stahl St\u00e4rke 2,0; Cortenstahl St\u00e4rke 2,0; Edelstahl AISI 304 oder 316 St\u00e4rke 1,5 oder 2,0; Aluminiumlegierung 5754 H111 St\u00e4rke 2,5<\/div>\n<div class=\"border_bottom_sec\">\n<p><strong>Eigenschaften:<\/strong>Geriffelte Oberfl\u00e4che zur Versteifung des Profils; Die Noppen garantieren die rutschhemmende Wirkung, die 8 mm Lochung gew\u00e4hrleistet das Abflie\u00dfen von Niederschl\u00e4gen; F\u00fcr Fahrradbr\u00fccken und Laufstege, Behindertenrampen, Plattformen, Technikstege und Trittfl\u00e4chen geeignet; Rutschhemmungsklasse R10 DIN 51130; Rutschhemmungsklasse Corten R11 DIN 51130<\/p>\n<p><img decoding=\"async\" class=\"alignnone size-medium wp-image-4119\" src=\"https:\/\/www.abagrigliati.it\/de\/wp-content\/uploads\/sites\/3\/2021\/11\/r10-r11-de-300x105.png\" alt=\"\" width=\"300\" height=\"105\" srcset=\"https:\/\/www.abagrigliati.it\/de\/wp-content\/uploads\/sites\/3\/2021\/11\/r10-r11-de-300x105.png 300w, https:\/\/www.abagrigliati.it\/de\/wp-content\/uploads\/sites\/3\/2021\/11\/r10-r11-de-1024x358.png 1024w, https:\/\/www.abagrigliati.it\/de\/wp-content\/uploads\/sites\/3\/2021\/11\/r10-r11-de-768x269.png 768w, https:\/\/www.abagrigliati.it\/de\/wp-content\/uploads\/sites\/3\/2021\/11\/r10-r11-de-600x210.png 600w, https:\/\/www.abagrigliati.it\/de\/wp-content\/uploads\/sites\/3\/2021\/11\/r10-r11-de.png 1332w\" sizes=\"(max-width: 300px) 100vw, 300px\" \/><\/p>\n<\/div>\n","protected":false},"excerpt":{"rendered":"<p>PROFILE MIT GESCHLOSSENER UND GELOCHTER, GERIFFELTER OBERFL\u00c4CHE H58 P60 Verf\u00fcgbare Gr\u00f6\u00dfen: b x h x St\u00e4rke (mm) 200x58x1.5 250x58x1.5 200x58x2.0 250x58x2.0 300x58x2.0 200x58x2.5 250x58x2.5 300x58x2.5 L\u00e4nge (mm): 600 bis 12000 Zwischengr\u00f6\u00dfen: Schnitt im Abstand von 60 mm Material:Rohstahl St\u00e4rke 2,0; Sendzimirverzinkter Stahl; Feuerverzinkter Stahl St\u00e4rke 2,0; Cortenstahl St\u00e4rke 2,0; Edelstahl AISI 304 oder 316 St\u00e4rke&hellip; <a class=\"more-link\" href=\"https:\/\/www.abagrigliati.it\/de\/produkt\/profil-xf\/\"><span class=\"screen-reader-text\">Profil XF<\/span> weiterlesen<\/a><\/p>\n","protected":false},"featured_media":2373,"comment_status":"open","ping_status":"closed","template":"","meta":{"_acf_changed":false},"product_brand":[],"product_cat":[20,45],"product_tag":[],"class_list":{"0":"post-1369","1":"product","2":"type-product","3":"status-publish","4":"has-post-thumbnail","6":"product_cat-bodenbelaege","7":"product_cat-profile-mit-geschlossener-geriffelter-oberflaeche-p60","8":"entry","10":"first","11":"instock","12":"shipping-taxable","13":"product-type-simple"},"acf":[],"_links":{"self":[{"href":"https:\/\/www.abagrigliati.it\/de\/wp-json\/wp\/v2\/product\/1369","targetHints":{"allow":["GET"]}}],"collection":[{"href":"https:\/\/www.abagrigliati.it\/de\/wp-json\/wp\/v2\/product"}],"about":[{"href":"https:\/\/www.abagrigliati.it\/de\/wp-json\/wp\/v2\/types\/product"}],"replies":[{"embeddable":true,"href":"https:\/\/www.abagrigliati.it\/de\/wp-json\/wp\/v2\/comments?post=1369"}],"wp:featuredmedia":[{"embeddable":true,"href":"https:\/\/www.abagrigliati.it\/de\/wp-json\/wp\/v2\/media\/2373"}],"wp:attachment":[{"href":"https:\/\/www.abagrigliati.it\/de\/wp-json\/wp\/v2\/media?parent=1369"}],"wp:term":[{"taxonomy":"product_brand","embeddable":true,"href":"https:\/\/www.abagrigliati.it\/de\/wp-json\/wp\/v2\/product_brand?post=1369"},{"taxonomy":"product_cat","embeddable":true,"href":"https:\/\/www.abagrigliati.it\/de\/wp-json\/wp\/v2\/product_cat?post=1369"},{"taxonomy":"product_tag","embeddable":true,"href":"https:\/\/www.abagrigliati.it\/de\/wp-json\/wp\/v2\/product_tag?post=1369"}],"curies":[{"name":"wp","href":"https:\/\/api.w.org\/{rel}","templated":true}]}}