{"id":1372,"date":"2021-09-15T13:05:21","date_gmt":"2021-09-15T11:05:21","guid":{"rendered":"https:\/\/www.abagrigliati.it\/de\/?post_type=product&#038;p=1372"},"modified":"2022-11-25T12:33:46","modified_gmt":"2022-11-25T11:33:46","slug":"profil-pfr","status":"publish","type":"product","link":"https:\/\/www.abagrigliati.it\/de\/produkt\/profil-pfr\/","title":{"rendered":"Profil PFR"},"content":{"rendered":"<p>Profile f\u00fcr B\u00f6den H29<\/p>\n<p><strong>Verf\u00fcgbare Gr\u00f6\u00dfen: b x h x St\u00e4rke (mm)<\/strong><\/p>\n<ul class=\"number_sec\">\n<li>200x29x1,5<\/li>\n<li>200x29x2.0<\/li>\n<\/ul>\n<p><strong>L\u00e4nge (mm):<\/strong><\/p>\n<p>500 bis 6000<br \/>\n<strong>Zwischengr\u00f6\u00dfen:<\/strong><br \/>\nSchnitt im Abstand von 1 mm<\/p>\n<div class=\"border_bottom_sec\"><strong>Material:<\/strong>Rohstahl St\u00e4rke 2,0,  Sendzimirverzinkter Stahl, Feuerverzinkter Stahl St\u00e4rke 2,0<\/div>\n<div class=\"border_bottom_sec\">\n<p><strong>Eigenschaften:<\/strong>Hohe strukturelle Festigkeit; F\u00fcr Regalb\u00f6den geeignet;<\/p>\n<\/div>\n","protected":false},"excerpt":{"rendered":"<p>Profile f\u00fcr B\u00f6den H29 Verf\u00fcgbare Gr\u00f6\u00dfen: b x h x St\u00e4rke (mm) 200x29x1,5 200x29x2.0 L\u00e4nge (mm): 500 bis 6000 Zwischengr\u00f6\u00dfen: Schnitt im Abstand von 1 mm Material:Rohstahl St\u00e4rke 2,0, Sendzimirverzinkter Stahl, Feuerverzinkter Stahl St\u00e4rke 2,0 Eigenschaften:Hohe strukturelle Festigkeit; F\u00fcr Regalb\u00f6den geeignet;<\/p>\n","protected":false},"featured_media":2381,"comment_status":"open","ping_status":"closed","template":"","meta":{"_acf_changed":false},"product_brand":[],"product_cat":[46,20],"product_tag":[],"class_list":{"0":"post-1372","1":"product","2":"type-product","3":"status-publish","4":"has-post-thumbnail","6":"product_cat-profile-h29","7":"product_cat-bodenbelaege","8":"entry","10":"first","11":"instock","12":"shipping-taxable","13":"product-type-simple"},"acf":[],"yoast_head":"<!-- This site is optimized with the Yoast SEO plugin v27.3 - https:\/\/yoast.com\/product\/yoast-seo-wordpress\/ -->\n<title>Profil PFR - Abagrigliati DE<\/title>\n<meta name=\"robots\" content=\"index, follow, max-snippet:-1, max-image-preview:large, max-video-preview:-1\" \/>\n<link rel=\"canonical\" href=\"https:\/\/www.abagrigliati.it\/de\/produkt\/profil-pfr\/\" \/>\n<meta property=\"og:locale\" content=\"de_DE\" \/>\n<meta property=\"og:type\" content=\"article\" \/>\n<meta property=\"og:title\" content=\"Profil PFR - Abagrigliati DE\" \/>\n<meta property=\"og:description\" content=\"Profile f\u00fcr B\u00f6den H29 Verf\u00fcgbare Gr\u00f6\u00dfen: b x h x St\u00e4rke (mm) 200x29x1,5 200x29x2.0 L\u00e4nge (mm): 500 bis 6000 Zwischengr\u00f6\u00dfen: Schnitt im Abstand von 1 mm Material:Rohstahl St\u00e4rke 2,0, Sendzimirverzinkter Stahl, Feuerverzinkter Stahl St\u00e4rke 2,0 Eigenschaften:Hohe strukturelle Festigkeit; F\u00fcr Regalb\u00f6den geeignet;\" \/>\n<meta property=\"og:url\" content=\"https:\/\/www.abagrigliati.it\/de\/produkt\/profil-pfr\/\" \/>\n<meta property=\"og:site_name\" content=\"Abagrigliati DE\" \/>\n<meta property=\"article:modified_time\" content=\"2022-11-25T11:33:46+00:00\" \/>\n<meta property=\"og:image\" content=\"https:\/\/www.abagrigliati.it\/de\/wp-content\/uploads\/sites\/3\/2021\/11\/Profilo-H29-PFR.jpg\" \/>\n\t<meta property=\"og:image:width\" content=\"1000\" \/>\n\t<meta property=\"og:image:height\" content=\"1000\" \/>\n\t<meta property=\"og:image:type\" content=\"image\/jpeg\" \/>\n<meta name=\"twitter:card\" content=\"summary_large_image\" \/>\n<script type=\"application\/ld+json\" class=\"yoast-schema-graph\">{\"@context\":\"https:\\\/\\\/schema.org\",\"@graph\":[{\"@type\":\"WebPage\",\"@id\":\"https:\\\/\\\/www.abagrigliati.it\\\/de\\\/produkt\\\/profil-pfr\\\/\",\"url\":\"https:\\\/\\\/www.abagrigliati.it\\\/de\\\/produkt\\\/profil-pfr\\\/\",\"name\":\"Profil PFR - Abagrigliati DE\",\"isPartOf\":{\"@id\":\"https:\\\/\\\/www.abagrigliati.it\\\/de\\\/#website\"},\"primaryImageOfPage\":{\"@id\":\"https:\\\/\\\/www.abagrigliati.it\\\/de\\\/produkt\\\/profil-pfr\\\/#primaryimage\"},\"image\":{\"@id\":\"https:\\\/\\\/www.abagrigliati.it\\\/de\\\/produkt\\\/profil-pfr\\\/#primaryimage\"},\"thumbnailUrl\":\"https:\\\/\\\/www.abagrigliati.it\\\/de\\\/wp-content\\\/uploads\\\/sites\\\/3\\\/2021\\\/11\\\/Profilo-H29-PFR.jpg\",\"datePublished\":\"2021-09-15T11:05:21+00:00\",\"dateModified\":\"2022-11-25T11:33:46+00:00\",\"breadcrumb\":{\"@id\":\"https:\\\/\\\/www.abagrigliati.it\\\/de\\\/produkt\\\/profil-pfr\\\/#breadcrumb\"},\"inLanguage\":\"de\",\"potentialAction\":[{\"@type\":\"ReadAction\",\"target\":[\"https:\\\/\\\/www.abagrigliati.it\\\/de\\\/produkt\\\/profil-pfr\\\/\"]}]},{\"@type\":\"ImageObject\",\"inLanguage\":\"de\",\"@id\":\"https:\\\/\\\/www.abagrigliati.it\\\/de\\\/produkt\\\/profil-pfr\\\/#primaryimage\",\"url\":\"https:\\\/\\\/www.abagrigliati.it\\\/de\\\/wp-content\\\/uploads\\\/sites\\\/3\\\/2021\\\/11\\\/Profilo-H29-PFR.jpg\",\"contentUrl\":\"https:\\\/\\\/www.abagrigliati.it\\\/de\\\/wp-content\\\/uploads\\\/sites\\\/3\\\/2021\\\/11\\\/Profilo-H29-PFR.jpg\",\"width\":1000,\"height\":1000},{\"@type\":\"BreadcrumbList\",\"@id\":\"https:\\\/\\\/www.abagrigliati.it\\\/de\\\/produkt\\\/profil-pfr\\\/#breadcrumb\",\"itemListElement\":[{\"@type\":\"ListItem\",\"position\":1,\"name\":\"Home\",\"item\":\"https:\\\/\\\/www.abagrigliati.it\\\/de\\\/\"},{\"@type\":\"ListItem\",\"position\":2,\"name\":\"Shop\",\"item\":\"https:\\\/\\\/www.abagrigliati.it\\\/de\\\/negozio\\\/\"},{\"@type\":\"ListItem\",\"position\":3,\"name\":\"Profil PFR\"}]},{\"@type\":\"WebSite\",\"@id\":\"https:\\\/\\\/www.abagrigliati.it\\\/de\\\/#website\",\"url\":\"https:\\\/\\\/www.abagrigliati.it\\\/de\\\/\",\"name\":\"Abagrigliati DE\",\"description\":\"\",\"publisher\":{\"@id\":\"https:\\\/\\\/www.abagrigliati.it\\\/de\\\/#organization\"},\"potentialAction\":[{\"@type\":\"SearchAction\",\"target\":{\"@type\":\"EntryPoint\",\"urlTemplate\":\"https:\\\/\\\/www.abagrigliati.it\\\/de\\\/?s={search_term_string}\"},\"query-input\":{\"@type\":\"PropertyValueSpecification\",\"valueRequired\":true,\"valueName\":\"search_term_string\"}}],\"inLanguage\":\"de\"},{\"@type\":\"Organization\",\"@id\":\"https:\\\/\\\/www.abagrigliati.it\\\/de\\\/#organization\",\"name\":\"Abagrigliati DE\",\"url\":\"https:\\\/\\\/www.abagrigliati.it\\\/de\\\/\",\"logo\":{\"@type\":\"ImageObject\",\"inLanguage\":\"de\",\"@id\":\"https:\\\/\\\/www.abagrigliati.it\\\/de\\\/#\\\/schema\\\/logo\\\/image\\\/\",\"url\":\"https:\\\/\\\/www.abagrigliati.it\\\/de\\\/wp-content\\\/uploads\\\/sites\\\/3\\\/2022\\\/01\\\/LogoABAGriglaiti.svg\",\"contentUrl\":\"https:\\\/\\\/www.abagrigliati.it\\\/de\\\/wp-content\\\/uploads\\\/sites\\\/3\\\/2022\\\/01\\\/LogoABAGriglaiti.svg\",\"width\":223,\"height\":50,\"caption\":\"Abagrigliati DE\"},\"image\":{\"@id\":\"https:\\\/\\\/www.abagrigliati.it\\\/de\\\/#\\\/schema\\\/logo\\\/image\\\/\"}}]}<\/script>\n<!-- \/ Yoast SEO plugin. -->","yoast_head_json":{"title":"Profil PFR - Abagrigliati DE","robots":{"index":"index","follow":"follow","max-snippet":"max-snippet:-1","max-image-preview":"max-image-preview:large","max-video-preview":"max-video-preview:-1"},"canonical":"https:\/\/www.abagrigliati.it\/de\/produkt\/profil-pfr\/","og_locale":"de_DE","og_type":"article","og_title":"Profil PFR - Abagrigliati DE","og_description":"Profile f\u00fcr B\u00f6den H29 Verf\u00fcgbare Gr\u00f6\u00dfen: b x h x St\u00e4rke (mm) 200x29x1,5 200x29x2.0 L\u00e4nge (mm): 500 bis 6000 Zwischengr\u00f6\u00dfen: Schnitt im Abstand von 1 mm Material:Rohstahl St\u00e4rke 2,0, Sendzimirverzinkter Stahl, Feuerverzinkter Stahl St\u00e4rke 2,0 Eigenschaften:Hohe strukturelle Festigkeit; F\u00fcr Regalb\u00f6den geeignet;","og_url":"https:\/\/www.abagrigliati.it\/de\/produkt\/profil-pfr\/","og_site_name":"Abagrigliati DE","article_modified_time":"2022-11-25T11:33:46+00:00","og_image":[{"width":1000,"height":1000,"url":"https:\/\/www.abagrigliati.it\/de\/wp-content\/uploads\/sites\/3\/2021\/11\/Profilo-H29-PFR.jpg","type":"image\/jpeg"}],"twitter_card":"summary_large_image","schema":{"@context":"https:\/\/schema.org","@graph":[{"@type":"WebPage","@id":"https:\/\/www.abagrigliati.it\/de\/produkt\/profil-pfr\/","url":"https:\/\/www.abagrigliati.it\/de\/produkt\/profil-pfr\/","name":"Profil PFR - Abagrigliati DE","isPartOf":{"@id":"https:\/\/www.abagrigliati.it\/de\/#website"},"primaryImageOfPage":{"@id":"https:\/\/www.abagrigliati.it\/de\/produkt\/profil-pfr\/#primaryimage"},"image":{"@id":"https:\/\/www.abagrigliati.it\/de\/produkt\/profil-pfr\/#primaryimage"},"thumbnailUrl":"https:\/\/www.abagrigliati.it\/de\/wp-content\/uploads\/sites\/3\/2021\/11\/Profilo-H29-PFR.jpg","datePublished":"2021-09-15T11:05:21+00:00","dateModified":"2022-11-25T11:33:46+00:00","breadcrumb":{"@id":"https:\/\/www.abagrigliati.it\/de\/produkt\/profil-pfr\/#breadcrumb"},"inLanguage":"de","potentialAction":[{"@type":"ReadAction","target":["https:\/\/www.abagrigliati.it\/de\/produkt\/profil-pfr\/"]}]},{"@type":"ImageObject","inLanguage":"de","@id":"https:\/\/www.abagrigliati.it\/de\/produkt\/profil-pfr\/#primaryimage","url":"https:\/\/www.abagrigliati.it\/de\/wp-content\/uploads\/sites\/3\/2021\/11\/Profilo-H29-PFR.jpg","contentUrl":"https:\/\/www.abagrigliati.it\/de\/wp-content\/uploads\/sites\/3\/2021\/11\/Profilo-H29-PFR.jpg","width":1000,"height":1000},{"@type":"BreadcrumbList","@id":"https:\/\/www.abagrigliati.it\/de\/produkt\/profil-pfr\/#breadcrumb","itemListElement":[{"@type":"ListItem","position":1,"name":"Home","item":"https:\/\/www.abagrigliati.it\/de\/"},{"@type":"ListItem","position":2,"name":"Shop","item":"https:\/\/www.abagrigliati.it\/de\/negozio\/"},{"@type":"ListItem","position":3,"name":"Profil PFR"}]},{"@type":"WebSite","@id":"https:\/\/www.abagrigliati.it\/de\/#website","url":"https:\/\/www.abagrigliati.it\/de\/","name":"Abagrigliati DE","description":"","publisher":{"@id":"https:\/\/www.abagrigliati.it\/de\/#organization"},"potentialAction":[{"@type":"SearchAction","target":{"@type":"EntryPoint","urlTemplate":"https:\/\/www.abagrigliati.it\/de\/?s={search_term_string}"},"query-input":{"@type":"PropertyValueSpecification","valueRequired":true,"valueName":"search_term_string"}}],"inLanguage":"de"},{"@type":"Organization","@id":"https:\/\/www.abagrigliati.it\/de\/#organization","name":"Abagrigliati DE","url":"https:\/\/www.abagrigliati.it\/de\/","logo":{"@type":"ImageObject","inLanguage":"de","@id":"https:\/\/www.abagrigliati.it\/de\/#\/schema\/logo\/image\/","url":"https:\/\/www.abagrigliati.it\/de\/wp-content\/uploads\/sites\/3\/2022\/01\/LogoABAGriglaiti.svg","contentUrl":"https:\/\/www.abagrigliati.it\/de\/wp-content\/uploads\/sites\/3\/2022\/01\/LogoABAGriglaiti.svg","width":223,"height":50,"caption":"Abagrigliati DE"},"image":{"@id":"https:\/\/www.abagrigliati.it\/de\/#\/schema\/logo\/image\/"}}]}},"_links":{"self":[{"href":"https:\/\/www.abagrigliati.it\/de\/wp-json\/wp\/v2\/product\/1372","targetHints":{"allow":["GET"]}}],"collection":[{"href":"https:\/\/www.abagrigliati.it\/de\/wp-json\/wp\/v2\/product"}],"about":[{"href":"https:\/\/www.abagrigliati.it\/de\/wp-json\/wp\/v2\/types\/product"}],"replies":[{"embeddable":true,"href":"https:\/\/www.abagrigliati.it\/de\/wp-json\/wp\/v2\/comments?post=1372"}],"wp:featuredmedia":[{"embeddable":true,"href":"https:\/\/www.abagrigliati.it\/de\/wp-json\/wp\/v2\/media\/2381"}],"wp:attachment":[{"href":"https:\/\/www.abagrigliati.it\/de\/wp-json\/wp\/v2\/media?parent=1372"}],"wp:term":[{"taxonomy":"product_brand","embeddable":true,"href":"https:\/\/www.abagrigliati.it\/de\/wp-json\/wp\/v2\/product_brand?post=1372"},{"taxonomy":"product_cat","embeddable":true,"href":"https:\/\/www.abagrigliati.it\/de\/wp-json\/wp\/v2\/product_cat?post=1372"},{"taxonomy":"product_tag","embeddable":true,"href":"https:\/\/www.abagrigliati.it\/de\/wp-json\/wp\/v2\/product_tag?post=1372"}],"curies":[{"name":"wp","href":"https:\/\/api.w.org\/{rel}","templated":true}]}}