{"id":2638,"date":"2021-12-23T01:31:49","date_gmt":"2021-12-23T00:31:49","guid":{"rendered":"https:\/\/www.abagrigliati.it\/de\/?post_type=product&#038;p=2638"},"modified":"2023-10-16T11:37:59","modified_gmt":"2023-10-16T09:37:59","slug":"stufe-glb","status":"publish","type":"product","link":"https:\/\/www.abagrigliati.it\/de\/produkt\/stufe-glb\/","title":{"rendered":"Stufe GLB"},"content":{"rendered":"<p>TREPPENSTUFEN MIT GESCHLOSSENER, GERIFFELTER OBERFL\u00c4CHE H58 P50 P60<\/p>\n<p><strong>Verf\u00fcgbare Gr\u00f6\u00dfen: b x h x St\u00e4rke (mm)<\/strong><\/p>\n<ul class=\"number_sec\">\n<li>325x58x2.0<\/li>\n<li>325x58x2.5<\/li>\n<\/ul>\n<p><strong>L\u00e4nge (mm):<\/strong><br \/>\n600 bis 6000<br \/>\n<strong>Zwischengr\u00f6\u00dfen:<\/strong><br \/>\nSchnitt im Abstand von 60 mm<\/p>\n<div class=\"border_bottom_sec\"><strong>Material:<\/strong>Rohstahl; Sendzimirverzinkter Stahl; Feuerverzinkter Stahl<\/div>\n<div class=\"border_bottom_sec\">\n<p><strong>Eigenschaften:<\/strong>Gelochte Oberfl\u00e4che; Die Lochung mit W\u00f6lbung nach oben garantiert die rutschhemmende Wirkung, die W\u00f6lbung nach unten erleichtert das Abflie\u00dfen von Niederschl\u00e4gen; F\u00fcr Fahrradbr\u00fccken und Laufstege, Behindertenrampen, Plattformen, Technikstege und Trittfl\u00e4chen geeignet; Rutschhemmungsklasse R12 DIN 51130<\/p>\n<p><img decoding=\"async\" class=\"alignnone size-medium wp-image-4117\" src=\"https:\/\/www.abagrigliati.it\/de\/wp-content\/uploads\/sites\/3\/2021\/11\/r12-de-300x67.png\" alt=\"\" width=\"300\" height=\"67\" srcset=\"https:\/\/www.abagrigliati.it\/de\/wp-content\/uploads\/sites\/3\/2021\/11\/r12-de-300x67.png 300w, https:\/\/www.abagrigliati.it\/de\/wp-content\/uploads\/sites\/3\/2021\/11\/r12-de-1024x227.png 1024w, https:\/\/www.abagrigliati.it\/de\/wp-content\/uploads\/sites\/3\/2021\/11\/r12-de-768x171.png 768w, https:\/\/www.abagrigliati.it\/de\/wp-content\/uploads\/sites\/3\/2021\/11\/r12-de-600x133.png 600w, https:\/\/www.abagrigliati.it\/de\/wp-content\/uploads\/sites\/3\/2021\/11\/r12-de.png 1144w\" sizes=\"(max-width: 300px) 100vw, 300px\" \/><\/p>\n<\/div>\n","protected":false},"excerpt":{"rendered":"<p>TREPPENSTUFEN MIT GESCHLOSSENER, GERIFFELTER OBERFL\u00c4CHE H58 P50 P60 Verf\u00fcgbare Gr\u00f6\u00dfen: b x h x St\u00e4rke (mm) 325x58x2.0 325x58x2.5 L\u00e4nge (mm): 600 bis 6000 Zwischengr\u00f6\u00dfen: Schnitt im Abstand von 60 mm Material:Rohstahl; Sendzimirverzinkter Stahl; Feuerverzinkter Stahl Eigenschaften:Gelochte Oberfl\u00e4che; Die Lochung mit W\u00f6lbung nach oben garantiert die rutschhemmende Wirkung, die W\u00f6lbung nach unten erleichtert das Abflie\u00dfen von&hellip; <a class=\"more-link\" href=\"https:\/\/www.abagrigliati.it\/de\/produkt\/stufe-glb\/\"><span class=\"screen-reader-text\">Stufe GLB<\/span> weiterlesen<\/a><\/p>\n","protected":false},"featured_media":2639,"comment_status":"open","ping_status":"closed","template":"","meta":{"_acf_changed":false},"product_brand":[],"product_cat":[57,48],"product_tag":[],"class_list":{"0":"post-2638","1":"product","2":"type-product","3":"status-publish","4":"has-post-thumbnail","6":"product_cat-treppenstufen-mit-geschlossener-geriffelter-oberflaeche-p60","7":"product_cat-treppenstufen","8":"entry","10":"first","11":"instock","12":"shipping-taxable","13":"product-type-simple"},"acf":[],"_links":{"self":[{"href":"https:\/\/www.abagrigliati.it\/de\/wp-json\/wp\/v2\/product\/2638","targetHints":{"allow":["GET"]}}],"collection":[{"href":"https:\/\/www.abagrigliati.it\/de\/wp-json\/wp\/v2\/product"}],"about":[{"href":"https:\/\/www.abagrigliati.it\/de\/wp-json\/wp\/v2\/types\/product"}],"replies":[{"embeddable":true,"href":"https:\/\/www.abagrigliati.it\/de\/wp-json\/wp\/v2\/comments?post=2638"}],"wp:featuredmedia":[{"embeddable":true,"href":"https:\/\/www.abagrigliati.it\/de\/wp-json\/wp\/v2\/media\/2639"}],"wp:attachment":[{"href":"https:\/\/www.abagrigliati.it\/de\/wp-json\/wp\/v2\/media?parent=2638"}],"wp:term":[{"taxonomy":"product_brand","embeddable":true,"href":"https:\/\/www.abagrigliati.it\/de\/wp-json\/wp\/v2\/product_brand?post=2638"},{"taxonomy":"product_cat","embeddable":true,"href":"https:\/\/www.abagrigliati.it\/de\/wp-json\/wp\/v2\/product_cat?post=2638"},{"taxonomy":"product_tag","embeddable":true,"href":"https:\/\/www.abagrigliati.it\/de\/wp-json\/wp\/v2\/product_tag?post=2638"}],"curies":[{"name":"wp","href":"https:\/\/api.w.org\/{rel}","templated":true}]}}