{"id":1857,"date":"2021-11-18T07:29:42","date_gmt":"2021-11-18T06:29:42","guid":{"rendered":"https:\/\/www.abagrigliati.it\/es\/?page_id=1857"},"modified":"2022-07-28T15:31:11","modified_gmt":"2022-07-28T13:31:11","slug":"gracias-newsletter","status":"publish","type":"page","link":"https:\/\/www.abagrigliati.it\/es\/contactos\/gracias-newsletter\/","title":{"rendered":"Gracias Newsletter"},"content":{"rendered":"\t\t<div data-elementor-type=\"wp-page\" data-elementor-id=\"1857\" class=\"elementor elementor-1857\" data-elementor-post-type=\"page\">\n\t\t\t\t\t\t<section class=\"elementor-section elementor-top-section elementor-element elementor-element-e749442 elementor-section-boxed elementor-section-height-default elementor-section-height-default\" data-id=\"e749442\" data-element_type=\"section\" data-e-type=\"section\">\n\t\t\t\t\t\t<div class=\"elementor-container elementor-column-gap-default\">\n\t\t\t\t\t<div class=\"elementor-column elementor-col-100 elementor-top-column elementor-element elementor-element-83bf591\" data-id=\"83bf591\" data-element_type=\"column\" data-e-type=\"column\">\n\t\t\t<div class=\"elementor-widget-wrap elementor-element-populated\">\n\t\t\t\t\t\t<div class=\"elementor-element elementor-element-2434d68 elementor-widget elementor-widget-shortcode\" data-id=\"2434d68\" data-element_type=\"widget\" data-e-type=\"widget\" data-widget_type=\"shortcode.default\">\n\t\t\t\t<div class=\"elementor-widget-container\">\n\t\t\t\t\t\t\t<div class=\"elementor-shortcode\">\n<div class=\"breadcrumbs\">\n    <a href=\"https:\/\/www.abagrigliati.it\/es\">Home Page<\/a> \n      \n<a href=\"https:\/\/www.abagrigliati.it\/es\/contactos\/\">\n\t  |  Contactos<\/a> \n\n\n<!--?php echo ''. get_the_category( $id )[0]->name .'';?-->\n\n<label>><\/label>  <b> Gracias Newsletter<\/b> \n  \n<\/div>\n<\/div>\n\t\t\t\t\t\t<\/div>\n\t\t\t\t<\/div>\n\t\t\t\t\t<\/div>\n\t\t<\/div>\n\t\t\t\t\t<\/div>\n\t\t<\/section>\n\t\t\t\t<section class=\"elementor-section elementor-top-section elementor-element elementor-element-9d18def thanking-you-sec elementor-section-boxed elementor-section-height-default elementor-section-height-default\" data-id=\"9d18def\" data-element_type=\"section\" data-e-type=\"section\">\n\t\t\t\t\t\t<div class=\"elementor-container elementor-column-gap-default\">\n\t\t\t\t\t<div class=\"elementor-column elementor-col-100 elementor-top-column elementor-element elementor-element-89e23da thank_main_sec\" data-id=\"89e23da\" data-element_type=\"column\" data-e-type=\"column\">\n\t\t\t<div class=\"elementor-widget-wrap elementor-element-populated\">\n\t\t\t\t\t\t<div class=\"elementor-element elementor-element-0b4c983 thank-you-page elementor-widget elementor-widget-heading\" data-id=\"0b4c983\" data-element_type=\"widget\" data-e-type=\"widget\" data-widget_type=\"heading.default\">\n\t\t\t\t<div class=\"elementor-widget-container\">\n\t\t\t\t\t<h1 class=\"elementor-heading-title elementor-size-default\">GRACIAS POR SUSCRIBIRSE A NUESTRO BOLET\u00cdN INFORMATIVO<\/h1>\t\t\t\t<\/div>\n\t\t\t\t<\/div>\n\t\t\t\t<div class=\"elementor-element elementor-element-05e7950 thank-you-page elementor-widget elementor-widget-text-editor\" data-id=\"05e7950\" data-element_type=\"widget\" data-e-type=\"widget\" data-widget_type=\"text-editor.default\">\n\t\t\t\t<div class=\"elementor-widget-container\">\n\t\t\t\t\t\t\t\t\t<p>Recibir\u00e1 un correo electr\u00f3nico de confirmaci\u00f3n, tambi\u00e9n verifique la carpeta de correo no deseado.<\/p>\t\t\t\t\t\t\t\t<\/div>\n\t\t\t\t<\/div>\n\t\t\t\t<div class=\"elementor-element elementor-element-b071e17 thank-you-page elementor-widget elementor-widget-html\" data-id=\"b071e17\" data-element_type=\"widget\" data-e-type=\"widget\" data-widget_type=\"html.default\">\n\t\t\t\t<div class=\"elementor-widget-container\">\n\t\t\t\t\t <a href=\"https:\/\/www.abagrigliati.it\/es\/\"><i class=\"fa fa-angle-left\" aria-hidden=\"true\"><\/i> Volver a la p\u00e1gina de inicio<\/a>\t\t\t\t<\/div>\n\t\t\t\t<\/div>\n\t\t\t\t\t<\/div>\n\t\t<\/div>\n\t\t\t\t\t<\/div>\n\t\t<\/section>\n\t\t\t\t<\/div>\n\t\t","protected":false},"excerpt":{"rendered":"<p>GRACIAS POR SUSCRIBIRSE A NUESTRO BOLET\u00cdN INFORMATIVO Recibir\u00e1 un correo electr\u00f3nico de confirmaci\u00f3n, tambi\u00e9n verifique la carpeta de correo no deseado. Volver a la p\u00e1gina de inicio<\/p>\n","protected":false},"author":2,"featured_media":0,"parent":485,"menu_order":0,"comment_status":"closed","ping_status":"closed","template":"","meta":{"_acf_changed":false,"footnotes":""},"class_list":["post-1857","page","type-page","status-publish","hentry","entry"],"acf":[],"_links":{"self":[{"href":"https:\/\/www.abagrigliati.it\/es\/wp-json\/wp\/v2\/pages\/1857","targetHints":{"allow":["GET"]}}],"collection":[{"href":"https:\/\/www.abagrigliati.it\/es\/wp-json\/wp\/v2\/pages"}],"about":[{"href":"https:\/\/www.abagrigliati.it\/es\/wp-json\/wp\/v2\/types\/page"}],"author":[{"embeddable":true,"href":"https:\/\/www.abagrigliati.it\/es\/wp-json\/wp\/v2\/users\/2"}],"replies":[{"embeddable":true,"href":"https:\/\/www.abagrigliati.it\/es\/wp-json\/wp\/v2\/comments?post=1857"}],"version-history":[{"count":24,"href":"https:\/\/www.abagrigliati.it\/es\/wp-json\/wp\/v2\/pages\/1857\/revisions"}],"predecessor-version":[{"id":3686,"href":"https:\/\/www.abagrigliati.it\/es\/wp-json\/wp\/v2\/pages\/1857\/revisions\/3686"}],"up":[{"embeddable":true,"href":"https:\/\/www.abagrigliati.it\/es\/wp-json\/wp\/v2\/pages\/485"}],"wp:attachment":[{"href":"https:\/\/www.abagrigliati.it\/es\/wp-json\/wp\/v2\/media?parent=1857"}],"curies":[{"name":"wp","href":"https:\/\/api.w.org\/{rel}","templated":true}]}}