{"id":483,"date":"2021-11-09T13:40:55","date_gmt":"2021-11-09T12:40:55","guid":{"rendered":"https:\/\/www.abagrigliati.it\/es\/?page_id=483"},"modified":"2023-07-27T11:50:11","modified_gmt":"2023-07-27T09:50:11","slug":"blog","status":"publish","type":"page","link":"https:\/\/www.abagrigliati.it\/es\/blog\/","title":{"rendered":"Blog"},"content":{"rendered":"\t\t<div data-elementor-type=\"wp-page\" data-elementor-id=\"483\" class=\"elementor elementor-483\" data-elementor-post-type=\"page\">\n\t\t\t\t\t\t<section class=\"elementor-section elementor-top-section elementor-element elementor-element-6720702 elementor-section-boxed elementor-section-height-default elementor-section-height-default\" data-id=\"6720702\" data-element_type=\"section\" data-e-type=\"section\">\n\t\t\t\t\t\t<div class=\"elementor-container elementor-column-gap-default\">\n\t\t\t\t\t<div class=\"elementor-column elementor-col-100 elementor-top-column elementor-element elementor-element-42c7356\" data-id=\"42c7356\" data-element_type=\"column\" data-e-type=\"column\">\n\t\t\t<div class=\"elementor-widget-wrap elementor-element-populated\">\n\t\t\t\t\t\t<div class=\"elementor-element elementor-element-b63fcbb elementor-widget elementor-widget-shortcode\" data-id=\"b63fcbb\" data-element_type=\"widget\" data-e-type=\"widget\" data-widget_type=\"shortcode.default\">\n\t\t\t\t<div class=\"elementor-widget-container\">\n\t\t\t\t\t\t\t<div class=\"elementor-shortcode\">\n<div class=\"breadcrumbs\">\n    <a href=\"https:\/\/www.abagrigliati.it\/es\">Home Page<\/a> \n   <\/a> \n\n\n<!--?php echo ''. get_the_category( $id )[0]->name .'';?-->\n\n<label>><\/label>  <b> Blog<\/b> \n  \n<\/div>\n<\/div>\n\t\t\t\t\t\t<\/div>\n\t\t\t\t<\/div>\n\t\t\t\t\t<\/div>\n\t\t<\/div>\n\t\t\t\t\t<\/div>\n\t\t<\/section>\n\t\t\t\t<section class=\"elementor-section elementor-top-section elementor-element elementor-element-c6daf49 cont_inner_sec elementor-section-boxed elementor-section-height-default elementor-section-height-default\" data-id=\"c6daf49\" data-element_type=\"section\" data-e-type=\"section\">\n\t\t\t\t\t\t<div class=\"elementor-container elementor-column-gap-default\">\n\t\t\t\t\t<div class=\"elementor-column elementor-col-100 elementor-top-column elementor-element elementor-element-ed4cc00\" data-id=\"ed4cc00\" data-element_type=\"column\" data-e-type=\"column\">\n\t\t\t<div class=\"elementor-widget-wrap elementor-element-populated\">\n\t\t\t\t\t\t<div class=\"elementor-element elementor-element-9ad2980 main_inner_title elementor-widget elementor-widget-heading\" data-id=\"9ad2980\" data-element_type=\"widget\" data-e-type=\"widget\" data-widget_type=\"heading.default\">\n\t\t\t\t<div class=\"elementor-widget-container\">\n\t\t\t\t\t<h1 class=\"elementor-heading-title elementor-size-default\">Blog<\/h1>\t\t\t\t<\/div>\n\t\t\t\t<\/div>\n\t\t\t\t\t<\/div>\n\t\t<\/div>\n\t\t\t\t\t<\/div>\n\t\t<\/section>\n\t\t\t\t<section class=\"elementor-section elementor-top-section elementor-element elementor-element-e112fb5 inner_space elementor-section-boxed elementor-section-height-default elementor-section-height-default\" data-id=\"e112fb5\" data-element_type=\"section\" data-e-type=\"section\">\n\t\t\t\t\t\t<div class=\"elementor-container elementor-column-gap-default\">\n\t\t\t\t\t<div class=\"elementor-column elementor-col-33 elementor-top-column elementor-element elementor-element-1f3ddef\" data-id=\"1f3ddef\" data-element_type=\"column\" data-e-type=\"column\">\n\t\t\t<div class=\"elementor-widget-wrap elementor-element-populated\">\n\t\t\t\t\t\t<div class=\"elementor-element elementor-element-69ec7bb Categorie-main_sec elementor-hidden-mobile elementor-widget elementor-widget-heading\" data-id=\"69ec7bb\" data-element_type=\"widget\" data-e-type=\"widget\" data-widget_type=\"heading.default\">\n\t\t\t\t<div class=\"elementor-widget-container\">\n\t\t\t\t\t<h6 class=\"elementor-heading-title elementor-size-default\">Categorie<\/h6>\t\t\t\t<\/div>\n\t\t\t\t<\/div>\n\t\t\t\t<div class=\"elementor-element elementor-element-be2ef7c abc_sec elementor-widget elementor-widget-heading\" data-id=\"be2ef7c\" data-element_type=\"widget\" data-e-type=\"widget\" data-widget_type=\"heading.default\">\n\t\t\t\t<div class=\"elementor-widget-container\">\n\t\t\t\t\t<div class=\"elementor-heading-title elementor-size-default\">Filtra per<\/div>\t\t\t\t<\/div>\n\t\t\t\t<\/div>\n\t\t\t\t<div class=\"elementor-element elementor-element-ce92ef4 blog-mobile-dropdown elementor-widget elementor-widget-shortcode\" data-id=\"ce92ef4\" data-element_type=\"widget\" data-e-type=\"widget\" data-widget_type=\"shortcode.default\">\n\t\t\t\t<div class=\"elementor-widget-container\">\n\t\t\t\t\t\t\t<div class=\"elementor-shortcode\"><ul class=\"toc-odd  nav-filter\" id=\"sel-option\">\n                       \t\t\t\t\t   \n\t\t\t\t\t   \n                        \t\t\t\t\t\t\t\t\t\t\t\t\n                            <li class=\" wbc-cat-filter-li\">\n                               <a class=\"active-23\" href=\"https:\/\/www.abagrigliati.it\/es\/blog\/category\/historial\/\"  data-term=\"historial\" data-page=\"1\">\n                               Historial                               <\/a>\n                                                            <\/li>\n                                                    \t\t\t\t\t\t\t\t\t\t\t\t\n                            <li class=\" wbc-cat-filter-li\">\n                               <a class=\"active-24\" href=\"https:\/\/www.abagrigliati.it\/es\/blog\/category\/corporativo\/\"  data-term=\"corporativo\" data-page=\"1\">\n                               Corporativo                               <\/a>\n                                                            <\/li>\n                                                    \t\t\t\t\t\t\t\t\t\t\t\t\n                            <li class=\" wbc-cat-filter-li\">\n                               <a class=\"active-25\" href=\"https:\/\/www.abagrigliati.it\/es\/blog\/category\/industria\/\"  data-term=\"industria\" data-page=\"1\">\n                               Industria                               <\/a>\n                                                            <\/li>\n                                                    \t\t\t\t\t\t\t\t\t\t\t\t\n                            <li class=\" wbc-cat-filter-li\">\n                               <a class=\"active-26\" href=\"https:\/\/www.abagrigliati.it\/es\/blog\/category\/construccion-y-carpinteria\/\"  data-term=\"construccion-y-carpinteria\" data-page=\"1\">\n                               Construcci\u00f3n y carpinter\u00eda                               <\/a>\n                                                            <\/li>\n                                                    \t\t\t\t\t\t\t\t\t\t\t\t\n                            <li class=\" wbc-cat-filter-li\">\n                               <a class=\"active-27\" href=\"https:\/\/www.abagrigliati.it\/es\/blog\/category\/ingenieria-civil\/\"  data-term=\"ingenieria-civil\" data-page=\"1\">\n                               Ingenier\u00eda civil                               <\/a>\n                                                            <\/li>\n                                                    \t\t\t\t\t\t\t\t\t\t\t\t\n                            <li class=\" wbc-cat-filter-li\">\n                               <a class=\"active-28\" href=\"https:\/\/www.abagrigliati.it\/es\/blog\/category\/almacen-y-deposito\/\"  data-term=\"almacen-y-deposito\" data-page=\"1\">\n                               Almac\u00e9n y dep\u00f3sito                               <\/a>\n                                                            <\/li>\n                                                                        <\/ul>\n<\/div>\n\t\t\t\t\t\t<\/div>\n\t\t\t\t<\/div>\n\t\t\t\t\t<\/div>\n\t\t<\/div>\n\t\t\t\t<div class=\"elementor-column elementor-col-66 elementor-top-column elementor-element elementor-element-77b80f1\" data-id=\"77b80f1\" data-element_type=\"column\" data-e-type=\"column\">\n\t\t\t<div class=\"elementor-widget-wrap elementor-element-populated\">\n\t\t\t\t\t\t<div class=\"elementor-element elementor-element-a35bb05 elementor-widget elementor-widget-shortcode\" data-id=\"a35bb05\" data-element_type=\"widget\" data-e-type=\"widget\" data-widget_type=\"shortcode.default\">\n\t\t\t\t<div class=\"elementor-widget-container\">\n\t\t\t\t\t\t\t<div class=\"elementor-shortcode\">\t<div class=\"blog-page-outer blog-posts-outer\">\n\t\t\t\t<div class=\"blog-post-box\">\n\t\t<a href=\"https:\/\/www.abagrigliati.it\/es\/blog\/el-tramex-de-acero-para-instalaciones-industriales\/\">\n\t\t<div class=\"blog-post-image\">\n\t\t<img decoding=\"async\" src=\"https:\/\/www.abagrigliati.it\/es\/wp-content\/uploads\/sites\/5\/2026\/04\/prodotti-big__cat-01-profili-bugnati-chiusi-50-copy.png\">\n\t\t<\/div>\n\t\t<span>\n\t\t<i class=\"fa fa-calendar\" aria-hidden=\"true\"><\/i>08 Abr 2026\t\t<\/span>\n\t\t\n\t\t<span class=\"cat_sec\">\n\t\t<i class=\"fa fa-tag\" aria-hidden=\"true\"><\/i> Construcci\u00f3n y carpinter\u00eda    \n\t\t<\/span>\n\t\t\n\t\t\n\t\t<h4 class=\"blog-box-heading\">Tramex de acero para la industria: cu\u00e1ndo elegirlo<\/h4>\n\t\t\n\t\t<p>\n\t\tTiempo de lectura: 6 minutos En este art\u00edculo analizaremos uno de los problemas m\u00e1s subestimados en el dise\u00f1o industrial: la...<\/p><div class=\"bttn-arrow\">\n            \n        <!-- TRADUZIONE   1 = it, 2 = en, 3 = de, 4 = fr, 5 = es  -->\n\n                                                Lee mas\n\n                                        <\/div><\/a><\/div>\t\t<div class=\"blog-post-box\">\n\t\t<a href=\"https:\/\/www.abagrigliati.it\/es\/blog\/rejillas-metalicas\/\">\n\t\t<div class=\"blog-post-image\">\n\t\t<img decoding=\"async\" src=\"https:\/\/www.abagrigliati.it\/es\/wp-content\/uploads\/sites\/5\/2026\/03\/01-industria-soppalchi.jpg\">\n\t\t<\/div>\n\t\t<span>\n\t\t<i class=\"fa fa-calendar\" aria-hidden=\"true\"><\/i>25 Mar 2026\t\t<\/span>\n\t\t\n\t\t<span class=\"cat_sec\">\n\t\t<i class=\"fa fa-tag\" aria-hidden=\"true\"><\/i> Industria    \n\t\t<\/span>\n\t\t\n\t\t\n\t\t<h4 class=\"blog-box-heading\">Rejillas met\u00e1licas: aplicaciones y ventajas en industria<\/h4>\n\t\t\n\t\t<p>\n\t\tTiempo de lectura: 7 minutos. En el \u00e1mbito de la construcci\u00f3n y la industria, elegir la soluci\u00f3n adecuada para suelos,...<\/p><div class=\"bttn-arrow\">\n            \n        <!-- TRADUZIONE   1 = it, 2 = en, 3 = de, 4 = fr, 5 = es  -->\n\n                                                Lee mas\n\n                                        <\/div><\/a><\/div>\t\t<div class=\"blog-post-box\">\n\t\t<a href=\"https:\/\/www.abagrigliati.it\/es\/blog\/la-solucion-ideal-para-entornos-criticos\/\">\n\t\t<div class=\"blog-post-image\">\n\t\t<img decoding=\"async\" src=\"https:\/\/www.abagrigliati.it\/es\/wp-content\/uploads\/sites\/5\/2025\/01\/P1000304.jpg\">\n\t\t<\/div>\n\t\t<span>\n\t\t<i class=\"fa fa-calendar\" aria-hidden=\"true\"><\/i>09 Ene 2025\t\t<\/span>\n\t\t\n\t\t<span class=\"cat_sec\">\n\t\t<i class=\"fa fa-tag\" aria-hidden=\"true\"><\/i> Industria    \n\t\t<\/span>\n\t\t\n\t\t\n\t\t<h4 class=\"blog-box-heading\">La Soluci\u00f3n Ideal para Entornos Cr\u00edticos<\/h4>\n\t\t\n\t\t<p>\n\t\tCuando se trabaja en entornos industriales y tecnol\u00f3gicos, la seguridad y la funcionalidad nunca son opcionales. El Perfil Perforado Modelo...<\/p><div class=\"bttn-arrow\">\n            \n        <!-- TRADUZIONE   1 = it, 2 = en, 3 = de, 4 = fr, 5 = es  -->\n\n                                                Lee mas\n\n                                        <\/div><\/a><\/div>\t\t<div class=\"blog-post-box\">\n\t\t<a href=\"https:\/\/www.abagrigliati.it\/es\/blog\/puente-tibetano-de-barcis-aventura-y-seguridad-en-el-corazon-del-friuli-venezia-giulia\/\">\n\t\t<div class=\"blog-post-image\">\n\t\t<img decoding=\"async\" src=\"https:\/\/www.abagrigliati.it\/es\/wp-content\/uploads\/sites\/5\/2024\/11\/ponte-tibetano-Valcellina.jpg\">\n\t\t<\/div>\n\t\t<span>\n\t\t<i class=\"fa fa-calendar\" aria-hidden=\"true\"><\/i>27 Nov 2024\t\t<\/span>\n\t\t\n\t\t<span class=\"cat_sec\">\n\t\t<i class=\"fa fa-tag\" aria-hidden=\"true\"><\/i> Historial    \n\t\t<\/span>\n\t\t\n\t\t\n\t\t<h4 class=\"blog-box-heading\">Puente Tibetano de Barcis: aventura y seguridad en el coraz\u00f3n del Friuli Venezia Giulia<\/h4>\n\t\t\n\t\t<p>\n\t\tEntre los paisajes impresionantes del Friuli Venezia Giulia, enclavado en la Garganta del Cellina, el Puente Tibetano de Barcis representa...<\/p><div class=\"bttn-arrow\">\n            \n        <!-- TRADUZIONE   1 = it, 2 = en, 3 = de, 4 = fr, 5 = es  -->\n\n                                                Lee mas\n\n                                        <\/div><\/a><\/div>\t\t<div class=\"blog-post-box\">\n\t\t<a href=\"https:\/\/www.abagrigliati.it\/es\/blog\/el-puente-tibetano-de-perarolo-di-cadore-perfiles-ge-de-abagrigliati\/\">\n\t\t<div class=\"blog-post-image\">\n\t\t<img decoding=\"async\" src=\"https:\/\/www.abagrigliati.it\/es\/wp-content\/uploads\/sites\/5\/2024\/07\/ponte-tibetano_copertina-1568x882.jpg\">\n\t\t<\/div>\n\t\t<span>\n\t\t<i class=\"fa fa-calendar\" aria-hidden=\"true\"><\/i>04 Jul 2024\t\t<\/span>\n\t\t\n\t\t<span class=\"cat_sec\">\n\t\t<i class=\"fa fa-tag\" aria-hidden=\"true\"><\/i> Corporativo    \n\t\t<\/span>\n\t\t\n\t\t\n\t\t<h4 class=\"blog-box-heading\">El puente tibetano de Perarolo di Cadore: innovaci\u00f3n y seguridad gracias a los perfiles GE de Abagrigliati<\/h4>\n\t\t\n\t\t<p>\n\t\tPerarolo di Cadore, un tesoro escondido en las laderas de los Dolomitas de Belluno, es popular entre los excursionistas por...<\/p><div class=\"bttn-arrow\">\n            \n        <!-- TRADUZIONE   1 = it, 2 = en, 3 = de, 4 = fr, 5 = es  -->\n\n                                                Lee mas\n\n                                        <\/div><\/a><\/div>\t\t<div class=\"blog-post-box\">\n\t\t<a href=\"https:\/\/www.abagrigliati.it\/es\/blog\/abagrigliati-en-logimat-2024-excelencia-italiana-en-la-logistica-internacional\/\">\n\t\t<div class=\"blog-post-image\">\n\t\t<img decoding=\"async\" src=\"https:\/\/www.abagrigliati.it\/es\/wp-content\/uploads\/sites\/5\/2022\/03\/logo-LogiMAT.jpeg\">\n\t\t<\/div>\n\t\t<span>\n\t\t<i class=\"fa fa-calendar\" aria-hidden=\"true\"><\/i>23 May 2024\t\t<\/span>\n\t\t\n\t\t<span class=\"cat_sec\">\n\t\t<i class=\"fa fa-tag\" aria-hidden=\"true\"><\/i> Corporativo    \n\t\t<\/span>\n\t\t\n\t\t\n\t\t<h4 class=\"blog-box-heading\">Abagrigliati en LogiMAT 2024: excelencia italiana en la log\u00edstica internacional<\/h4>\n\t\t\n\t\t<p>\n\t\tLogiMAT 2024, la prestigiosa feria internacional dedicada a la log\u00edstica y gesti\u00f3n de flujos de materiales, recientemente concluy\u00f3 en Stuttgart,...<\/p><div class=\"bttn-arrow\">\n            \n        <!-- TRADUZIONE   1 = it, 2 = en, 3 = de, 4 = fr, 5 = es  -->\n\n                                                Lee mas\n\n                                        <\/div><\/a><\/div>\t <\/div> \n\t<div class=\"pagination\">\n\t\t<span aria-label=\"P\u00e1gina 1\" aria-current=\"page\" class=\"page-numbers current\">1<\/span>\n<a aria-label=\"P\u00e1gina 2\" class=\"page-numbers\" href=\"https:\/\/www.abagrigliati.it\/es\/wp-json\/wp\/v2\/pages\/483\/page\/2\/\">2<\/a>\n<a aria-label=\"P\u00e1gina 3\" class=\"page-numbers\" href=\"https:\/\/www.abagrigliati.it\/es\/wp-json\/wp\/v2\/pages\/483\/page\/3\/\">3<\/a>\n<a class=\"next page-numbers\" href=\"https:\/\/www.abagrigliati.it\/es\/wp-json\/wp\/v2\/pages\/483\/page\/2\/\"><img decoding=\"async\" src=\"https:\/\/www.abagrigliati.it\/es\/wp-content\/themes\/abagrigliati-child\/images\/pagination-right.svg\"><\/a>\t<\/div>\n\t\t<\/div>\n\t\t\t\t\t\t<\/div>\n\t\t\t\t<\/div>\n\t\t\t\t\t<\/div>\n\t\t<\/div>\n\t\t\t\t\t<\/div>\n\t\t<\/section>\n\t\t\t\t<\/div>\n\t\t","protected":false},"excerpt":{"rendered":"<p>Blog Categorie Filtra per<\/p>\n","protected":false},"author":2,"featured_media":0,"parent":0,"menu_order":14,"comment_status":"closed","ping_status":"closed","template":"elementor_header_footer","meta":{"_acf_changed":false,"footnotes":""},"class_list":["post-483","page","type-page","status-publish","hentry","entry"],"acf":[],"yoast_head":"<!-- This site is optimized with the Yoast SEO plugin v27.3 - https:\/\/yoast.com\/product\/yoast-seo-wordpress\/ -->\n<title>Art\u00edculos sobre Suelos, Pelda\u00f1os y Estanter\u00edas | Abagrigliati<\/title>\n<meta name=\"description\" content=\"Descubra el blog de Abagrigliati Art\u00edculos sobre aplicaciones de pelda\u00f1os, suelos y estanter\u00edas para la construcci\u00f3n, la industria y el almacenamiento.\" \/>\n<meta name=\"robots\" content=\"index, follow, max-snippet:-1, max-image-preview:large, max-video-preview:-1\" \/>\n<link rel=\"canonical\" href=\"https:\/\/www.abagrigliati.it\/es\/blog\/\" \/>\n<meta property=\"og:locale\" content=\"es_ES\" \/>\n<meta property=\"og:type\" content=\"article\" \/>\n<meta property=\"og:title\" content=\"Art\u00edculos sobre Suelos, Pelda\u00f1os y Estanter\u00edas | Abagrigliati\" \/>\n<meta property=\"og:description\" content=\"Descubra el blog de Abagrigliati Art\u00edculos sobre aplicaciones de pelda\u00f1os, suelos y estanter\u00edas para la construcci\u00f3n, la industria y el almacenamiento.\" \/>\n<meta property=\"og:url\" content=\"https:\/\/www.abagrigliati.it\/es\/blog\/\" \/>\n<meta property=\"og:site_name\" content=\"Abagrigliati ES\" \/>\n<meta property=\"article:modified_time\" content=\"2023-07-27T09:50:11+00:00\" \/>\n<meta name=\"twitter:card\" content=\"summary_large_image\" \/>\n<script type=\"application\/ld+json\" class=\"yoast-schema-graph\">{\"@context\":\"https:\\\/\\\/schema.org\",\"@graph\":[{\"@type\":\"WebPage\",\"@id\":\"https:\\\/\\\/www.abagrigliati.it\\\/es\\\/blog\\\/\",\"url\":\"https:\\\/\\\/www.abagrigliati.it\\\/es\\\/blog\\\/\",\"name\":\"Art\u00edculos sobre Suelos, Pelda\u00f1os y Estanter\u00edas | Abagrigliati\",\"isPartOf\":{\"@id\":\"https:\\\/\\\/www.abagrigliati.it\\\/es\\\/#website\"},\"datePublished\":\"2021-11-09T12:40:55+00:00\",\"dateModified\":\"2023-07-27T09:50:11+00:00\",\"description\":\"Descubra el blog de Abagrigliati Art\u00edculos sobre aplicaciones de pelda\u00f1os, suelos y estanter\u00edas para la construcci\u00f3n, la industria y el almacenamiento.\",\"breadcrumb\":{\"@id\":\"https:\\\/\\\/www.abagrigliati.it\\\/es\\\/blog\\\/#breadcrumb\"},\"inLanguage\":\"es\",\"potentialAction\":[{\"@type\":\"ReadAction\",\"target\":[\"https:\\\/\\\/www.abagrigliati.it\\\/es\\\/blog\\\/\"]}]},{\"@type\":\"BreadcrumbList\",\"@id\":\"https:\\\/\\\/www.abagrigliati.it\\\/es\\\/blog\\\/#breadcrumb\",\"itemListElement\":[{\"@type\":\"ListItem\",\"position\":1,\"name\":\"Home\",\"item\":\"https:\\\/\\\/www.abagrigliati.it\\\/es\\\/\"},{\"@type\":\"ListItem\",\"position\":2,\"name\":\"Blog\"}]},{\"@type\":\"WebSite\",\"@id\":\"https:\\\/\\\/www.abagrigliati.it\\\/es\\\/#website\",\"url\":\"https:\\\/\\\/www.abagrigliati.it\\\/es\\\/\",\"name\":\"Abagrigliati\",\"description\":\"\",\"publisher\":{\"@id\":\"https:\\\/\\\/www.abagrigliati.it\\\/es\\\/#organization\"},\"potentialAction\":[{\"@type\":\"SearchAction\",\"target\":{\"@type\":\"EntryPoint\",\"urlTemplate\":\"https:\\\/\\\/www.abagrigliati.it\\\/es\\\/?s={search_term_string}\"},\"query-input\":{\"@type\":\"PropertyValueSpecification\",\"valueRequired\":true,\"valueName\":\"search_term_string\"}}],\"inLanguage\":\"es\"},{\"@type\":\"Organization\",\"@id\":\"https:\\\/\\\/www.abagrigliati.it\\\/es\\\/#organization\",\"name\":\"Abagrigliati\",\"url\":\"https:\\\/\\\/www.abagrigliati.it\\\/es\\\/\",\"logo\":{\"@type\":\"ImageObject\",\"inLanguage\":\"es\",\"@id\":\"https:\\\/\\\/www.abagrigliati.it\\\/es\\\/#\\\/schema\\\/logo\\\/image\\\/\",\"url\":\"https:\\\/\\\/www.abagrigliati.it\\\/es\\\/wp-content\\\/uploads\\\/sites\\\/5\\\/2022\\\/01\\\/LogoABAGriglaiti.svg\",\"contentUrl\":\"https:\\\/\\\/www.abagrigliati.it\\\/es\\\/wp-content\\\/uploads\\\/sites\\\/5\\\/2022\\\/01\\\/LogoABAGriglaiti.svg\",\"width\":223,\"height\":50,\"caption\":\"Abagrigliati\"},\"image\":{\"@id\":\"https:\\\/\\\/www.abagrigliati.it\\\/es\\\/#\\\/schema\\\/logo\\\/image\\\/\"}}]}<\/script>\n<!-- \/ Yoast SEO plugin. -->","yoast_head_json":{"title":"Art\u00edculos sobre Suelos, Pelda\u00f1os y Estanter\u00edas | Abagrigliati","description":"Descubra el blog de Abagrigliati Art\u00edculos sobre aplicaciones de pelda\u00f1os, suelos y estanter\u00edas para la construcci\u00f3n, la industria y el almacenamiento.","robots":{"index":"index","follow":"follow","max-snippet":"max-snippet:-1","max-image-preview":"max-image-preview:large","max-video-preview":"max-video-preview:-1"},"canonical":"https:\/\/www.abagrigliati.it\/es\/blog\/","og_locale":"es_ES","og_type":"article","og_title":"Art\u00edculos sobre Suelos, Pelda\u00f1os y Estanter\u00edas | Abagrigliati","og_description":"Descubra el blog de Abagrigliati Art\u00edculos sobre aplicaciones de pelda\u00f1os, suelos y estanter\u00edas para la construcci\u00f3n, la industria y el almacenamiento.","og_url":"https:\/\/www.abagrigliati.it\/es\/blog\/","og_site_name":"Abagrigliati ES","article_modified_time":"2023-07-27T09:50:11+00:00","twitter_card":"summary_large_image","schema":{"@context":"https:\/\/schema.org","@graph":[{"@type":"WebPage","@id":"https:\/\/www.abagrigliati.it\/es\/blog\/","url":"https:\/\/www.abagrigliati.it\/es\/blog\/","name":"Art\u00edculos sobre Suelos, Pelda\u00f1os y Estanter\u00edas | Abagrigliati","isPartOf":{"@id":"https:\/\/www.abagrigliati.it\/es\/#website"},"datePublished":"2021-11-09T12:40:55+00:00","dateModified":"2023-07-27T09:50:11+00:00","description":"Descubra el blog de Abagrigliati Art\u00edculos sobre aplicaciones de pelda\u00f1os, suelos y estanter\u00edas para la construcci\u00f3n, la industria y el almacenamiento.","breadcrumb":{"@id":"https:\/\/www.abagrigliati.it\/es\/blog\/#breadcrumb"},"inLanguage":"es","potentialAction":[{"@type":"ReadAction","target":["https:\/\/www.abagrigliati.it\/es\/blog\/"]}]},{"@type":"BreadcrumbList","@id":"https:\/\/www.abagrigliati.it\/es\/blog\/#breadcrumb","itemListElement":[{"@type":"ListItem","position":1,"name":"Home","item":"https:\/\/www.abagrigliati.it\/es\/"},{"@type":"ListItem","position":2,"name":"Blog"}]},{"@type":"WebSite","@id":"https:\/\/www.abagrigliati.it\/es\/#website","url":"https:\/\/www.abagrigliati.it\/es\/","name":"Abagrigliati","description":"","publisher":{"@id":"https:\/\/www.abagrigliati.it\/es\/#organization"},"potentialAction":[{"@type":"SearchAction","target":{"@type":"EntryPoint","urlTemplate":"https:\/\/www.abagrigliati.it\/es\/?s={search_term_string}"},"query-input":{"@type":"PropertyValueSpecification","valueRequired":true,"valueName":"search_term_string"}}],"inLanguage":"es"},{"@type":"Organization","@id":"https:\/\/www.abagrigliati.it\/es\/#organization","name":"Abagrigliati","url":"https:\/\/www.abagrigliati.it\/es\/","logo":{"@type":"ImageObject","inLanguage":"es","@id":"https:\/\/www.abagrigliati.it\/es\/#\/schema\/logo\/image\/","url":"https:\/\/www.abagrigliati.it\/es\/wp-content\/uploads\/sites\/5\/2022\/01\/LogoABAGriglaiti.svg","contentUrl":"https:\/\/www.abagrigliati.it\/es\/wp-content\/uploads\/sites\/5\/2022\/01\/LogoABAGriglaiti.svg","width":223,"height":50,"caption":"Abagrigliati"},"image":{"@id":"https:\/\/www.abagrigliati.it\/es\/#\/schema\/logo\/image\/"}}]}},"_links":{"self":[{"href":"https:\/\/www.abagrigliati.it\/es\/wp-json\/wp\/v2\/pages\/483","targetHints":{"allow":["GET"]}}],"collection":[{"href":"https:\/\/www.abagrigliati.it\/es\/wp-json\/wp\/v2\/pages"}],"about":[{"href":"https:\/\/www.abagrigliati.it\/es\/wp-json\/wp\/v2\/types\/page"}],"author":[{"embeddable":true,"href":"https:\/\/www.abagrigliati.it\/es\/wp-json\/wp\/v2\/users\/2"}],"replies":[{"embeddable":true,"href":"https:\/\/www.abagrigliati.it\/es\/wp-json\/wp\/v2\/comments?post=483"}],"version-history":[{"count":53,"href":"https:\/\/www.abagrigliati.it\/es\/wp-json\/wp\/v2\/pages\/483\/revisions"}],"predecessor-version":[{"id":3223,"href":"https:\/\/www.abagrigliati.it\/es\/wp-json\/wp\/v2\/pages\/483\/revisions\/3223"}],"wp:attachment":[{"href":"https:\/\/www.abagrigliati.it\/es\/wp-json\/wp\/v2\/media?parent=483"}],"curies":[{"name":"wp","href":"https:\/\/api.w.org\/{rel}","templated":true}]}}