{"id":52,"date":"2021-11-08T11:16:52","date_gmt":"2021-11-08T10:16:52","guid":{"rendered":"https:\/\/www.abagrigliati.it\/es\/?page_id=52"},"modified":"2023-07-27T11:45:08","modified_gmt":"2023-07-27T09:45:08","slug":"servicios","status":"publish","type":"page","link":"https:\/\/www.abagrigliati.it\/es\/servicios\/","title":{"rendered":"Servicios"},"content":{"rendered":"\t\t<div data-elementor-type=\"wp-page\" data-elementor-id=\"52\" class=\"elementor elementor-52\" data-elementor-post-type=\"page\">\n\t\t\t\t\t\t<section class=\"elementor-section elementor-top-section elementor-element elementor-element-628e460 elementor-section-boxed elementor-section-height-default elementor-section-height-default\" data-id=\"628e460\" data-element_type=\"section\" data-e-type=\"section\">\n\t\t\t\t\t\t<div class=\"elementor-container elementor-column-gap-default\">\n\t\t\t\t\t<div class=\"elementor-column elementor-col-100 elementor-top-column elementor-element elementor-element-4d8e4a3\" data-id=\"4d8e4a3\" data-element_type=\"column\" data-e-type=\"column\">\n\t\t\t<div class=\"elementor-widget-wrap elementor-element-populated\">\n\t\t\t\t\t\t<div class=\"elementor-element elementor-element-973f537 elementor-widget elementor-widget-shortcode\" data-id=\"973f537\" data-element_type=\"widget\" data-e-type=\"widget\" data-widget_type=\"shortcode.default\">\n\t\t\t\t<div class=\"elementor-widget-container\">\n\t\t\t\t\t\t\t<div class=\"elementor-shortcode\">\n<div class=\"breadcrumbs\">\n    <a href=\"https:\/\/www.abagrigliati.it\/es\">Home Page<\/a> \n   <\/a> \n\n\n<!--?php echo ''. get_the_category( $id )[0]->name .'';?-->\n\n<label>><\/label>  <b> Servicios<\/b> \n  \n<\/div>\n<\/div>\n\t\t\t\t\t\t<\/div>\n\t\t\t\t<\/div>\n\t\t\t\t\t<\/div>\n\t\t<\/div>\n\t\t\t\t\t<\/div>\n\t\t<\/section>\n\t\t\t\t<section class=\"elementor-section elementor-top-section elementor-element elementor-element-b158620 elementor-section-boxed elementor-section-height-default elementor-section-height-default\" data-id=\"b158620\" data-element_type=\"section\" data-e-type=\"section\">\n\t\t\t\t\t\t<div class=\"elementor-container elementor-column-gap-default\">\n\t\t\t\t\t<div class=\"elementor-column elementor-col-100 elementor-top-column elementor-element elementor-element-44677c2\" data-id=\"44677c2\" data-element_type=\"column\" data-e-type=\"column\">\n\t\t\t<div class=\"elementor-widget-wrap elementor-element-populated\">\n\t\t\t\t\t\t<div class=\"elementor-element elementor-element-87e1de6 cont_sec_inner elementor-widget elementor-widget-heading\" data-id=\"87e1de6\" data-element_type=\"widget\" data-e-type=\"widget\" data-widget_type=\"heading.default\">\n\t\t\t\t<div class=\"elementor-widget-container\">\n\t\t\t\t\t<h1 class=\"elementor-heading-title elementor-size-default\">Servicios<\/h1>\t\t\t\t<\/div>\n\t\t\t\t<\/div>\n\t\t\t\t\t<\/div>\n\t\t<\/div>\n\t\t\t\t\t<\/div>\n\t\t<\/section>\n\t\t\t\t<section class=\"elementor-section elementor-top-section elementor-element elementor-element-2b53a7e8 text_here_sec elementor-section-boxed elementor-section-height-default elementor-section-height-default elementor-invisible\" data-id=\"2b53a7e8\" data-element_type=\"section\" data-e-type=\"section\" data-settings=\"{&quot;animation&quot;:&quot;fadeIn&quot;}\">\n\t\t\t\t\t\t<div class=\"elementor-container elementor-column-gap-default\">\n\t\t\t\t\t<div class=\"elementor-column elementor-col-33 elementor-top-column elementor-element elementor-element-6fec0ba9\" data-id=\"6fec0ba9\" data-element_type=\"column\" data-e-type=\"column\">\n\t\t\t<div class=\"elementor-widget-wrap elementor-element-populated\">\n\t\t\t\t\t\t<div class=\"elementor-element elementor-element-3122a9b8 elementor-widget elementor-widget-image\" data-id=\"3122a9b8\" data-element_type=\"widget\" data-e-type=\"widget\" data-widget_type=\"image.default\">\n\t\t\t\t<div class=\"elementor-widget-container\">\n\t\t\t\t\t\t\t\t\t\t\t\t\t\t\t<img fetchpriority=\"high\" decoding=\"async\" width=\"600\" height=\"400\" src=\"https:\/\/www.abagrigliati.it\/es\/wp-content\/uploads\/sites\/5\/2021\/12\/servizi-progetto-su-misura.jpg\" class=\"attachment-full size-full wp-image-2547\" alt=\"\" srcset=\"https:\/\/www.abagrigliati.it\/es\/wp-content\/uploads\/sites\/5\/2021\/12\/servizi-progetto-su-misura.jpg 600w, https:\/\/www.abagrigliati.it\/es\/wp-content\/uploads\/sites\/5\/2021\/12\/servizi-progetto-su-misura-300x200.jpg 300w\" sizes=\"(max-width: 600px) 100vw, 600px\" style=\"width:100%;height:66.67%;max-width:600px\" \/>\t\t\t\t\t\t\t\t\t\t\t\t\t\t\t<\/div>\n\t\t\t\t<\/div>\n\t\t\t\t<div class=\"elementor-element elementor-element-4f218654 elementor-widget elementor-widget-heading\" data-id=\"4f218654\" data-element_type=\"widget\" data-e-type=\"widget\" data-widget_type=\"heading.default\">\n\t\t\t\t<div class=\"elementor-widget-container\">\n\t\t\t\t\t<div class=\"elementor-heading-title elementor-size-default\">Proyectos a medida<\/div>\t\t\t\t<\/div>\n\t\t\t\t<\/div>\n\t\t\t\t<div class=\"elementor-element elementor-element-12d7cba9 elementor-widget elementor-widget-text-editor\" data-id=\"12d7cba9\" data-element_type=\"widget\" data-e-type=\"widget\" data-widget_type=\"text-editor.default\">\n\t\t\t\t<div class=\"elementor-widget-container\">\n\t\t\t\t\t\t\t\t\t<p>Cada cliente tiene requisitos y necesidades diferentes. Por esto, Abagrigliati ofrece soluciones personalizadas y realiza <b>proyectos bajo pedido<\/b>, siguiendo las especificaciones del cliente. Creemos, en efecto, que es el producto el que tiene que adaptarse a las necesidades de la empresa, y no al rev\u00e9s.<br \/>Adem\u00e1s, todos los productos Abagrigliati est\u00e1n dise\u00f1ados para garantizar los m\u00e1s altos <b>est\u00e1ndares de seguridad<\/b>. Adem\u00e1s de las certificaciones exigidas por la ley, sometemos nuestros productos a garant\u00edas adicionales italianas e internacionales, porque para nosotros no hay calidad sin fiabilidad.<\/p>\t\t\t\t\t\t\t\t<\/div>\n\t\t\t\t<\/div>\n\t\t\t\t\t<\/div>\n\t\t<\/div>\n\t\t\t\t<div class=\"elementor-column elementor-col-33 elementor-top-column elementor-element elementor-element-62f2457e\" data-id=\"62f2457e\" data-element_type=\"column\" data-e-type=\"column\">\n\t\t\t<div class=\"elementor-widget-wrap elementor-element-populated\">\n\t\t\t\t\t\t<div class=\"elementor-element elementor-element-286c3916 elementor-widget elementor-widget-image\" data-id=\"286c3916\" data-element_type=\"widget\" data-e-type=\"widget\" data-widget_type=\"image.default\">\n\t\t\t\t<div class=\"elementor-widget-container\">\n\t\t\t\t\t\t\t\t\t\t\t\t\t\t\t<img decoding=\"async\" width=\"600\" height=\"400\" src=\"https:\/\/www.abagrigliati.it\/es\/wp-content\/uploads\/sites\/5\/2022\/02\/servizi-consegna-prodotto-finito.jpg\" class=\"attachment-full size-full wp-image-3201\" alt=\"\" srcset=\"https:\/\/www.abagrigliati.it\/es\/wp-content\/uploads\/sites\/5\/2022\/02\/servizi-consegna-prodotto-finito.jpg 600w, https:\/\/www.abagrigliati.it\/es\/wp-content\/uploads\/sites\/5\/2022\/02\/servizi-consegna-prodotto-finito-300x200.jpg 300w\" sizes=\"(max-width: 600px) 100vw, 600px\" style=\"width:100%;height:66.67%;max-width:600px\" \/>\t\t\t\t\t\t\t\t\t\t\t\t\t\t\t<\/div>\n\t\t\t\t<\/div>\n\t\t\t\t<div class=\"elementor-element elementor-element-62db62d0 elementor-widget elementor-widget-heading\" data-id=\"62db62d0\" data-element_type=\"widget\" data-e-type=\"widget\" data-widget_type=\"heading.default\">\n\t\t\t\t<div class=\"elementor-widget-container\">\n\t\t\t\t\t<div class=\"elementor-heading-title elementor-size-default\">Entrega del producto acabado<\/div>\t\t\t\t<\/div>\n\t\t\t\t<\/div>\n\t\t\t\t<div class=\"elementor-element elementor-element-4f3d1171 elementor-widget elementor-widget-text-editor\" data-id=\"4f3d1171\" data-element_type=\"widget\" data-e-type=\"widget\" data-widget_type=\"text-editor.default\">\n\t\t\t\t<div class=\"elementor-widget-container\">\n\t\t\t\t\t\t\t\t\t<p>Nos preocupamos mucho por cada uno de nuestros proyectos. Por esto, todos los materiales <b>se entregan cortados a medida y est\u00e1n listos para usar, <\/b>con el fin de optimizar los gastos log\u00edsticos y agilizar la preparaci\u00f3n para nuestros clientes.\u00a0<\/p><p>Para la entrega, los productos Abagrigliati se cargan en el interior de la oficina y nunca est\u00e1n expuestos a la intemperie. De esta manera, se mantienen los <b>altos est\u00e1ndares de calidad <\/b>y se evitan da\u00f1os de origen externo.<\/p>\t\t\t\t\t\t\t\t<\/div>\n\t\t\t\t<\/div>\n\t\t\t\t\t<\/div>\n\t\t<\/div>\n\t\t\t\t<div class=\"elementor-column elementor-col-33 elementor-top-column elementor-element elementor-element-26a72858\" data-id=\"26a72858\" data-element_type=\"column\" data-e-type=\"column\">\n\t\t\t<div class=\"elementor-widget-wrap elementor-element-populated\">\n\t\t\t\t\t\t<div class=\"elementor-element elementor-element-599e0c69 elementor-widget elementor-widget-image\" data-id=\"599e0c69\" data-element_type=\"widget\" data-e-type=\"widget\" data-widget_type=\"image.default\">\n\t\t\t\t<div class=\"elementor-widget-container\">\n\t\t\t\t\t\t\t\t\t\t\t\t\t\t\t<img decoding=\"async\" width=\"600\" height=\"400\" src=\"https:\/\/www.abagrigliati.it\/es\/wp-content\/uploads\/sites\/5\/2021\/12\/servizi-consulenza.jpg\" class=\"attachment-full size-full wp-image-2549\" alt=\"\" srcset=\"https:\/\/www.abagrigliati.it\/es\/wp-content\/uploads\/sites\/5\/2021\/12\/servizi-consulenza.jpg 600w, https:\/\/www.abagrigliati.it\/es\/wp-content\/uploads\/sites\/5\/2021\/12\/servizi-consulenza-300x200.jpg 300w\" sizes=\"(max-width: 600px) 100vw, 600px\" style=\"width:100%;height:66.67%;max-width:600px\" \/>\t\t\t\t\t\t\t\t\t\t\t\t\t\t\t<\/div>\n\t\t\t\t<\/div>\n\t\t\t\t<div class=\"elementor-element elementor-element-7857fd70 elementor-widget elementor-widget-heading\" data-id=\"7857fd70\" data-element_type=\"widget\" data-e-type=\"widget\" data-widget_type=\"heading.default\">\n\t\t\t\t<div class=\"elementor-widget-container\">\n\t\t\t\t\t<div class=\"elementor-heading-title elementor-size-default\">Consulta<\/div>\t\t\t\t<\/div>\n\t\t\t\t<\/div>\n\t\t\t\t<div class=\"elementor-element elementor-element-52aee18f elementor-widget elementor-widget-text-editor\" data-id=\"52aee18f\" data-element_type=\"widget\" data-e-type=\"widget\" data-widget_type=\"text-editor.default\">\n\t\t\t\t<div class=\"elementor-widget-container\">\n\t\t\t\t\t\t\t\t\t<p>En Abagrigliati encontrar\u00e1s profesionales capaces de escuchar y comprender tus necesidades. Gracias a nuestro <b>departamento t\u00e9cnico interno<\/b>, un equipo especializado realizar\u00e1 un an\u00e1lisis para identificar tus necesidades, procesando cada pedido de manera puntual para crear el producto que mejor refleje tus requisitos.<\/p>\t\t\t\t\t\t\t\t<\/div>\n\t\t\t\t<\/div>\n\t\t\t\t\t<\/div>\n\t\t<\/div>\n\t\t\t\t\t<\/div>\n\t\t<\/section>\n\t\t\t\t<section class=\"elementor-section elementor-top-section elementor-element elementor-element-5095285f elementor-section-boxed elementor-section-height-default elementor-section-height-default\" data-id=\"5095285f\" data-element_type=\"section\" data-e-type=\"section\">\n\t\t\t\t\t\t<div class=\"elementor-container elementor-column-gap-default\">\n\t\t\t\t\t<div class=\"elementor-column elementor-col-100 elementor-top-column elementor-element elementor-element-518549aa\" data-id=\"518549aa\" data-element_type=\"column\" data-e-type=\"column\">\n\t\t\t<div class=\"elementor-widget-wrap elementor-element-populated\">\n\t\t\t\t\t\t<div class=\"elementor-element elementor-element-14493ce banner_text_application elementor-align-center elementor-widget elementor-widget-button\" data-id=\"14493ce\" data-element_type=\"widget\" data-e-type=\"widget\" data-widget_type=\"button.default\">\n\t\t\t\t<div class=\"elementor-widget-container\">\n\t\t\t\t\t\t\t\t\t<div class=\"elementor-button-wrapper\">\n\t\t\t\t\t<a class=\"elementor-button elementor-button-link elementor-size-sm\" href=\"#foot-blue-sec\">\n\t\t\t\t\t\t<span class=\"elementor-button-content-wrapper\">\n\t\t\t\t\t\t<span class=\"elementor-button-icon\">\n\t\t\t\t<svg xmlns=\"http:\/\/www.w3.org\/2000\/svg\" width=\"20\" height=\"9\" viewBox=\"0 0 20 9\" fill=\"none\"><path d=\"M0.5 4H0V5H0.5V4ZM19.8536 4.85355C20.0488 4.65829 20.0488 4.34171 19.8536 4.14645L16.6716 0.964466C16.4763 0.769204 16.1597 0.769204 15.9645 0.964466C15.7692 1.15973 15.7692 1.47631 15.9645 1.67157L18.7929 4.5L15.9645 7.32843C15.7692 7.52369 15.7692 7.84027 15.9645 8.03553C16.1597 8.2308 16.4763 8.2308 16.6716 8.03553L19.8536 4.85355ZM0.5 5H19.5V4H0.5V5Z\" fill=\"white\"><\/path><\/svg>\t\t\t<\/span>\n\t\t\t\t\t\t\t\t\t<span class=\"elementor-button-text\">Pida informaciones<\/span>\n\t\t\t\t\t<\/span>\n\t\t\t\t\t<\/a>\n\t\t\t\t<\/div>\n\t\t\t\t\t\t\t\t<\/div>\n\t\t\t\t<\/div>\n\t\t\t\t\t<\/div>\n\t\t<\/div>\n\t\t\t\t\t<\/div>\n\t\t<\/section>\n\t\t\t\t<\/div>\n\t\t","protected":false},"excerpt":{"rendered":"<p>Servicios Proyectos a medida Cada cliente tiene requisitos y necesidades diferentes. Por esto, Abagrigliati ofrece soluciones personalizadas y realiza proyectos bajo pedido, siguiendo las especificaciones del cliente. Creemos, en efecto, que es el producto el que tiene que adaptarse a las necesidades de la empresa, y no al rev\u00e9s. Adem\u00e1s, todos los productos Abagrigliati est\u00e1n&hellip; <a class=\"more-link\" href=\"https:\/\/www.abagrigliati.it\/es\/servicios\/\">Seguir leyendo <span class=\"screen-reader-text\">Servicios<\/span><\/a><\/p>\n","protected":false},"author":2,"featured_media":0,"parent":0,"menu_order":17,"comment_status":"closed","ping_status":"closed","template":"","meta":{"_acf_changed":false,"footnotes":""},"class_list":["post-52","page","type-page","status-publish","hentry","entry"],"acf":[],"yoast_head":"<!-- This site is optimized with the Yoast SEO plugin v27.3 - https:\/\/yoast.com\/product\/yoast-seo-wordpress\/ -->\n<title>Servicios Producci\u00f3n a medida de rejillas met\u00e1licas | Abagrigliati<\/title>\n<meta name=\"description\" content=\"Abagrigliati ofrece soluciones a medida y realiza proyectos por encargo, garantizando los m\u00e1s altos est\u00e1ndares de seguridad y calidad.\" \/>\n<meta name=\"robots\" content=\"index, follow, max-snippet:-1, max-image-preview:large, max-video-preview:-1\" \/>\n<link rel=\"canonical\" href=\"https:\/\/www.abagrigliati.it\/es\/servicios\/\" \/>\n<meta property=\"og:locale\" content=\"es_ES\" \/>\n<meta property=\"og:type\" content=\"article\" \/>\n<meta property=\"og:title\" content=\"Servicios Producci\u00f3n a medida de rejillas met\u00e1licas | Abagrigliati\" \/>\n<meta property=\"og:description\" content=\"Abagrigliati ofrece soluciones a medida y realiza proyectos por encargo, garantizando los m\u00e1s altos est\u00e1ndares de seguridad y calidad.\" \/>\n<meta property=\"og:url\" content=\"https:\/\/www.abagrigliati.it\/es\/servicios\/\" \/>\n<meta property=\"og:site_name\" content=\"Abagrigliati ES\" \/>\n<meta property=\"article:modified_time\" content=\"2023-07-27T09:45:08+00:00\" \/>\n<meta property=\"og:image\" content=\"https:\/\/www.abagrigliati.it\/es\/wp-content\/uploads\/sites\/5\/2021\/12\/servizi-progetto-su-misura.jpg\" \/>\n<meta name=\"twitter:card\" content=\"summary_large_image\" \/>\n<meta name=\"twitter:label1\" content=\"Tiempo de lectura\" \/>\n\t<meta name=\"twitter:data1\" content=\"2 minutos\" \/>\n<script type=\"application\/ld+json\" class=\"yoast-schema-graph\">{\"@context\":\"https:\\\/\\\/schema.org\",\"@graph\":[{\"@type\":\"WebPage\",\"@id\":\"https:\\\/\\\/www.abagrigliati.it\\\/es\\\/servicios\\\/\",\"url\":\"https:\\\/\\\/www.abagrigliati.it\\\/es\\\/servicios\\\/\",\"name\":\"Servicios Producci\u00f3n a medida de rejillas met\u00e1licas | Abagrigliati\",\"isPartOf\":{\"@id\":\"https:\\\/\\\/www.abagrigliati.it\\\/es\\\/#website\"},\"primaryImageOfPage\":{\"@id\":\"https:\\\/\\\/www.abagrigliati.it\\\/es\\\/servicios\\\/#primaryimage\"},\"image\":{\"@id\":\"https:\\\/\\\/www.abagrigliati.it\\\/es\\\/servicios\\\/#primaryimage\"},\"thumbnailUrl\":\"https:\\\/\\\/www.abagrigliati.it\\\/es\\\/wp-content\\\/uploads\\\/sites\\\/5\\\/2021\\\/12\\\/servizi-progetto-su-misura.jpg\",\"datePublished\":\"2021-11-08T10:16:52+00:00\",\"dateModified\":\"2023-07-27T09:45:08+00:00\",\"description\":\"Abagrigliati ofrece soluciones a medida y realiza proyectos por encargo, garantizando los m\u00e1s altos est\u00e1ndares de seguridad y calidad.\",\"breadcrumb\":{\"@id\":\"https:\\\/\\\/www.abagrigliati.it\\\/es\\\/servicios\\\/#breadcrumb\"},\"inLanguage\":\"es\",\"potentialAction\":[{\"@type\":\"ReadAction\",\"target\":[\"https:\\\/\\\/www.abagrigliati.it\\\/es\\\/servicios\\\/\"]}]},{\"@type\":\"ImageObject\",\"inLanguage\":\"es\",\"@id\":\"https:\\\/\\\/www.abagrigliati.it\\\/es\\\/servicios\\\/#primaryimage\",\"url\":\"https:\\\/\\\/www.abagrigliati.it\\\/es\\\/wp-content\\\/uploads\\\/sites\\\/5\\\/2021\\\/12\\\/servizi-progetto-su-misura.jpg\",\"contentUrl\":\"https:\\\/\\\/www.abagrigliati.it\\\/es\\\/wp-content\\\/uploads\\\/sites\\\/5\\\/2021\\\/12\\\/servizi-progetto-su-misura.jpg\",\"width\":600,\"height\":400},{\"@type\":\"BreadcrumbList\",\"@id\":\"https:\\\/\\\/www.abagrigliati.it\\\/es\\\/servicios\\\/#breadcrumb\",\"itemListElement\":[{\"@type\":\"ListItem\",\"position\":1,\"name\":\"Home\",\"item\":\"https:\\\/\\\/www.abagrigliati.it\\\/es\\\/\"},{\"@type\":\"ListItem\",\"position\":2,\"name\":\"Servicios\"}]},{\"@type\":\"WebSite\",\"@id\":\"https:\\\/\\\/www.abagrigliati.it\\\/es\\\/#website\",\"url\":\"https:\\\/\\\/www.abagrigliati.it\\\/es\\\/\",\"name\":\"Abagrigliati\",\"description\":\"\",\"publisher\":{\"@id\":\"https:\\\/\\\/www.abagrigliati.it\\\/es\\\/#organization\"},\"potentialAction\":[{\"@type\":\"SearchAction\",\"target\":{\"@type\":\"EntryPoint\",\"urlTemplate\":\"https:\\\/\\\/www.abagrigliati.it\\\/es\\\/?s={search_term_string}\"},\"query-input\":{\"@type\":\"PropertyValueSpecification\",\"valueRequired\":true,\"valueName\":\"search_term_string\"}}],\"inLanguage\":\"es\"},{\"@type\":\"Organization\",\"@id\":\"https:\\\/\\\/www.abagrigliati.it\\\/es\\\/#organization\",\"name\":\"Abagrigliati\",\"url\":\"https:\\\/\\\/www.abagrigliati.it\\\/es\\\/\",\"logo\":{\"@type\":\"ImageObject\",\"inLanguage\":\"es\",\"@id\":\"https:\\\/\\\/www.abagrigliati.it\\\/es\\\/#\\\/schema\\\/logo\\\/image\\\/\",\"url\":\"https:\\\/\\\/www.abagrigliati.it\\\/es\\\/wp-content\\\/uploads\\\/sites\\\/5\\\/2022\\\/01\\\/LogoABAGriglaiti.svg\",\"contentUrl\":\"https:\\\/\\\/www.abagrigliati.it\\\/es\\\/wp-content\\\/uploads\\\/sites\\\/5\\\/2022\\\/01\\\/LogoABAGriglaiti.svg\",\"width\":223,\"height\":50,\"caption\":\"Abagrigliati\"},\"image\":{\"@id\":\"https:\\\/\\\/www.abagrigliati.it\\\/es\\\/#\\\/schema\\\/logo\\\/image\\\/\"}}]}<\/script>\n<!-- \/ Yoast SEO plugin. -->","yoast_head_json":{"title":"Servicios Producci\u00f3n a medida de rejillas met\u00e1licas | Abagrigliati","description":"Abagrigliati ofrece soluciones a medida y realiza proyectos por encargo, garantizando los m\u00e1s altos est\u00e1ndares de seguridad y calidad.","robots":{"index":"index","follow":"follow","max-snippet":"max-snippet:-1","max-image-preview":"max-image-preview:large","max-video-preview":"max-video-preview:-1"},"canonical":"https:\/\/www.abagrigliati.it\/es\/servicios\/","og_locale":"es_ES","og_type":"article","og_title":"Servicios Producci\u00f3n a medida de rejillas met\u00e1licas | Abagrigliati","og_description":"Abagrigliati ofrece soluciones a medida y realiza proyectos por encargo, garantizando los m\u00e1s altos est\u00e1ndares de seguridad y calidad.","og_url":"https:\/\/www.abagrigliati.it\/es\/servicios\/","og_site_name":"Abagrigliati ES","article_modified_time":"2023-07-27T09:45:08+00:00","og_image":[{"url":"https:\/\/www.abagrigliati.it\/es\/wp-content\/uploads\/sites\/5\/2021\/12\/servizi-progetto-su-misura.jpg","type":"","width":"","height":""}],"twitter_card":"summary_large_image","twitter_misc":{"Tiempo de lectura":"2 minutos"},"schema":{"@context":"https:\/\/schema.org","@graph":[{"@type":"WebPage","@id":"https:\/\/www.abagrigliati.it\/es\/servicios\/","url":"https:\/\/www.abagrigliati.it\/es\/servicios\/","name":"Servicios Producci\u00f3n a medida de rejillas met\u00e1licas | Abagrigliati","isPartOf":{"@id":"https:\/\/www.abagrigliati.it\/es\/#website"},"primaryImageOfPage":{"@id":"https:\/\/www.abagrigliati.it\/es\/servicios\/#primaryimage"},"image":{"@id":"https:\/\/www.abagrigliati.it\/es\/servicios\/#primaryimage"},"thumbnailUrl":"https:\/\/www.abagrigliati.it\/es\/wp-content\/uploads\/sites\/5\/2021\/12\/servizi-progetto-su-misura.jpg","datePublished":"2021-11-08T10:16:52+00:00","dateModified":"2023-07-27T09:45:08+00:00","description":"Abagrigliati ofrece soluciones a medida y realiza proyectos por encargo, garantizando los m\u00e1s altos est\u00e1ndares de seguridad y calidad.","breadcrumb":{"@id":"https:\/\/www.abagrigliati.it\/es\/servicios\/#breadcrumb"},"inLanguage":"es","potentialAction":[{"@type":"ReadAction","target":["https:\/\/www.abagrigliati.it\/es\/servicios\/"]}]},{"@type":"ImageObject","inLanguage":"es","@id":"https:\/\/www.abagrigliati.it\/es\/servicios\/#primaryimage","url":"https:\/\/www.abagrigliati.it\/es\/wp-content\/uploads\/sites\/5\/2021\/12\/servizi-progetto-su-misura.jpg","contentUrl":"https:\/\/www.abagrigliati.it\/es\/wp-content\/uploads\/sites\/5\/2021\/12\/servizi-progetto-su-misura.jpg","width":600,"height":400},{"@type":"BreadcrumbList","@id":"https:\/\/www.abagrigliati.it\/es\/servicios\/#breadcrumb","itemListElement":[{"@type":"ListItem","position":1,"name":"Home","item":"https:\/\/www.abagrigliati.it\/es\/"},{"@type":"ListItem","position":2,"name":"Servicios"}]},{"@type":"WebSite","@id":"https:\/\/www.abagrigliati.it\/es\/#website","url":"https:\/\/www.abagrigliati.it\/es\/","name":"Abagrigliati","description":"","publisher":{"@id":"https:\/\/www.abagrigliati.it\/es\/#organization"},"potentialAction":[{"@type":"SearchAction","target":{"@type":"EntryPoint","urlTemplate":"https:\/\/www.abagrigliati.it\/es\/?s={search_term_string}"},"query-input":{"@type":"PropertyValueSpecification","valueRequired":true,"valueName":"search_term_string"}}],"inLanguage":"es"},{"@type":"Organization","@id":"https:\/\/www.abagrigliati.it\/es\/#organization","name":"Abagrigliati","url":"https:\/\/www.abagrigliati.it\/es\/","logo":{"@type":"ImageObject","inLanguage":"es","@id":"https:\/\/www.abagrigliati.it\/es\/#\/schema\/logo\/image\/","url":"https:\/\/www.abagrigliati.it\/es\/wp-content\/uploads\/sites\/5\/2022\/01\/LogoABAGriglaiti.svg","contentUrl":"https:\/\/www.abagrigliati.it\/es\/wp-content\/uploads\/sites\/5\/2022\/01\/LogoABAGriglaiti.svg","width":223,"height":50,"caption":"Abagrigliati"},"image":{"@id":"https:\/\/www.abagrigliati.it\/es\/#\/schema\/logo\/image\/"}}]}},"_links":{"self":[{"href":"https:\/\/www.abagrigliati.it\/es\/wp-json\/wp\/v2\/pages\/52","targetHints":{"allow":["GET"]}}],"collection":[{"href":"https:\/\/www.abagrigliati.it\/es\/wp-json\/wp\/v2\/pages"}],"about":[{"href":"https:\/\/www.abagrigliati.it\/es\/wp-json\/wp\/v2\/types\/page"}],"author":[{"embeddable":true,"href":"https:\/\/www.abagrigliati.it\/es\/wp-json\/wp\/v2\/users\/2"}],"replies":[{"embeddable":true,"href":"https:\/\/www.abagrigliati.it\/es\/wp-json\/wp\/v2\/comments?post=52"}],"version-history":[{"count":41,"href":"https:\/\/www.abagrigliati.it\/es\/wp-json\/wp\/v2\/pages\/52\/revisions"}],"predecessor-version":[{"id":3955,"href":"https:\/\/www.abagrigliati.it\/es\/wp-json\/wp\/v2\/pages\/52\/revisions\/3955"}],"wp:attachment":[{"href":"https:\/\/www.abagrigliati.it\/es\/wp-json\/wp\/v2\/media?parent=52"}],"curies":[{"name":"wp","href":"https:\/\/api.w.org\/{rel}","templated":true}]}}