{"id":1370,"date":"2021-09-15T13:03:27","date_gmt":"2021-09-15T11:03:27","guid":{"rendered":"https:\/\/www.abagrigliati.it\/es\/?post_type=product&#038;p=1370"},"modified":"2024-03-21T10:03:10","modified_gmt":"2024-03-21T09:03:10","slug":"profile-pl","status":"publish","type":"product","link":"https:\/\/www.abagrigliati.it\/es\/producto\/profile-pl\/","title":{"rendered":"Perfil PL"},"content":{"rendered":"<p>Perfiles H29<\/p>\n<p><strong>Secciones disponibles &#8211; b x a x Esp. (mm)<\/strong><\/p>\n<ul class=\"number_sec\">\n<li>200x29x1.5<\/li>\n<li>200x29x2.0<\/li>\n<\/ul>\n<p><strong>Largo (mm):<\/strong><br \/>\nde 500 a 10000<br \/>\n<strong>Medidas intermedias:<\/strong><br \/>\nPaso de Moldeo 1 mm<\/p>\n<div class=\"border_bottom_sec\"><strong>Material: <\/strong>Acero Galvanizado Sendzimir<\/div>\n<div class=\"border_bottom_sec\">\n<p><strong>Caracter\u00edsticas: <\/strong> Superficie adecuada para la colocaci\u00f3n de suelos en moqueta, lin\u00f3leo, aglomerado, contrachapado y laminados de pl\u00e1stico; Adecuado para la estanter\u00eda;.<\/p>\n<\/div>\n","protected":false},"excerpt":{"rendered":"<p>Perfiles H29 Secciones disponibles &#8211; b x a x Esp. (mm) 200x29x1.5 200x29x2.0 Largo (mm): de 500 a 10000 Medidas intermedias: Paso de Moldeo 1 mm Material: Acero Galvanizado Sendzimir Caracter\u00edsticas: Superficie adecuada para la colocaci\u00f3n de suelos en moqueta, lin\u00f3leo, aglomerado, contrachapado y laminados de pl\u00e1stico; Adecuado para la estanter\u00eda;.<\/p>\n","protected":false},"featured_media":2376,"comment_status":"open","ping_status":"closed","template":"","meta":{"_acf_changed":false},"product_brand":[],"product_cat":[46,20],"product_tag":[],"class_list":{"0":"post-1370","1":"product","2":"type-product","3":"status-publish","4":"has-post-thumbnail","6":"product_cat-perfiles-h29","7":"product_cat-perfiles-para-pavimentaciones","8":"entry","10":"first","11":"instock","12":"shipping-taxable","13":"product-type-simple"},"acf":[],"_links":{"self":[{"href":"https:\/\/www.abagrigliati.it\/es\/wp-json\/wp\/v2\/product\/1370","targetHints":{"allow":["GET"]}}],"collection":[{"href":"https:\/\/www.abagrigliati.it\/es\/wp-json\/wp\/v2\/product"}],"about":[{"href":"https:\/\/www.abagrigliati.it\/es\/wp-json\/wp\/v2\/types\/product"}],"replies":[{"embeddable":true,"href":"https:\/\/www.abagrigliati.it\/es\/wp-json\/wp\/v2\/comments?post=1370"}],"wp:featuredmedia":[{"embeddable":true,"href":"https:\/\/www.abagrigliati.it\/es\/wp-json\/wp\/v2\/media\/2376"}],"wp:attachment":[{"href":"https:\/\/www.abagrigliati.it\/es\/wp-json\/wp\/v2\/media?parent=1370"}],"wp:term":[{"taxonomy":"product_brand","embeddable":true,"href":"https:\/\/www.abagrigliati.it\/es\/wp-json\/wp\/v2\/product_brand?post=1370"},{"taxonomy":"product_cat","embeddable":true,"href":"https:\/\/www.abagrigliati.it\/es\/wp-json\/wp\/v2\/product_cat?post=1370"},{"taxonomy":"product_tag","embeddable":true,"href":"https:\/\/www.abagrigliati.it\/es\/wp-json\/wp\/v2\/product_tag?post=1370"}],"curies":[{"name":"wp","href":"https:\/\/api.w.org\/{rel}","templated":true}]}}