{"id":2403,"date":"2021-12-21T18:13:45","date_gmt":"2021-12-21T17:13:45","guid":{"rendered":"https:\/\/www.abagrigliati.it\/es\/?post_type=product&#038;p=2403"},"modified":"2023-11-02T15:07:18","modified_gmt":"2023-11-02T14:07:18","slug":"rung-25x30h","status":"publish","type":"product","link":"https:\/\/www.abagrigliati.it\/es\/producto\/rung-25x30h\/","title":{"rendered":"Pelda\u00f1o 25x30h"},"content":{"rendered":"<p>Pelda\u00f1o<\/p>\n<p><strong>Secciones disponibles: b x a x Esp. (mm)<\/strong><\/p>\n<ul class=\"number_sec\">\n<li>25x30x1.5<\/li>\n<li>25x30x2.0<\/li>\n<\/ul>\n<p><strong>Largo (mm):<\/strong><\/p>\n<p>2000<\/p>\n<div class=\"border_bottom_sec\">\n<p><strong>Material:<\/strong>Acero Bruto Esp. 2.0 S235JR (paquetes de 10 barras); Acero Inoxidbale AISI 304 o 316 Esp. 1.5; Aleaci\u00f3n Peraluman 5754 H111 Esp. 2.0<\/p>\n<p><img decoding=\"async\" class=\"alignnone wp-image-4024 size-medium\" src=\"https:\/\/www.abagrigliati.it\/es\/wp-content\/uploads\/sites\/5\/2021\/11\/SPA-R11-300x81.png\" alt=\"\" width=\"300\" height=\"81\" srcset=\"https:\/\/www.abagrigliati.it\/es\/wp-content\/uploads\/sites\/5\/2021\/11\/SPA-R11-300x81.png 300w, https:\/\/www.abagrigliati.it\/es\/wp-content\/uploads\/sites\/5\/2021\/11\/SPA-R11-1024x276.png 1024w, https:\/\/www.abagrigliati.it\/es\/wp-content\/uploads\/sites\/5\/2021\/11\/SPA-R11-768x207.png 768w, https:\/\/www.abagrigliati.it\/es\/wp-content\/uploads\/sites\/5\/2021\/11\/SPA-R11-600x162.png 600w, https:\/\/www.abagrigliati.it\/es\/wp-content\/uploads\/sites\/5\/2021\/11\/SPA-R11.png 1320w\" sizes=\"(max-width: 300px) 100vw, 300px\" \/><\/p>\n<\/div>\n<div class=\"border_bottom_sec\">\n<p><strong>Caracter\u00edsticas:<\/strong>Adecaudo para escaleras de uso t\u00e9cnico; Escalera equipada con pelda\u00f1os para<br \/>\nmantenimiento torres y silo s; Escalera equipada con pelda\u00f1os para<br \/>\nm\u00e1quinas operativa y camiones cisternas; Disponible en acero bruto,<br \/>\nacero inoxidable AISI304-316 y aleaci\u00f3n aluminio; Antideslizante R11 DIN 51130.<\/p>\n<\/div>\n","protected":false},"excerpt":{"rendered":"<p>Pelda\u00f1o Secciones disponibles: b x a x Esp. (mm) 25x30x1.5 25x30x2.0 Largo (mm): 2000 Material:Acero Bruto Esp. 2.0 S235JR (paquetes de 10 barras); Acero Inoxidbale AISI 304 o 316 Esp. 1.5; Aleaci\u00f3n Peraluman 5754 H111 Esp. 2.0 Caracter\u00edsticas:Adecaudo para escaleras de uso t\u00e9cnico; Escalera equipada con pelda\u00f1os para mantenimiento torres y silo s; Escalera equipada&hellip; <a class=\"more-link\" href=\"https:\/\/www.abagrigliati.it\/es\/producto\/rung-25x30h\/\">Seguir leyendo <span class=\"screen-reader-text\">Pelda\u00f1o 25x30h<\/span><\/a><\/p>\n","protected":false},"featured_media":2405,"comment_status":"open","ping_status":"closed","template":"","meta":{"_acf_changed":false},"product_brand":[],"product_cat":[48,58],"product_tag":[],"class_list":{"0":"post-2403","1":"product","2":"type-product","3":"status-publish","4":"has-post-thumbnail","6":"product_cat-escalones","7":"product_cat-peldano","8":"entry","10":"first","11":"instock","12":"shipping-taxable","13":"product-type-simple"},"acf":[],"yoast_head":"<!-- This site is optimized with the Yoast SEO plugin v27.3 - https:\/\/yoast.com\/product\/yoast-seo-wordpress\/ -->\n<title>Pelda\u00f1o 25x30h | Abagrigliati ES<\/title>\n<meta name=\"description\" content=\"Pelda\u00f1o Secciones disponibles: b x a x Esp. (mm) 25x30x1.5 25x30x2.0 Largo (mm): 2000 Material:Acero Bruto Esp. 2.0 S235JR (paquetes de 10 barras); Acero\" \/>\n<meta name=\"robots\" content=\"index, follow, max-snippet:-1, max-image-preview:large, max-video-preview:-1\" \/>\n<link rel=\"canonical\" href=\"https:\/\/www.abagrigliati.it\/es\/producto\/rung-25x30h\/\" \/>\n<meta property=\"og:locale\" content=\"es_ES\" \/>\n<meta property=\"og:type\" content=\"article\" \/>\n<meta property=\"og:title\" content=\"Pelda\u00f1o 25x30h | Abagrigliati ES\" \/>\n<meta property=\"og:description\" content=\"Pelda\u00f1o Secciones disponibles: b x a x Esp. (mm) 25x30x1.5 25x30x2.0 Largo (mm): 2000 Material:Acero Bruto Esp. 2.0 S235JR (paquetes de 10 barras); Acero\" \/>\n<meta property=\"og:url\" content=\"https:\/\/www.abagrigliati.it\/es\/producto\/rung-25x30h\/\" \/>\n<meta property=\"og:site_name\" content=\"Abagrigliati ES\" \/>\n<meta property=\"article:modified_time\" content=\"2023-11-02T14:07:18+00:00\" \/>\n<meta property=\"og:image\" content=\"https:\/\/www.abagrigliati.it\/es\/wp-content\/uploads\/sites\/5\/2021\/12\/Piolo-25x30H.jpg\" \/>\n\t<meta property=\"og:image:width\" content=\"1000\" \/>\n\t<meta property=\"og:image:height\" content=\"1000\" \/>\n\t<meta property=\"og:image:type\" content=\"image\/jpeg\" \/>\n<meta name=\"twitter:card\" content=\"summary_large_image\" \/>\n<meta name=\"twitter:label1\" content=\"Tiempo de lectura\" \/>\n\t<meta name=\"twitter:data1\" content=\"1 minuto\" \/>\n<script type=\"application\/ld+json\" class=\"yoast-schema-graph\">{\"@context\":\"https:\\\/\\\/schema.org\",\"@graph\":[{\"@type\":\"WebPage\",\"@id\":\"https:\\\/\\\/www.abagrigliati.it\\\/es\\\/producto\\\/rung-25x30h\\\/\",\"url\":\"https:\\\/\\\/www.abagrigliati.it\\\/es\\\/producto\\\/rung-25x30h\\\/\",\"name\":\"Pelda\u00f1o 25x30h | Abagrigliati ES\",\"isPartOf\":{\"@id\":\"https:\\\/\\\/www.abagrigliati.it\\\/es\\\/#website\"},\"primaryImageOfPage\":{\"@id\":\"https:\\\/\\\/www.abagrigliati.it\\\/es\\\/producto\\\/rung-25x30h\\\/#primaryimage\"},\"image\":{\"@id\":\"https:\\\/\\\/www.abagrigliati.it\\\/es\\\/producto\\\/rung-25x30h\\\/#primaryimage\"},\"thumbnailUrl\":\"https:\\\/\\\/www.abagrigliati.it\\\/es\\\/wp-content\\\/uploads\\\/sites\\\/5\\\/2021\\\/12\\\/Piolo-25x30H.jpg\",\"datePublished\":\"2021-12-21T17:13:45+00:00\",\"dateModified\":\"2023-11-02T14:07:18+00:00\",\"description\":\"Pelda\u00f1o Secciones disponibles: b x a x Esp. (mm) 25x30x1.5 25x30x2.0 Largo (mm): 2000 Material:Acero Bruto Esp. 2.0 S235JR (paquetes de 10 barras); Acero\",\"breadcrumb\":{\"@id\":\"https:\\\/\\\/www.abagrigliati.it\\\/es\\\/producto\\\/rung-25x30h\\\/#breadcrumb\"},\"inLanguage\":\"es\",\"potentialAction\":[{\"@type\":\"ReadAction\",\"target\":[\"https:\\\/\\\/www.abagrigliati.it\\\/es\\\/producto\\\/rung-25x30h\\\/\"]}]},{\"@type\":\"ImageObject\",\"inLanguage\":\"es\",\"@id\":\"https:\\\/\\\/www.abagrigliati.it\\\/es\\\/producto\\\/rung-25x30h\\\/#primaryimage\",\"url\":\"https:\\\/\\\/www.abagrigliati.it\\\/es\\\/wp-content\\\/uploads\\\/sites\\\/5\\\/2021\\\/12\\\/Piolo-25x30H.jpg\",\"contentUrl\":\"https:\\\/\\\/www.abagrigliati.it\\\/es\\\/wp-content\\\/uploads\\\/sites\\\/5\\\/2021\\\/12\\\/Piolo-25x30H.jpg\",\"width\":1000,\"height\":1000},{\"@type\":\"BreadcrumbList\",\"@id\":\"https:\\\/\\\/www.abagrigliati.it\\\/es\\\/producto\\\/rung-25x30h\\\/#breadcrumb\",\"itemListElement\":[{\"@type\":\"ListItem\",\"position\":1,\"name\":\"Home\",\"item\":\"https:\\\/\\\/www.abagrigliati.it\\\/es\\\/\"},{\"@type\":\"ListItem\",\"position\":2,\"name\":\"Productos\",\"item\":\"https:\\\/\\\/www.abagrigliati.it\\\/es\\\/shop\\\/\"},{\"@type\":\"ListItem\",\"position\":3,\"name\":\"Pelda\u00f1o 25x30h\"}]},{\"@type\":\"WebSite\",\"@id\":\"https:\\\/\\\/www.abagrigliati.it\\\/es\\\/#website\",\"url\":\"https:\\\/\\\/www.abagrigliati.it\\\/es\\\/\",\"name\":\"Abagrigliati\",\"description\":\"\",\"publisher\":{\"@id\":\"https:\\\/\\\/www.abagrigliati.it\\\/es\\\/#organization\"},\"potentialAction\":[{\"@type\":\"SearchAction\",\"target\":{\"@type\":\"EntryPoint\",\"urlTemplate\":\"https:\\\/\\\/www.abagrigliati.it\\\/es\\\/?s={search_term_string}\"},\"query-input\":{\"@type\":\"PropertyValueSpecification\",\"valueRequired\":true,\"valueName\":\"search_term_string\"}}],\"inLanguage\":\"es\"},{\"@type\":\"Organization\",\"@id\":\"https:\\\/\\\/www.abagrigliati.it\\\/es\\\/#organization\",\"name\":\"Abagrigliati\",\"url\":\"https:\\\/\\\/www.abagrigliati.it\\\/es\\\/\",\"logo\":{\"@type\":\"ImageObject\",\"inLanguage\":\"es\",\"@id\":\"https:\\\/\\\/www.abagrigliati.it\\\/es\\\/#\\\/schema\\\/logo\\\/image\\\/\",\"url\":\"https:\\\/\\\/www.abagrigliati.it\\\/es\\\/wp-content\\\/uploads\\\/sites\\\/5\\\/2022\\\/01\\\/LogoABAGriglaiti.svg\",\"contentUrl\":\"https:\\\/\\\/www.abagrigliati.it\\\/es\\\/wp-content\\\/uploads\\\/sites\\\/5\\\/2022\\\/01\\\/LogoABAGriglaiti.svg\",\"width\":223,\"height\":50,\"caption\":\"Abagrigliati\"},\"image\":{\"@id\":\"https:\\\/\\\/www.abagrigliati.it\\\/es\\\/#\\\/schema\\\/logo\\\/image\\\/\"}}]}<\/script>\n<!-- \/ Yoast SEO plugin. -->","yoast_head_json":{"title":"Pelda\u00f1o 25x30h | Abagrigliati ES","description":"Pelda\u00f1o Secciones disponibles: b x a x Esp. (mm) 25x30x1.5 25x30x2.0 Largo (mm): 2000 Material:Acero Bruto Esp. 2.0 S235JR (paquetes de 10 barras); Acero","robots":{"index":"index","follow":"follow","max-snippet":"max-snippet:-1","max-image-preview":"max-image-preview:large","max-video-preview":"max-video-preview:-1"},"canonical":"https:\/\/www.abagrigliati.it\/es\/producto\/rung-25x30h\/","og_locale":"es_ES","og_type":"article","og_title":"Pelda\u00f1o 25x30h | Abagrigliati ES","og_description":"Pelda\u00f1o Secciones disponibles: b x a x Esp. (mm) 25x30x1.5 25x30x2.0 Largo (mm): 2000 Material:Acero Bruto Esp. 2.0 S235JR (paquetes de 10 barras); Acero","og_url":"https:\/\/www.abagrigliati.it\/es\/producto\/rung-25x30h\/","og_site_name":"Abagrigliati ES","article_modified_time":"2023-11-02T14:07:18+00:00","og_image":[{"width":1000,"height":1000,"url":"https:\/\/www.abagrigliati.it\/es\/wp-content\/uploads\/sites\/5\/2021\/12\/Piolo-25x30H.jpg","type":"image\/jpeg"}],"twitter_card":"summary_large_image","twitter_misc":{"Tiempo de lectura":"1 minuto"},"schema":{"@context":"https:\/\/schema.org","@graph":[{"@type":"WebPage","@id":"https:\/\/www.abagrigliati.it\/es\/producto\/rung-25x30h\/","url":"https:\/\/www.abagrigliati.it\/es\/producto\/rung-25x30h\/","name":"Pelda\u00f1o 25x30h | Abagrigliati ES","isPartOf":{"@id":"https:\/\/www.abagrigliati.it\/es\/#website"},"primaryImageOfPage":{"@id":"https:\/\/www.abagrigliati.it\/es\/producto\/rung-25x30h\/#primaryimage"},"image":{"@id":"https:\/\/www.abagrigliati.it\/es\/producto\/rung-25x30h\/#primaryimage"},"thumbnailUrl":"https:\/\/www.abagrigliati.it\/es\/wp-content\/uploads\/sites\/5\/2021\/12\/Piolo-25x30H.jpg","datePublished":"2021-12-21T17:13:45+00:00","dateModified":"2023-11-02T14:07:18+00:00","description":"Pelda\u00f1o Secciones disponibles: b x a x Esp. (mm) 25x30x1.5 25x30x2.0 Largo (mm): 2000 Material:Acero Bruto Esp. 2.0 S235JR (paquetes de 10 barras); Acero","breadcrumb":{"@id":"https:\/\/www.abagrigliati.it\/es\/producto\/rung-25x30h\/#breadcrumb"},"inLanguage":"es","potentialAction":[{"@type":"ReadAction","target":["https:\/\/www.abagrigliati.it\/es\/producto\/rung-25x30h\/"]}]},{"@type":"ImageObject","inLanguage":"es","@id":"https:\/\/www.abagrigliati.it\/es\/producto\/rung-25x30h\/#primaryimage","url":"https:\/\/www.abagrigliati.it\/es\/wp-content\/uploads\/sites\/5\/2021\/12\/Piolo-25x30H.jpg","contentUrl":"https:\/\/www.abagrigliati.it\/es\/wp-content\/uploads\/sites\/5\/2021\/12\/Piolo-25x30H.jpg","width":1000,"height":1000},{"@type":"BreadcrumbList","@id":"https:\/\/www.abagrigliati.it\/es\/producto\/rung-25x30h\/#breadcrumb","itemListElement":[{"@type":"ListItem","position":1,"name":"Home","item":"https:\/\/www.abagrigliati.it\/es\/"},{"@type":"ListItem","position":2,"name":"Productos","item":"https:\/\/www.abagrigliati.it\/es\/shop\/"},{"@type":"ListItem","position":3,"name":"Pelda\u00f1o 25x30h"}]},{"@type":"WebSite","@id":"https:\/\/www.abagrigliati.it\/es\/#website","url":"https:\/\/www.abagrigliati.it\/es\/","name":"Abagrigliati","description":"","publisher":{"@id":"https:\/\/www.abagrigliati.it\/es\/#organization"},"potentialAction":[{"@type":"SearchAction","target":{"@type":"EntryPoint","urlTemplate":"https:\/\/www.abagrigliati.it\/es\/?s={search_term_string}"},"query-input":{"@type":"PropertyValueSpecification","valueRequired":true,"valueName":"search_term_string"}}],"inLanguage":"es"},{"@type":"Organization","@id":"https:\/\/www.abagrigliati.it\/es\/#organization","name":"Abagrigliati","url":"https:\/\/www.abagrigliati.it\/es\/","logo":{"@type":"ImageObject","inLanguage":"es","@id":"https:\/\/www.abagrigliati.it\/es\/#\/schema\/logo\/image\/","url":"https:\/\/www.abagrigliati.it\/es\/wp-content\/uploads\/sites\/5\/2022\/01\/LogoABAGriglaiti.svg","contentUrl":"https:\/\/www.abagrigliati.it\/es\/wp-content\/uploads\/sites\/5\/2022\/01\/LogoABAGriglaiti.svg","width":223,"height":50,"caption":"Abagrigliati"},"image":{"@id":"https:\/\/www.abagrigliati.it\/es\/#\/schema\/logo\/image\/"}}]}},"_links":{"self":[{"href":"https:\/\/www.abagrigliati.it\/es\/wp-json\/wp\/v2\/product\/2403","targetHints":{"allow":["GET"]}}],"collection":[{"href":"https:\/\/www.abagrigliati.it\/es\/wp-json\/wp\/v2\/product"}],"about":[{"href":"https:\/\/www.abagrigliati.it\/es\/wp-json\/wp\/v2\/types\/product"}],"replies":[{"embeddable":true,"href":"https:\/\/www.abagrigliati.it\/es\/wp-json\/wp\/v2\/comments?post=2403"}],"wp:featuredmedia":[{"embeddable":true,"href":"https:\/\/www.abagrigliati.it\/es\/wp-json\/wp\/v2\/media\/2405"}],"wp:attachment":[{"href":"https:\/\/www.abagrigliati.it\/es\/wp-json\/wp\/v2\/media?parent=2403"}],"wp:term":[{"taxonomy":"product_brand","embeddable":true,"href":"https:\/\/www.abagrigliati.it\/es\/wp-json\/wp\/v2\/product_brand?post=2403"},{"taxonomy":"product_cat","embeddable":true,"href":"https:\/\/www.abagrigliati.it\/es\/wp-json\/wp\/v2\/product_cat?post=2403"},{"taxonomy":"product_tag","embeddable":true,"href":"https:\/\/www.abagrigliati.it\/es\/wp-json\/wp\/v2\/product_tag?post=2403"}],"curies":[{"name":"wp","href":"https:\/\/api.w.org\/{rel}","templated":true}]}}