{"id":2406,"date":"2021-12-21T18:16:07","date_gmt":"2021-12-21T17:16:07","guid":{"rendered":"https:\/\/www.abagrigliati.it\/es\/?post_type=product&#038;p=2406"},"modified":"2023-10-16T11:59:27","modified_gmt":"2023-10-16T09:59:27","slug":"rung-50x34h","status":"publish","type":"product","link":"https:\/\/www.abagrigliati.it\/es\/producto\/rung-50x34h\/","title":{"rendered":"Pelda\u00f1o 50x34h"},"content":{"rendered":"<p>Pelda\u00f1o<\/p>\n<p><strong>Secciones disponibles: b x a x Esp. (mm)<\/strong><\/p>\n<ul class=\"number_sec\">\n<li>50x34x2.0<\/li>\n<\/ul>\n<p><strong>Largo (mm):<\/strong><\/p>\n<p>2000<\/p>\n<div class=\"border_bottom_sec\"><strong>Material:<\/strong>Acero Bruto S235JR<br \/>\n<img decoding=\"async\" class=\"alignnone wp-image-4024 size-medium\" src=\"https:\/\/www.abagrigliati.it\/es\/wp-content\/uploads\/sites\/5\/2021\/11\/SPA-R11-300x81.png\" alt=\"\" width=\"300\" height=\"81\" srcset=\"https:\/\/www.abagrigliati.it\/es\/wp-content\/uploads\/sites\/5\/2021\/11\/SPA-R11-300x81.png 300w, https:\/\/www.abagrigliati.it\/es\/wp-content\/uploads\/sites\/5\/2021\/11\/SPA-R11-1024x276.png 1024w, https:\/\/www.abagrigliati.it\/es\/wp-content\/uploads\/sites\/5\/2021\/11\/SPA-R11-768x207.png 768w, https:\/\/www.abagrigliati.it\/es\/wp-content\/uploads\/sites\/5\/2021\/11\/SPA-R11-600x162.png 600w, https:\/\/www.abagrigliati.it\/es\/wp-content\/uploads\/sites\/5\/2021\/11\/SPA-R11.png 1320w\" sizes=\"(max-width: 300px) 100vw, 300px\" \/><\/div>\n<div class=\"border_bottom_sec\">\n<p><strong>Caracter\u00edsticas:<\/strong>Adecaudo para escaleras de uso t\u00e9cnico; equipada con pelda\u00f1os para<br \/>\nmantenimiento torres o silos; Escalera equipada con pelda\u00f1os para<br \/>\nm\u00e1quinas operativa y camiones cisternas; Base de apoyo ampliada; Categor\u00eda Antideslizante R11 DIN 51130<\/p>\n<\/div>\n","protected":false},"excerpt":{"rendered":"<p>Pelda\u00f1o Secciones disponibles: b x a x Esp. (mm) 50x34x2.0 Largo (mm): 2000 Material:Acero Bruto S235JR Caracter\u00edsticas:Adecaudo para escaleras de uso t\u00e9cnico; equipada con pelda\u00f1os para mantenimiento torres o silos; Escalera equipada con pelda\u00f1os para m\u00e1quinas operativa y camiones cisternas; Base de apoyo ampliada; Categor\u00eda Antideslizante R11 DIN 51130<\/p>\n","protected":false},"featured_media":2407,"comment_status":"open","ping_status":"closed","template":"","meta":{"_acf_changed":false},"product_brand":[],"product_cat":[48,58],"product_tag":[],"class_list":{"0":"post-2406","1":"product","2":"type-product","3":"status-publish","4":"has-post-thumbnail","6":"product_cat-escalones","7":"product_cat-peldano","8":"entry","10":"first","11":"instock","12":"shipping-taxable","13":"product-type-simple"},"acf":[],"_links":{"self":[{"href":"https:\/\/www.abagrigliati.it\/es\/wp-json\/wp\/v2\/product\/2406","targetHints":{"allow":["GET"]}}],"collection":[{"href":"https:\/\/www.abagrigliati.it\/es\/wp-json\/wp\/v2\/product"}],"about":[{"href":"https:\/\/www.abagrigliati.it\/es\/wp-json\/wp\/v2\/types\/product"}],"replies":[{"embeddable":true,"href":"https:\/\/www.abagrigliati.it\/es\/wp-json\/wp\/v2\/comments?post=2406"}],"wp:featuredmedia":[{"embeddable":true,"href":"https:\/\/www.abagrigliati.it\/es\/wp-json\/wp\/v2\/media\/2407"}],"wp:attachment":[{"href":"https:\/\/www.abagrigliati.it\/es\/wp-json\/wp\/v2\/media?parent=2406"}],"wp:term":[{"taxonomy":"product_brand","embeddable":true,"href":"https:\/\/www.abagrigliati.it\/es\/wp-json\/wp\/v2\/product_brand?post=2406"},{"taxonomy":"product_cat","embeddable":true,"href":"https:\/\/www.abagrigliati.it\/es\/wp-json\/wp\/v2\/product_cat?post=2406"},{"taxonomy":"product_tag","embeddable":true,"href":"https:\/\/www.abagrigliati.it\/es\/wp-json\/wp\/v2\/product_tag?post=2406"}],"curies":[{"name":"wp","href":"https:\/\/api.w.org\/{rel}","templated":true}]}}