{"id":3126,"date":"2022-02-10T11:14:11","date_gmt":"2022-02-10T10:14:11","guid":{"rendered":"https:\/\/www.abagrigliati.it\/es\/?post_type=product&#038;p=3126"},"modified":"2023-10-16T11:57:33","modified_gmt":"2023-10-16T09:57:33","slug":"step-gf250ts","status":"publish","type":"product","link":"https:\/\/www.abagrigliati.it\/es\/producto\/step-gf250ts\/","title":{"rendered":"Escal\u00f3n GF250TS"},"content":{"rendered":"<p>Escalones GF Cabezas Soldadas<\/p>\n<p><strong>Secciones disponibles: b x a x Esp. (mm) <\/strong><\/p>\n<ul class=\"number_sec\">\n<li>250x58x2.0<\/li>\n<\/ul>\n<p><strong>Largo (mm):<\/strong><\/p>\n<p>de 800 a 1000.<br \/>\n<strong>Medidas intermedias:<\/strong><br \/>\nContacte a nuestro departamento t\u00e9cnico<\/p>\n<div class=\"border_bottom_sec\"><strong>Material:<\/strong>Acero Bruto; Acero Galvanizado en caliente<br \/>\n<img decoding=\"async\" class=\"alignnone wp-image-4024 size-medium\" src=\"https:\/\/www.abagrigliati.it\/es\/wp-content\/uploads\/sites\/5\/2021\/11\/SPA-R11-300x81.png\" alt=\"\" width=\"300\" height=\"81\" srcset=\"https:\/\/www.abagrigliati.it\/es\/wp-content\/uploads\/sites\/5\/2021\/11\/SPA-R11-300x81.png 300w, https:\/\/www.abagrigliati.it\/es\/wp-content\/uploads\/sites\/5\/2021\/11\/SPA-R11-1024x276.png 1024w, https:\/\/www.abagrigliati.it\/es\/wp-content\/uploads\/sites\/5\/2021\/11\/SPA-R11-768x207.png 768w, https:\/\/www.abagrigliati.it\/es\/wp-content\/uploads\/sites\/5\/2021\/11\/SPA-R11-600x162.png 600w, https:\/\/www.abagrigliati.it\/es\/wp-content\/uploads\/sites\/5\/2021\/11\/SPA-R11.png 1320w\" sizes=\"(max-width: 300px) 100vw, 300px\" \/><\/div>\n<div class=\"border_bottom_sec\">\n<p><strong>Caracter\u00edsticas:<\/strong>Superficie antip\u00e1nico, excelente agarre antideslizante en ambas direcciones; Flujo veloz de los agentes atmosf\u00e9ricos; Adecuado para escaleras de seguridad y pasarelas; MARCADO CE 1090-1: EXC2; Categor\u00eda Antideslizante R11 DIN 51130.<\/p>\n<\/div>\n","protected":false},"excerpt":{"rendered":"<p>Escalones GF Cabezas Soldadas Secciones disponibles: b x a x Esp. (mm) 250x58x2.0 Largo (mm): de 800 a 1000. Medidas intermedias: Contacte a nuestro departamento t\u00e9cnico Material:Acero Bruto; Acero Galvanizado en caliente Caracter\u00edsticas:Superficie antip\u00e1nico, excelente agarre antideslizante en ambas direcciones; Flujo veloz de los agentes atmosf\u00e9ricos; Adecuado para escaleras de seguridad y pasarelas; MARCADO CE&hellip; <a class=\"more-link\" href=\"https:\/\/www.abagrigliati.it\/es\/producto\/step-gf250ts\/\">Seguir leyendo <span class=\"screen-reader-text\">Escal\u00f3n GF250TS<\/span><\/a><\/p>\n","protected":false},"featured_media":3135,"comment_status":"open","ping_status":"closed","template":"","meta":{"_acf_changed":false},"product_brand":[],"product_cat":[48,70],"product_tag":[],"class_list":{"0":"post-3126","1":"product","2":"type-product","3":"status-publish","4":"has-post-thumbnail","6":"product_cat-escalones","7":"product_cat-escalones-gf-cabezas-soldadas","8":"entry","10":"first","11":"instock","12":"shipping-taxable","13":"product-type-simple"},"acf":[],"yoast_head":"<!-- This site is optimized with the Yoast SEO plugin v27.3 - https:\/\/yoast.com\/product\/yoast-seo-wordpress\/ -->\n<title>Escal\u00f3n GF250TS | Abagrigliati ES<\/title>\n<meta name=\"description\" content=\"Escalones GF Cabezas Soldadas Secciones disponibles: b x a x Esp. (mm) 250x58x2.0 Largo (mm): de 800 a 1000. Medidas intermedias: Contacte a nuestro\" \/>\n<meta name=\"robots\" content=\"index, follow, max-snippet:-1, max-image-preview:large, max-video-preview:-1\" \/>\n<link rel=\"canonical\" href=\"https:\/\/www.abagrigliati.it\/es\/producto\/step-gf250ts\/\" \/>\n<meta property=\"og:locale\" content=\"es_ES\" \/>\n<meta property=\"og:type\" content=\"article\" \/>\n<meta property=\"og:title\" content=\"Escal\u00f3n GF250TS | Abagrigliati ES\" \/>\n<meta property=\"og:description\" content=\"Escalones GF Cabezas Soldadas Secciones disponibles: b x a x Esp. (mm) 250x58x2.0 Largo (mm): de 800 a 1000. Medidas intermedias: Contacte a nuestro\" \/>\n<meta property=\"og:url\" content=\"https:\/\/www.abagrigliati.it\/es\/producto\/step-gf250ts\/\" \/>\n<meta property=\"og:site_name\" content=\"Abagrigliati ES\" \/>\n<meta property=\"article:modified_time\" content=\"2023-10-16T09:57:33+00:00\" \/>\n<meta property=\"og:image\" content=\"https:\/\/www.abagrigliati.it\/es\/wp-content\/uploads\/sites\/5\/2022\/02\/Dettaglio-testa-Gradino-Saldato-GF250x58.jpg\" \/>\n\t<meta property=\"og:image:width\" content=\"1000\" \/>\n\t<meta property=\"og:image:height\" content=\"1000\" \/>\n\t<meta property=\"og:image:type\" content=\"image\/jpeg\" \/>\n<meta name=\"twitter:card\" content=\"summary_large_image\" \/>\n<meta name=\"twitter:label1\" content=\"Tiempo de lectura\" \/>\n\t<meta name=\"twitter:data1\" content=\"1 minuto\" \/>\n<script type=\"application\/ld+json\" class=\"yoast-schema-graph\">{\"@context\":\"https:\\\/\\\/schema.org\",\"@graph\":[{\"@type\":\"WebPage\",\"@id\":\"https:\\\/\\\/www.abagrigliati.it\\\/es\\\/producto\\\/step-gf250ts\\\/\",\"url\":\"https:\\\/\\\/www.abagrigliati.it\\\/es\\\/producto\\\/step-gf250ts\\\/\",\"name\":\"Escal\u00f3n GF250TS | Abagrigliati ES\",\"isPartOf\":{\"@id\":\"https:\\\/\\\/www.abagrigliati.it\\\/es\\\/#website\"},\"primaryImageOfPage\":{\"@id\":\"https:\\\/\\\/www.abagrigliati.it\\\/es\\\/producto\\\/step-gf250ts\\\/#primaryimage\"},\"image\":{\"@id\":\"https:\\\/\\\/www.abagrigliati.it\\\/es\\\/producto\\\/step-gf250ts\\\/#primaryimage\"},\"thumbnailUrl\":\"https:\\\/\\\/www.abagrigliati.it\\\/es\\\/wp-content\\\/uploads\\\/sites\\\/5\\\/2022\\\/02\\\/Dettaglio-testa-Gradino-Saldato-GF250x58.jpg\",\"datePublished\":\"2022-02-10T10:14:11+00:00\",\"dateModified\":\"2023-10-16T09:57:33+00:00\",\"description\":\"Escalones GF Cabezas Soldadas Secciones disponibles: b x a x Esp. (mm) 250x58x2.0 Largo (mm): de 800 a 1000. Medidas intermedias: Contacte a nuestro\",\"breadcrumb\":{\"@id\":\"https:\\\/\\\/www.abagrigliati.it\\\/es\\\/producto\\\/step-gf250ts\\\/#breadcrumb\"},\"inLanguage\":\"es\",\"potentialAction\":[{\"@type\":\"ReadAction\",\"target\":[\"https:\\\/\\\/www.abagrigliati.it\\\/es\\\/producto\\\/step-gf250ts\\\/\"]}]},{\"@type\":\"ImageObject\",\"inLanguage\":\"es\",\"@id\":\"https:\\\/\\\/www.abagrigliati.it\\\/es\\\/producto\\\/step-gf250ts\\\/#primaryimage\",\"url\":\"https:\\\/\\\/www.abagrigliati.it\\\/es\\\/wp-content\\\/uploads\\\/sites\\\/5\\\/2022\\\/02\\\/Dettaglio-testa-Gradino-Saldato-GF250x58.jpg\",\"contentUrl\":\"https:\\\/\\\/www.abagrigliati.it\\\/es\\\/wp-content\\\/uploads\\\/sites\\\/5\\\/2022\\\/02\\\/Dettaglio-testa-Gradino-Saldato-GF250x58.jpg\",\"width\":1000,\"height\":1000},{\"@type\":\"BreadcrumbList\",\"@id\":\"https:\\\/\\\/www.abagrigliati.it\\\/es\\\/producto\\\/step-gf250ts\\\/#breadcrumb\",\"itemListElement\":[{\"@type\":\"ListItem\",\"position\":1,\"name\":\"Home\",\"item\":\"https:\\\/\\\/www.abagrigliati.it\\\/es\\\/\"},{\"@type\":\"ListItem\",\"position\":2,\"name\":\"Productos\",\"item\":\"https:\\\/\\\/www.abagrigliati.it\\\/es\\\/shop\\\/\"},{\"@type\":\"ListItem\",\"position\":3,\"name\":\"Escal\u00f3n GF250TS\"}]},{\"@type\":\"WebSite\",\"@id\":\"https:\\\/\\\/www.abagrigliati.it\\\/es\\\/#website\",\"url\":\"https:\\\/\\\/www.abagrigliati.it\\\/es\\\/\",\"name\":\"Abagrigliati\",\"description\":\"\",\"publisher\":{\"@id\":\"https:\\\/\\\/www.abagrigliati.it\\\/es\\\/#organization\"},\"potentialAction\":[{\"@type\":\"SearchAction\",\"target\":{\"@type\":\"EntryPoint\",\"urlTemplate\":\"https:\\\/\\\/www.abagrigliati.it\\\/es\\\/?s={search_term_string}\"},\"query-input\":{\"@type\":\"PropertyValueSpecification\",\"valueRequired\":true,\"valueName\":\"search_term_string\"}}],\"inLanguage\":\"es\"},{\"@type\":\"Organization\",\"@id\":\"https:\\\/\\\/www.abagrigliati.it\\\/es\\\/#organization\",\"name\":\"Abagrigliati\",\"url\":\"https:\\\/\\\/www.abagrigliati.it\\\/es\\\/\",\"logo\":{\"@type\":\"ImageObject\",\"inLanguage\":\"es\",\"@id\":\"https:\\\/\\\/www.abagrigliati.it\\\/es\\\/#\\\/schema\\\/logo\\\/image\\\/\",\"url\":\"https:\\\/\\\/www.abagrigliati.it\\\/es\\\/wp-content\\\/uploads\\\/sites\\\/5\\\/2022\\\/01\\\/LogoABAGriglaiti.svg\",\"contentUrl\":\"https:\\\/\\\/www.abagrigliati.it\\\/es\\\/wp-content\\\/uploads\\\/sites\\\/5\\\/2022\\\/01\\\/LogoABAGriglaiti.svg\",\"width\":223,\"height\":50,\"caption\":\"Abagrigliati\"},\"image\":{\"@id\":\"https:\\\/\\\/www.abagrigliati.it\\\/es\\\/#\\\/schema\\\/logo\\\/image\\\/\"}}]}<\/script>\n<!-- \/ Yoast SEO plugin. -->","yoast_head_json":{"title":"Escal\u00f3n GF250TS | Abagrigliati ES","description":"Escalones GF Cabezas Soldadas Secciones disponibles: b x a x Esp. (mm) 250x58x2.0 Largo (mm): de 800 a 1000. Medidas intermedias: Contacte a nuestro","robots":{"index":"index","follow":"follow","max-snippet":"max-snippet:-1","max-image-preview":"max-image-preview:large","max-video-preview":"max-video-preview:-1"},"canonical":"https:\/\/www.abagrigliati.it\/es\/producto\/step-gf250ts\/","og_locale":"es_ES","og_type":"article","og_title":"Escal\u00f3n GF250TS | Abagrigliati ES","og_description":"Escalones GF Cabezas Soldadas Secciones disponibles: b x a x Esp. (mm) 250x58x2.0 Largo (mm): de 800 a 1000. Medidas intermedias: Contacte a nuestro","og_url":"https:\/\/www.abagrigliati.it\/es\/producto\/step-gf250ts\/","og_site_name":"Abagrigliati ES","article_modified_time":"2023-10-16T09:57:33+00:00","og_image":[{"width":1000,"height":1000,"url":"https:\/\/www.abagrigliati.it\/es\/wp-content\/uploads\/sites\/5\/2022\/02\/Dettaglio-testa-Gradino-Saldato-GF250x58.jpg","type":"image\/jpeg"}],"twitter_card":"summary_large_image","twitter_misc":{"Tiempo de lectura":"1 minuto"},"schema":{"@context":"https:\/\/schema.org","@graph":[{"@type":"WebPage","@id":"https:\/\/www.abagrigliati.it\/es\/producto\/step-gf250ts\/","url":"https:\/\/www.abagrigliati.it\/es\/producto\/step-gf250ts\/","name":"Escal\u00f3n GF250TS | Abagrigliati ES","isPartOf":{"@id":"https:\/\/www.abagrigliati.it\/es\/#website"},"primaryImageOfPage":{"@id":"https:\/\/www.abagrigliati.it\/es\/producto\/step-gf250ts\/#primaryimage"},"image":{"@id":"https:\/\/www.abagrigliati.it\/es\/producto\/step-gf250ts\/#primaryimage"},"thumbnailUrl":"https:\/\/www.abagrigliati.it\/es\/wp-content\/uploads\/sites\/5\/2022\/02\/Dettaglio-testa-Gradino-Saldato-GF250x58.jpg","datePublished":"2022-02-10T10:14:11+00:00","dateModified":"2023-10-16T09:57:33+00:00","description":"Escalones GF Cabezas Soldadas Secciones disponibles: b x a x Esp. (mm) 250x58x2.0 Largo (mm): de 800 a 1000. Medidas intermedias: Contacte a nuestro","breadcrumb":{"@id":"https:\/\/www.abagrigliati.it\/es\/producto\/step-gf250ts\/#breadcrumb"},"inLanguage":"es","potentialAction":[{"@type":"ReadAction","target":["https:\/\/www.abagrigliati.it\/es\/producto\/step-gf250ts\/"]}]},{"@type":"ImageObject","inLanguage":"es","@id":"https:\/\/www.abagrigliati.it\/es\/producto\/step-gf250ts\/#primaryimage","url":"https:\/\/www.abagrigliati.it\/es\/wp-content\/uploads\/sites\/5\/2022\/02\/Dettaglio-testa-Gradino-Saldato-GF250x58.jpg","contentUrl":"https:\/\/www.abagrigliati.it\/es\/wp-content\/uploads\/sites\/5\/2022\/02\/Dettaglio-testa-Gradino-Saldato-GF250x58.jpg","width":1000,"height":1000},{"@type":"BreadcrumbList","@id":"https:\/\/www.abagrigliati.it\/es\/producto\/step-gf250ts\/#breadcrumb","itemListElement":[{"@type":"ListItem","position":1,"name":"Home","item":"https:\/\/www.abagrigliati.it\/es\/"},{"@type":"ListItem","position":2,"name":"Productos","item":"https:\/\/www.abagrigliati.it\/es\/shop\/"},{"@type":"ListItem","position":3,"name":"Escal\u00f3n GF250TS"}]},{"@type":"WebSite","@id":"https:\/\/www.abagrigliati.it\/es\/#website","url":"https:\/\/www.abagrigliati.it\/es\/","name":"Abagrigliati","description":"","publisher":{"@id":"https:\/\/www.abagrigliati.it\/es\/#organization"},"potentialAction":[{"@type":"SearchAction","target":{"@type":"EntryPoint","urlTemplate":"https:\/\/www.abagrigliati.it\/es\/?s={search_term_string}"},"query-input":{"@type":"PropertyValueSpecification","valueRequired":true,"valueName":"search_term_string"}}],"inLanguage":"es"},{"@type":"Organization","@id":"https:\/\/www.abagrigliati.it\/es\/#organization","name":"Abagrigliati","url":"https:\/\/www.abagrigliati.it\/es\/","logo":{"@type":"ImageObject","inLanguage":"es","@id":"https:\/\/www.abagrigliati.it\/es\/#\/schema\/logo\/image\/","url":"https:\/\/www.abagrigliati.it\/es\/wp-content\/uploads\/sites\/5\/2022\/01\/LogoABAGriglaiti.svg","contentUrl":"https:\/\/www.abagrigliati.it\/es\/wp-content\/uploads\/sites\/5\/2022\/01\/LogoABAGriglaiti.svg","width":223,"height":50,"caption":"Abagrigliati"},"image":{"@id":"https:\/\/www.abagrigliati.it\/es\/#\/schema\/logo\/image\/"}}]}},"_links":{"self":[{"href":"https:\/\/www.abagrigliati.it\/es\/wp-json\/wp\/v2\/product\/3126","targetHints":{"allow":["GET"]}}],"collection":[{"href":"https:\/\/www.abagrigliati.it\/es\/wp-json\/wp\/v2\/product"}],"about":[{"href":"https:\/\/www.abagrigliati.it\/es\/wp-json\/wp\/v2\/types\/product"}],"replies":[{"embeddable":true,"href":"https:\/\/www.abagrigliati.it\/es\/wp-json\/wp\/v2\/comments?post=3126"}],"wp:featuredmedia":[{"embeddable":true,"href":"https:\/\/www.abagrigliati.it\/es\/wp-json\/wp\/v2\/media\/3135"}],"wp:attachment":[{"href":"https:\/\/www.abagrigliati.it\/es\/wp-json\/wp\/v2\/media?parent=3126"}],"wp:term":[{"taxonomy":"product_brand","embeddable":true,"href":"https:\/\/www.abagrigliati.it\/es\/wp-json\/wp\/v2\/product_brand?post=3126"},{"taxonomy":"product_cat","embeddable":true,"href":"https:\/\/www.abagrigliati.it\/es\/wp-json\/wp\/v2\/product_cat?post=3126"},{"taxonomy":"product_tag","embeddable":true,"href":"https:\/\/www.abagrigliati.it\/es\/wp-json\/wp\/v2\/product_tag?post=3126"}],"curies":[{"name":"wp","href":"https:\/\/api.w.org\/{rel}","templated":true}]}}