{"id":1360,"date":"2021-11-15T12:57:38","date_gmt":"2021-11-15T11:57:38","guid":{"rendered":"https:\/\/www.abagrigliati.it\/fr\/?post_type=product&#038;p=1360"},"modified":"2025-07-16T14:22:08","modified_gmt":"2025-07-16T12:22:08","slug":"profil-rsc-f","status":"publish","type":"product","link":"https:\/\/www.abagrigliati.it\/fr\/produit\/profil-rsc-f\/","title":{"rendered":"Profil RSC\/F"},"content":{"rendered":"<p>Profil P50 pour planchers pour passage des chariots<\/p>\n<p><strong>Sections disponibles &#8211; b x h x \u00c9p. (mm)<\/strong><\/p>\n<ul class=\"number_sec\">\n<li>200x58x1.2<br \/>\n250x58x1.2<\/li>\n<li>200x58x1.5<br \/>\n250x58x1.5<\/li>\n<li>200x58x2.0<br \/>\n250x58x2.0<\/li>\n<\/ul>\n<p><strong>Longueur<\/strong><\/p>\n<p>Minimum mm 600 &#8211; Maximum mm 12000..<br \/>\nLes mesures interm\u00e9diaires sont multiples de 50 mm (= pas de 50).<\/p>\n<div class=\"border_bottom_sec\"><strong>Mat\u00e9riau <\/strong>Acier galvanis\u00e9 Sendzimir, acier brut. Galvanisation \u00e0 chaud\u00e9galement possible.<br \/>\n<img decoding=\"async\" class=\"alignnone wp-image-3831 size-medium\" src=\"https:\/\/www.abagrigliati.it\/fr\/wp-content\/uploads\/sites\/2\/2022\/05\/icona-antiscivolo-R9-en.png\" alt=\"\" width=\"300\" height=\"73\" \/><\/div>\n<div class=\"border_bottom_sec\"><strong>Destination d\u2019emploi <\/strong>La surface en bossage, en plus de contribuer au durcissement du profil, assure l\u2019effet antid\u00e9rapant. Il est particuli\u00e8rement indiqu\u00e9 pour l\u2019emploi sur mezzanines, passerelles, surfaces di circulation de tous types.<\/div>\n","protected":false},"excerpt":{"rendered":"<p>Profil P50 pour planchers pour passage des chariots Sections disponibles &#8211; b x h x \u00c9p. (mm) 200x58x1.2 250x58x1.2 200x58x1.5 250x58x1.5 200x58x2.0 250x58x2.0 Longueur Minimum mm 600 &#8211; Maximum mm 12000.. Les mesures interm\u00e9diaires sont multiples de 50 mm (= pas de 50). Mat\u00e9riau Acier galvanis\u00e9 Sendzimir, acier brut. Galvanisation \u00e0 chaud\u00e9galement possible. Destination d\u2019emploi&hellip; <a class=\"more-link\" href=\"https:\/\/www.abagrigliati.it\/fr\/produit\/profil-rsc-f\/\">Continua a leggere <span class=\"screen-reader-text\">Profil RSC\/F<\/span><\/a><\/p>\n","protected":false},"featured_media":2352,"comment_status":"open","ping_status":"closed","template":"","meta":{"_acf_changed":false},"product_brand":[],"product_cat":[20,43],"product_tag":[],"class_list":{"0":"post-1360","1":"product","2":"type-product","3":"status-publish","4":"has-post-thumbnail","6":"product_cat-planchers","7":"product_cat-profils-carrossables-p50","8":"entry","10":"first","11":"instock","12":"shipping-taxable","13":"product-type-simple"},"acf":[],"yoast_head":"<!-- This site is optimized with the Yoast SEO plugin v27.4 - https:\/\/yoast.com\/product\/yoast-seo-wordpress\/ -->\n<title>Profil RSC pour passage des chariots, pour Planchers | Abagrigliati FR<\/title>\n<meta name=\"description\" content=\"La surface en bossage durcit le profil et assure l\u2019effet antid\u00e9rapant, Indiqu\u00e9 pour l\u2019emploi sur surfaces de circulation de tous types.\" \/>\n<meta name=\"robots\" content=\"noindex, follow, max-snippet:-1, max-image-preview:large, max-video-preview:-1\" \/>\n<meta property=\"og:locale\" content=\"it_IT\" \/>\n<meta property=\"og:type\" content=\"article\" \/>\n<meta property=\"og:title\" content=\"Profil RSC pour passage des chariots, pour Planchers | Abagrigliati FR\" \/>\n<meta property=\"og:description\" content=\"La surface en bossage durcit le profil et assure l\u2019effet antid\u00e9rapant, Indiqu\u00e9 pour l\u2019emploi sur surfaces de circulation de tous types.\" \/>\n<meta property=\"og:url\" content=\"https:\/\/www.abagrigliati.it\/fr\/produit\/profil-rsc-f\/\" \/>\n<meta property=\"og:site_name\" content=\"Abagrigliati FR\" \/>\n<meta property=\"article:modified_time\" content=\"2025-07-16T12:22:08+00:00\" \/>\n<meta property=\"og:image\" content=\"https:\/\/www.abagrigliati.it\/fr\/wp-content\/uploads\/sites\/6\/2021\/11\/Profilo-RSC-F.jpg\" \/>\n\t<meta property=\"og:image:width\" content=\"1000\" \/>\n\t<meta property=\"og:image:height\" content=\"1000\" \/>\n\t<meta property=\"og:image:type\" content=\"image\/jpeg\" \/>\n<meta name=\"twitter:card\" content=\"summary_large_image\" \/>\n<meta name=\"twitter:label1\" content=\"Tempo di lettura stimato\" \/>\n\t<meta name=\"twitter:data1\" content=\"1 minuto\" \/>\n<script type=\"application\/ld+json\" class=\"yoast-schema-graph\">{\"@context\":\"https:\\\/\\\/schema.org\",\"@graph\":[{\"@type\":\"WebPage\",\"@id\":\"https:\\\/\\\/www.abagrigliati.it\\\/fr\\\/produit\\\/profil-rsc-f\\\/\",\"url\":\"https:\\\/\\\/www.abagrigliati.it\\\/fr\\\/produit\\\/profil-rsc-f\\\/\",\"name\":\"Profil RSC pour passage des chariots, pour Planchers | Abagrigliati FR\",\"isPartOf\":{\"@id\":\"https:\\\/\\\/www.abagrigliati.it\\\/fr\\\/#website\"},\"primaryImageOfPage\":{\"@id\":\"https:\\\/\\\/www.abagrigliati.it\\\/fr\\\/produit\\\/profil-rsc-f\\\/#primaryimage\"},\"image\":{\"@id\":\"https:\\\/\\\/www.abagrigliati.it\\\/fr\\\/produit\\\/profil-rsc-f\\\/#primaryimage\"},\"thumbnailUrl\":\"https:\\\/\\\/www.abagrigliati.it\\\/fr\\\/wp-content\\\/uploads\\\/sites\\\/6\\\/2021\\\/11\\\/Profilo-RSC-F.jpg\",\"datePublished\":\"2021-11-15T11:57:38+00:00\",\"dateModified\":\"2025-07-16T12:22:08+00:00\",\"description\":\"La surface en bossage durcit le profil et assure l\u2019effet antid\u00e9rapant, Indiqu\u00e9 pour l\u2019emploi sur surfaces de circulation de tous types.\",\"breadcrumb\":{\"@id\":\"https:\\\/\\\/www.abagrigliati.it\\\/fr\\\/produit\\\/profil-rsc-f\\\/#breadcrumb\"},\"inLanguage\":\"it-IT\",\"potentialAction\":[{\"@type\":\"ReadAction\",\"target\":[\"https:\\\/\\\/www.abagrigliati.it\\\/fr\\\/produit\\\/profil-rsc-f\\\/\"]}]},{\"@type\":\"ImageObject\",\"inLanguage\":\"it-IT\",\"@id\":\"https:\\\/\\\/www.abagrigliati.it\\\/fr\\\/produit\\\/profil-rsc-f\\\/#primaryimage\",\"url\":\"https:\\\/\\\/www.abagrigliati.it\\\/fr\\\/wp-content\\\/uploads\\\/sites\\\/6\\\/2021\\\/11\\\/Profilo-RSC-F.jpg\",\"contentUrl\":\"https:\\\/\\\/www.abagrigliati.it\\\/fr\\\/wp-content\\\/uploads\\\/sites\\\/6\\\/2021\\\/11\\\/Profilo-RSC-F.jpg\",\"width\":1000,\"height\":1000},{\"@type\":\"BreadcrumbList\",\"@id\":\"https:\\\/\\\/www.abagrigliati.it\\\/fr\\\/produit\\\/profil-rsc-f\\\/#breadcrumb\",\"itemListElement\":[{\"@type\":\"ListItem\",\"position\":1,\"name\":\"Home\",\"item\":\"https:\\\/\\\/www.abagrigliati.it\\\/fr\\\/\"},{\"@type\":\"ListItem\",\"position\":2,\"name\":\"Shop\",\"item\":\"https:\\\/\\\/www.abagrigliati.it\\\/fr\\\/negozio\\\/\"},{\"@type\":\"ListItem\",\"position\":3,\"name\":\"Profil RSC\\\/F\"}]},{\"@type\":\"WebSite\",\"@id\":\"https:\\\/\\\/www.abagrigliati.it\\\/fr\\\/#website\",\"url\":\"https:\\\/\\\/www.abagrigliati.it\\\/fr\\\/\",\"name\":\"Abagrigliati FR\",\"description\":\"\",\"publisher\":{\"@id\":\"https:\\\/\\\/www.abagrigliati.it\\\/fr\\\/#organization\"},\"potentialAction\":[{\"@type\":\"SearchAction\",\"target\":{\"@type\":\"EntryPoint\",\"urlTemplate\":\"https:\\\/\\\/www.abagrigliati.it\\\/fr\\\/?s={search_term_string}\"},\"query-input\":{\"@type\":\"PropertyValueSpecification\",\"valueRequired\":true,\"valueName\":\"search_term_string\"}}],\"inLanguage\":\"it-IT\"},{\"@type\":\"Organization\",\"@id\":\"https:\\\/\\\/www.abagrigliati.it\\\/fr\\\/#organization\",\"name\":\"Abagrigliati\",\"url\":\"https:\\\/\\\/www.abagrigliati.it\\\/fr\\\/\",\"logo\":{\"@type\":\"ImageObject\",\"inLanguage\":\"it-IT\",\"@id\":\"https:\\\/\\\/www.abagrigliati.it\\\/fr\\\/#\\\/schema\\\/logo\\\/image\\\/\",\"url\":\"https:\\\/\\\/www.abagrigliati.it\\\/fr\\\/wp-content\\\/uploads\\\/sites\\\/6\\\/2022\\\/01\\\/LogoABAGriglaiti.svg\",\"contentUrl\":\"https:\\\/\\\/www.abagrigliati.it\\\/fr\\\/wp-content\\\/uploads\\\/sites\\\/6\\\/2022\\\/01\\\/LogoABAGriglaiti.svg\",\"width\":223,\"height\":50,\"caption\":\"Abagrigliati\"},\"image\":{\"@id\":\"https:\\\/\\\/www.abagrigliati.it\\\/fr\\\/#\\\/schema\\\/logo\\\/image\\\/\"}}]}<\/script>\n<!-- \/ Yoast SEO plugin. -->","yoast_head_json":{"title":"Profil RSC pour passage des chariots, pour Planchers | Abagrigliati FR","description":"La surface en bossage durcit le profil et assure l\u2019effet antid\u00e9rapant, Indiqu\u00e9 pour l\u2019emploi sur surfaces de circulation de tous types.","robots":{"index":"noindex","follow":"follow","max-snippet":"max-snippet:-1","max-image-preview":"max-image-preview:large","max-video-preview":"max-video-preview:-1"},"og_locale":"it_IT","og_type":"article","og_title":"Profil RSC pour passage des chariots, pour Planchers | Abagrigliati FR","og_description":"La surface en bossage durcit le profil et assure l\u2019effet antid\u00e9rapant, Indiqu\u00e9 pour l\u2019emploi sur surfaces de circulation de tous types.","og_url":"https:\/\/www.abagrigliati.it\/fr\/produit\/profil-rsc-f\/","og_site_name":"Abagrigliati FR","article_modified_time":"2025-07-16T12:22:08+00:00","og_image":[{"width":1000,"height":1000,"url":"https:\/\/www.abagrigliati.it\/fr\/wp-content\/uploads\/sites\/6\/2021\/11\/Profilo-RSC-F.jpg","type":"image\/jpeg"}],"twitter_card":"summary_large_image","twitter_misc":{"Tempo di lettura stimato":"1 minuto"},"schema":{"@context":"https:\/\/schema.org","@graph":[{"@type":"WebPage","@id":"https:\/\/www.abagrigliati.it\/fr\/produit\/profil-rsc-f\/","url":"https:\/\/www.abagrigliati.it\/fr\/produit\/profil-rsc-f\/","name":"Profil RSC pour passage des chariots, pour Planchers | Abagrigliati FR","isPartOf":{"@id":"https:\/\/www.abagrigliati.it\/fr\/#website"},"primaryImageOfPage":{"@id":"https:\/\/www.abagrigliati.it\/fr\/produit\/profil-rsc-f\/#primaryimage"},"image":{"@id":"https:\/\/www.abagrigliati.it\/fr\/produit\/profil-rsc-f\/#primaryimage"},"thumbnailUrl":"https:\/\/www.abagrigliati.it\/fr\/wp-content\/uploads\/sites\/6\/2021\/11\/Profilo-RSC-F.jpg","datePublished":"2021-11-15T11:57:38+00:00","dateModified":"2025-07-16T12:22:08+00:00","description":"La surface en bossage durcit le profil et assure l\u2019effet antid\u00e9rapant, Indiqu\u00e9 pour l\u2019emploi sur surfaces de circulation de tous types.","breadcrumb":{"@id":"https:\/\/www.abagrigliati.it\/fr\/produit\/profil-rsc-f\/#breadcrumb"},"inLanguage":"it-IT","potentialAction":[{"@type":"ReadAction","target":["https:\/\/www.abagrigliati.it\/fr\/produit\/profil-rsc-f\/"]}]},{"@type":"ImageObject","inLanguage":"it-IT","@id":"https:\/\/www.abagrigliati.it\/fr\/produit\/profil-rsc-f\/#primaryimage","url":"https:\/\/www.abagrigliati.it\/fr\/wp-content\/uploads\/sites\/6\/2021\/11\/Profilo-RSC-F.jpg","contentUrl":"https:\/\/www.abagrigliati.it\/fr\/wp-content\/uploads\/sites\/6\/2021\/11\/Profilo-RSC-F.jpg","width":1000,"height":1000},{"@type":"BreadcrumbList","@id":"https:\/\/www.abagrigliati.it\/fr\/produit\/profil-rsc-f\/#breadcrumb","itemListElement":[{"@type":"ListItem","position":1,"name":"Home","item":"https:\/\/www.abagrigliati.it\/fr\/"},{"@type":"ListItem","position":2,"name":"Shop","item":"https:\/\/www.abagrigliati.it\/fr\/negozio\/"},{"@type":"ListItem","position":3,"name":"Profil RSC\/F"}]},{"@type":"WebSite","@id":"https:\/\/www.abagrigliati.it\/fr\/#website","url":"https:\/\/www.abagrigliati.it\/fr\/","name":"Abagrigliati FR","description":"","publisher":{"@id":"https:\/\/www.abagrigliati.it\/fr\/#organization"},"potentialAction":[{"@type":"SearchAction","target":{"@type":"EntryPoint","urlTemplate":"https:\/\/www.abagrigliati.it\/fr\/?s={search_term_string}"},"query-input":{"@type":"PropertyValueSpecification","valueRequired":true,"valueName":"search_term_string"}}],"inLanguage":"it-IT"},{"@type":"Organization","@id":"https:\/\/www.abagrigliati.it\/fr\/#organization","name":"Abagrigliati","url":"https:\/\/www.abagrigliati.it\/fr\/","logo":{"@type":"ImageObject","inLanguage":"it-IT","@id":"https:\/\/www.abagrigliati.it\/fr\/#\/schema\/logo\/image\/","url":"https:\/\/www.abagrigliati.it\/fr\/wp-content\/uploads\/sites\/6\/2022\/01\/LogoABAGriglaiti.svg","contentUrl":"https:\/\/www.abagrigliati.it\/fr\/wp-content\/uploads\/sites\/6\/2022\/01\/LogoABAGriglaiti.svg","width":223,"height":50,"caption":"Abagrigliati"},"image":{"@id":"https:\/\/www.abagrigliati.it\/fr\/#\/schema\/logo\/image\/"}}]}},"_links":{"self":[{"href":"https:\/\/www.abagrigliati.it\/fr\/wp-json\/wp\/v2\/product\/1360","targetHints":{"allow":["GET"]}}],"collection":[{"href":"https:\/\/www.abagrigliati.it\/fr\/wp-json\/wp\/v2\/product"}],"about":[{"href":"https:\/\/www.abagrigliati.it\/fr\/wp-json\/wp\/v2\/types\/product"}],"replies":[{"embeddable":true,"href":"https:\/\/www.abagrigliati.it\/fr\/wp-json\/wp\/v2\/comments?post=1360"}],"wp:featuredmedia":[{"embeddable":true,"href":"https:\/\/www.abagrigliati.it\/fr\/wp-json\/wp\/v2\/media\/2352"}],"wp:attachment":[{"href":"https:\/\/www.abagrigliati.it\/fr\/wp-json\/wp\/v2\/media?parent=1360"}],"wp:term":[{"taxonomy":"product_brand","embeddable":true,"href":"https:\/\/www.abagrigliati.it\/fr\/wp-json\/wp\/v2\/product_brand?post=1360"},{"taxonomy":"product_cat","embeddable":true,"href":"https:\/\/www.abagrigliati.it\/fr\/wp-json\/wp\/v2\/product_cat?post=1360"},{"taxonomy":"product_tag","embeddable":true,"href":"https:\/\/www.abagrigliati.it\/fr\/wp-json\/wp\/v2\/product_tag?post=1360"}],"curies":[{"name":"wp","href":"https:\/\/api.w.org\/{rel}","templated":true}]}}