{"id":1369,"date":"2021-11-15T13:02:56","date_gmt":"2021-11-15T12:02:56","guid":{"rendered":"https:\/\/www.abagrigliati.it\/fr\/?post_type=product&#038;p=1369"},"modified":"2025-07-16T14:25:21","modified_gmt":"2025-07-16T12:25:21","slug":"profil-xf","status":"publish","type":"product","link":"https:\/\/www.abagrigliati.it\/fr\/produit\/profil-xf\/","title":{"rendered":"Profil XF"},"content":{"rendered":"<p>Profil perfor\u00e9 et en bossage P60, pour planchers<\/p>\n<p><strong>Sections disponibles &#8211; b x h x \u00c9p. (mm)<\/strong><\/p>\n<ul class=\"number_sec\">\n<li>200x58x1.5<br \/>\n250x58x1.5<\/li>\n<li>200x58x2.0<br \/>\n250x58x2.0<br \/>\n300x58x2.0<\/li>\n<li>200x58x2.5<br \/>\n250x58x2.5<br \/>\n300x58x2.5<\/li>\n<\/ul>\n<p><strong>Longueur<\/strong><\/p>\n<p>Minimum mm 600 &#8211; Maximum mm 12000.<br \/>\nLes mesures interm\u00e9diaires sont multiples de 60 mm (= pas de 60).<\/p>\n<div class=\"border_bottom_sec\"><strong>Mat\u00e9riau <\/strong>Acier galvanis\u00e9 Sendzimir, acier brut, acier Corten, acier inox, aluminium. Galvanisation \u00e0 chaud \u00e9galement possible.<br \/>\n<img decoding=\"async\" class=\"alignnone wp-image-3834 size-medium\" src=\"https:\/\/www.abagrigliati.it\/en\/wp-content\/uploads\/sites\/2\/2022\/05\/icona-antiscivolo-R10-R11-en.png\" alt=\"\" width=\"300\" height=\"96\" \/><\/div>\n<div class=\"border_bottom_sec\">\n<p><strong>Destinations d\u2019emploi <\/strong>La surface en bossage, en plus de contribuer au durcissement du profil, assure l\u2019effet antid\u00e9rapant. Ils sont particuli\u00e8rement indiqu\u00e9s pour l\u2019emploi sur rampes d&#8217;acc\u00e8s PMR, passerelles cyclables et pi\u00e9tonnes, mezzanines, surfaces de pi\u00e9tinement de tous types.<br \/>\nL\u2019emploi de l\u2019acier inox, Corten, alliage d\u2019aluminium peut \u00eatre limit\u00e9 par la disponibilit\u00e9 de la mati\u00e8re premi\u00e8re ou exiger des lots minimaux.<\/p>\n<\/div>\n","protected":false},"excerpt":{"rendered":"<p>Profil perfor\u00e9 et en bossage P60, pour planchers Sections disponibles &#8211; b x h x \u00c9p. (mm) 200x58x1.5 250x58x1.5 200x58x2.0 250x58x2.0 300x58x2.0 200x58x2.5 250x58x2.5 300x58x2.5 Longueur Minimum mm 600 &#8211; Maximum mm 12000. Les mesures interm\u00e9diaires sont multiples de 60 mm (= pas de 60). Mat\u00e9riau Acier galvanis\u00e9 Sendzimir, acier brut, acier Corten, acier inox,&hellip; <a class=\"more-link\" href=\"https:\/\/www.abagrigliati.it\/fr\/produit\/profil-xf\/\">Continua a leggere <span class=\"screen-reader-text\">Profil XF<\/span><\/a><\/p>\n","protected":false},"featured_media":2373,"comment_status":"open","ping_status":"closed","template":"","meta":{"_acf_changed":false},"product_brand":[],"product_cat":[20,45],"product_tag":[],"class_list":{"0":"post-1369","1":"product","2":"type-product","3":"status-publish","4":"has-post-thumbnail","6":"product_cat-planchers","7":"product_cat-profils-perfores-et-en-bossage-p60","8":"entry","10":"first","11":"instock","12":"shipping-taxable","13":"product-type-simple"},"acf":[],"yoast_head":"<!-- This site is optimized with the Yoast SEO plugin v27.4 - https:\/\/yoast.com\/product\/yoast-seo-wordpress\/ -->\n<title>Profil XF P60 Perfor\u00e9 et en Bossage, pour Planchers | Abagrigliati FR<\/title>\n<meta name=\"description\" content=\"Profil XF pas de 60 en acier galvanis\u00e9 Sendzimir, acier brut, acier Corten, acier inox et aluminium. Avec propri\u00e9t\u00e9 antid\u00e9rapante, disponible en mesures diverses.\" \/>\n<meta name=\"robots\" content=\"noindex, follow, max-snippet:-1, max-image-preview:large, max-video-preview:-1\" \/>\n<meta property=\"og:locale\" content=\"it_IT\" \/>\n<meta property=\"og:type\" content=\"article\" \/>\n<meta property=\"og:title\" content=\"Profil XF P60 Perfor\u00e9 et en Bossage, pour Planchers | Abagrigliati FR\" \/>\n<meta property=\"og:description\" content=\"Profil XF pas de 60 en acier galvanis\u00e9 Sendzimir, acier brut, acier Corten, acier inox et aluminium. Avec propri\u00e9t\u00e9 antid\u00e9rapante, disponible en mesures diverses.\" \/>\n<meta property=\"og:url\" content=\"https:\/\/www.abagrigliati.it\/fr\/produit\/profil-xf\/\" \/>\n<meta property=\"og:site_name\" content=\"Abagrigliati FR\" \/>\n<meta property=\"article:modified_time\" content=\"2025-07-16T12:25:21+00:00\" \/>\n<meta property=\"og:image\" content=\"https:\/\/www.abagrigliati.it\/fr\/wp-content\/uploads\/sites\/6\/2021\/11\/Profilo-XF.jpg\" \/>\n\t<meta property=\"og:image:width\" content=\"1000\" \/>\n\t<meta property=\"og:image:height\" content=\"1000\" \/>\n\t<meta property=\"og:image:type\" content=\"image\/jpeg\" \/>\n<meta name=\"twitter:card\" content=\"summary_large_image\" \/>\n<meta name=\"twitter:label1\" content=\"Tempo di lettura stimato\" \/>\n\t<meta name=\"twitter:data1\" content=\"2 minuti\" \/>\n<script type=\"application\/ld+json\" class=\"yoast-schema-graph\">{\"@context\":\"https:\\\/\\\/schema.org\",\"@graph\":[{\"@type\":\"WebPage\",\"@id\":\"https:\\\/\\\/www.abagrigliati.it\\\/fr\\\/produit\\\/profil-xf\\\/\",\"url\":\"https:\\\/\\\/www.abagrigliati.it\\\/fr\\\/produit\\\/profil-xf\\\/\",\"name\":\"Profil XF P60 Perfor\u00e9 et en Bossage, pour Planchers | Abagrigliati FR\",\"isPartOf\":{\"@id\":\"https:\\\/\\\/www.abagrigliati.it\\\/fr\\\/#website\"},\"primaryImageOfPage\":{\"@id\":\"https:\\\/\\\/www.abagrigliati.it\\\/fr\\\/produit\\\/profil-xf\\\/#primaryimage\"},\"image\":{\"@id\":\"https:\\\/\\\/www.abagrigliati.it\\\/fr\\\/produit\\\/profil-xf\\\/#primaryimage\"},\"thumbnailUrl\":\"https:\\\/\\\/www.abagrigliati.it\\\/fr\\\/wp-content\\\/uploads\\\/sites\\\/6\\\/2021\\\/11\\\/Profilo-XF.jpg\",\"datePublished\":\"2021-11-15T12:02:56+00:00\",\"dateModified\":\"2025-07-16T12:25:21+00:00\",\"description\":\"Profil XF pas de 60 en acier galvanis\u00e9 Sendzimir, acier brut, acier Corten, acier inox et aluminium. Avec propri\u00e9t\u00e9 antid\u00e9rapante, disponible en mesures diverses.\",\"breadcrumb\":{\"@id\":\"https:\\\/\\\/www.abagrigliati.it\\\/fr\\\/produit\\\/profil-xf\\\/#breadcrumb\"},\"inLanguage\":\"it-IT\",\"potentialAction\":[{\"@type\":\"ReadAction\",\"target\":[\"https:\\\/\\\/www.abagrigliati.it\\\/fr\\\/produit\\\/profil-xf\\\/\"]}]},{\"@type\":\"ImageObject\",\"inLanguage\":\"it-IT\",\"@id\":\"https:\\\/\\\/www.abagrigliati.it\\\/fr\\\/produit\\\/profil-xf\\\/#primaryimage\",\"url\":\"https:\\\/\\\/www.abagrigliati.it\\\/fr\\\/wp-content\\\/uploads\\\/sites\\\/6\\\/2021\\\/11\\\/Profilo-XF.jpg\",\"contentUrl\":\"https:\\\/\\\/www.abagrigliati.it\\\/fr\\\/wp-content\\\/uploads\\\/sites\\\/6\\\/2021\\\/11\\\/Profilo-XF.jpg\",\"width\":1000,\"height\":1000},{\"@type\":\"BreadcrumbList\",\"@id\":\"https:\\\/\\\/www.abagrigliati.it\\\/fr\\\/produit\\\/profil-xf\\\/#breadcrumb\",\"itemListElement\":[{\"@type\":\"ListItem\",\"position\":1,\"name\":\"Home\",\"item\":\"https:\\\/\\\/www.abagrigliati.it\\\/fr\\\/\"},{\"@type\":\"ListItem\",\"position\":2,\"name\":\"Shop\",\"item\":\"https:\\\/\\\/www.abagrigliati.it\\\/fr\\\/negozio\\\/\"},{\"@type\":\"ListItem\",\"position\":3,\"name\":\"Profil XF\"}]},{\"@type\":\"WebSite\",\"@id\":\"https:\\\/\\\/www.abagrigliati.it\\\/fr\\\/#website\",\"url\":\"https:\\\/\\\/www.abagrigliati.it\\\/fr\\\/\",\"name\":\"Abagrigliati FR\",\"description\":\"\",\"publisher\":{\"@id\":\"https:\\\/\\\/www.abagrigliati.it\\\/fr\\\/#organization\"},\"potentialAction\":[{\"@type\":\"SearchAction\",\"target\":{\"@type\":\"EntryPoint\",\"urlTemplate\":\"https:\\\/\\\/www.abagrigliati.it\\\/fr\\\/?s={search_term_string}\"},\"query-input\":{\"@type\":\"PropertyValueSpecification\",\"valueRequired\":true,\"valueName\":\"search_term_string\"}}],\"inLanguage\":\"it-IT\"},{\"@type\":\"Organization\",\"@id\":\"https:\\\/\\\/www.abagrigliati.it\\\/fr\\\/#organization\",\"name\":\"Abagrigliati\",\"url\":\"https:\\\/\\\/www.abagrigliati.it\\\/fr\\\/\",\"logo\":{\"@type\":\"ImageObject\",\"inLanguage\":\"it-IT\",\"@id\":\"https:\\\/\\\/www.abagrigliati.it\\\/fr\\\/#\\\/schema\\\/logo\\\/image\\\/\",\"url\":\"https:\\\/\\\/www.abagrigliati.it\\\/fr\\\/wp-content\\\/uploads\\\/sites\\\/6\\\/2022\\\/01\\\/LogoABAGriglaiti.svg\",\"contentUrl\":\"https:\\\/\\\/www.abagrigliati.it\\\/fr\\\/wp-content\\\/uploads\\\/sites\\\/6\\\/2022\\\/01\\\/LogoABAGriglaiti.svg\",\"width\":223,\"height\":50,\"caption\":\"Abagrigliati\"},\"image\":{\"@id\":\"https:\\\/\\\/www.abagrigliati.it\\\/fr\\\/#\\\/schema\\\/logo\\\/image\\\/\"}}]}<\/script>\n<!-- \/ Yoast SEO plugin. -->","yoast_head_json":{"title":"Profil XF P60 Perfor\u00e9 et en Bossage, pour Planchers | Abagrigliati FR","description":"Profil XF pas de 60 en acier galvanis\u00e9 Sendzimir, acier brut, acier Corten, acier inox et aluminium. Avec propri\u00e9t\u00e9 antid\u00e9rapante, disponible en mesures diverses.","robots":{"index":"noindex","follow":"follow","max-snippet":"max-snippet:-1","max-image-preview":"max-image-preview:large","max-video-preview":"max-video-preview:-1"},"og_locale":"it_IT","og_type":"article","og_title":"Profil XF P60 Perfor\u00e9 et en Bossage, pour Planchers | Abagrigliati FR","og_description":"Profil XF pas de 60 en acier galvanis\u00e9 Sendzimir, acier brut, acier Corten, acier inox et aluminium. Avec propri\u00e9t\u00e9 antid\u00e9rapante, disponible en mesures diverses.","og_url":"https:\/\/www.abagrigliati.it\/fr\/produit\/profil-xf\/","og_site_name":"Abagrigliati FR","article_modified_time":"2025-07-16T12:25:21+00:00","og_image":[{"width":1000,"height":1000,"url":"https:\/\/www.abagrigliati.it\/fr\/wp-content\/uploads\/sites\/6\/2021\/11\/Profilo-XF.jpg","type":"image\/jpeg"}],"twitter_card":"summary_large_image","twitter_misc":{"Tempo di lettura stimato":"2 minuti"},"schema":{"@context":"https:\/\/schema.org","@graph":[{"@type":"WebPage","@id":"https:\/\/www.abagrigliati.it\/fr\/produit\/profil-xf\/","url":"https:\/\/www.abagrigliati.it\/fr\/produit\/profil-xf\/","name":"Profil XF P60 Perfor\u00e9 et en Bossage, pour Planchers | Abagrigliati FR","isPartOf":{"@id":"https:\/\/www.abagrigliati.it\/fr\/#website"},"primaryImageOfPage":{"@id":"https:\/\/www.abagrigliati.it\/fr\/produit\/profil-xf\/#primaryimage"},"image":{"@id":"https:\/\/www.abagrigliati.it\/fr\/produit\/profil-xf\/#primaryimage"},"thumbnailUrl":"https:\/\/www.abagrigliati.it\/fr\/wp-content\/uploads\/sites\/6\/2021\/11\/Profilo-XF.jpg","datePublished":"2021-11-15T12:02:56+00:00","dateModified":"2025-07-16T12:25:21+00:00","description":"Profil XF pas de 60 en acier galvanis\u00e9 Sendzimir, acier brut, acier Corten, acier inox et aluminium. Avec propri\u00e9t\u00e9 antid\u00e9rapante, disponible en mesures diverses.","breadcrumb":{"@id":"https:\/\/www.abagrigliati.it\/fr\/produit\/profil-xf\/#breadcrumb"},"inLanguage":"it-IT","potentialAction":[{"@type":"ReadAction","target":["https:\/\/www.abagrigliati.it\/fr\/produit\/profil-xf\/"]}]},{"@type":"ImageObject","inLanguage":"it-IT","@id":"https:\/\/www.abagrigliati.it\/fr\/produit\/profil-xf\/#primaryimage","url":"https:\/\/www.abagrigliati.it\/fr\/wp-content\/uploads\/sites\/6\/2021\/11\/Profilo-XF.jpg","contentUrl":"https:\/\/www.abagrigliati.it\/fr\/wp-content\/uploads\/sites\/6\/2021\/11\/Profilo-XF.jpg","width":1000,"height":1000},{"@type":"BreadcrumbList","@id":"https:\/\/www.abagrigliati.it\/fr\/produit\/profil-xf\/#breadcrumb","itemListElement":[{"@type":"ListItem","position":1,"name":"Home","item":"https:\/\/www.abagrigliati.it\/fr\/"},{"@type":"ListItem","position":2,"name":"Shop","item":"https:\/\/www.abagrigliati.it\/fr\/negozio\/"},{"@type":"ListItem","position":3,"name":"Profil XF"}]},{"@type":"WebSite","@id":"https:\/\/www.abagrigliati.it\/fr\/#website","url":"https:\/\/www.abagrigliati.it\/fr\/","name":"Abagrigliati FR","description":"","publisher":{"@id":"https:\/\/www.abagrigliati.it\/fr\/#organization"},"potentialAction":[{"@type":"SearchAction","target":{"@type":"EntryPoint","urlTemplate":"https:\/\/www.abagrigliati.it\/fr\/?s={search_term_string}"},"query-input":{"@type":"PropertyValueSpecification","valueRequired":true,"valueName":"search_term_string"}}],"inLanguage":"it-IT"},{"@type":"Organization","@id":"https:\/\/www.abagrigliati.it\/fr\/#organization","name":"Abagrigliati","url":"https:\/\/www.abagrigliati.it\/fr\/","logo":{"@type":"ImageObject","inLanguage":"it-IT","@id":"https:\/\/www.abagrigliati.it\/fr\/#\/schema\/logo\/image\/","url":"https:\/\/www.abagrigliati.it\/fr\/wp-content\/uploads\/sites\/6\/2022\/01\/LogoABAGriglaiti.svg","contentUrl":"https:\/\/www.abagrigliati.it\/fr\/wp-content\/uploads\/sites\/6\/2022\/01\/LogoABAGriglaiti.svg","width":223,"height":50,"caption":"Abagrigliati"},"image":{"@id":"https:\/\/www.abagrigliati.it\/fr\/#\/schema\/logo\/image\/"}}]}},"_links":{"self":[{"href":"https:\/\/www.abagrigliati.it\/fr\/wp-json\/wp\/v2\/product\/1369","targetHints":{"allow":["GET"]}}],"collection":[{"href":"https:\/\/www.abagrigliati.it\/fr\/wp-json\/wp\/v2\/product"}],"about":[{"href":"https:\/\/www.abagrigliati.it\/fr\/wp-json\/wp\/v2\/types\/product"}],"replies":[{"embeddable":true,"href":"https:\/\/www.abagrigliati.it\/fr\/wp-json\/wp\/v2\/comments?post=1369"}],"wp:featuredmedia":[{"embeddable":true,"href":"https:\/\/www.abagrigliati.it\/fr\/wp-json\/wp\/v2\/media\/2373"}],"wp:attachment":[{"href":"https:\/\/www.abagrigliati.it\/fr\/wp-json\/wp\/v2\/media?parent=1369"}],"wp:term":[{"taxonomy":"product_brand","embeddable":true,"href":"https:\/\/www.abagrigliati.it\/fr\/wp-json\/wp\/v2\/product_brand?post=1369"},{"taxonomy":"product_cat","embeddable":true,"href":"https:\/\/www.abagrigliati.it\/fr\/wp-json\/wp\/v2\/product_cat?post=1369"},{"taxonomy":"product_tag","embeddable":true,"href":"https:\/\/www.abagrigliati.it\/fr\/wp-json\/wp\/v2\/product_tag?post=1369"}],"curies":[{"name":"wp","href":"https:\/\/api.w.org\/{rel}","templated":true}]}}