{"id":2390,"date":"2021-12-21T18:04:57","date_gmt":"2021-12-21T17:04:57","guid":{"rendered":"https:\/\/www.abagrigliati.it\/fr\/?post_type=product&#038;p=2390"},"modified":"2025-07-16T14:44:19","modified_gmt":"2025-07-16T12:44:19","slug":"marche-zbc","status":"publish","type":"product","link":"https:\/\/www.abagrigliati.it\/fr\/produit\/marche-zbc\/","title":{"rendered":"Marche ZBC"},"content":{"rendered":"<p>Marche ZBC Pas de 50 pour escaliers int\u00e9rieurs ou ext\u00e9rieurs et escaliers de s\u00e9curit\u00e9<\/p>\n<p><strong>Sections disponibles &#8211; b x h x \u00c9p. (mm)<\/strong><\/p>\n<ul class=\"number_sec\">\n<li>150x58x2.0<br \/>\n200x58x2.0<br \/>\n250x58x2.0<br \/>\n300x58x2.0<\/li>\n<\/ul>\n<p><strong>Longueur<\/strong><\/p>\n<p>Minimale mm 600 \u2013 maximale mm 6000<br \/>\nLes mesures interm\u00e9diaires sont multiples de 50 mm (= pas de 50)<\/p>\n<div class=\"border_bottom_sec\"><strong>Mat\u00e9riau <\/strong>Acier galvanis\u00e9 Sendzimir, acier brut ou galvanis\u00e9 \u00e0 chaud.<br \/>\n<img decoding=\"async\" class=\"alignnone wp-image-3828 size-medium\" src=\"https:\/\/www.abagrigliati.it\/en\/wp-content\/uploads\/sites\/2\/2022\/05\/icona-antiscivolo-R9-en.png\" alt=\"\" width=\"300\" height=\"73\" \/><\/div>\n<div class=\"border_bottom_sec\">\n<p><strong>Destination d\u2019emploi <\/strong>Utilis\u00e9 sur escaliers de service d\u2019installations de rayonnage ou de mezzanines et en tout cas en milieux int\u00e9rieurs, c&#8217;est un profil ferm\u00e9 avec surface en bossage en relief et avec la pr\u00e9sence de prises antid\u00e9rapantes sur un seul c\u00f4t\u00e9. Par la similarit\u00e9 du dessin imprim\u00e9, il s\u2019accompagne bien \u00e0 la s\u00e9rie des profils ferm\u00e9s \u00e9ventuellement utilis\u00e9s pour la r\u00e9alisation de paliers ou de surfaces de circulation.<\/p>\n<\/div>\n","protected":false},"excerpt":{"rendered":"<p>Marche ZBC Pas de 50 pour escaliers int\u00e9rieurs ou ext\u00e9rieurs et escaliers de s\u00e9curit\u00e9 Sections disponibles &#8211; b x h x \u00c9p. (mm) 150x58x2.0 200x58x2.0 250x58x2.0 300x58x2.0 Longueur Minimale mm 600 \u2013 maximale mm 6000 Les mesures interm\u00e9diaires sont multiples de 50 mm (= pas de 50) Mat\u00e9riau Acier galvanis\u00e9 Sendzimir, acier brut ou galvanis\u00e9&hellip; <a class=\"more-link\" href=\"https:\/\/www.abagrigliati.it\/fr\/produit\/marche-zbc\/\">Continua a leggere <span class=\"screen-reader-text\">Marche ZBC<\/span><\/a><\/p>\n","protected":false},"featured_media":2392,"comment_status":"open","ping_status":"closed","template":"","meta":{"_acf_changed":false},"product_brand":[],"product_cat":[56,48],"product_tag":[],"class_list":{"0":"post-2390","1":"product","2":"type-product","3":"status-publish","4":"has-post-thumbnail","6":"product_cat-marches-pas-50","7":"product_cat-marches","8":"entry","10":"first","11":"instock","12":"shipping-taxable","13":"product-type-simple"},"acf":[],"yoast_head":"<!-- This site is optimized with the Yoast SEO plugin v27.4 - https:\/\/yoast.com\/product\/yoast-seo-wordpress\/ -->\n<title>Marche ZBC Pas de 50: Escaliers Int\u00e9rieurs ou Ext\u00e9rieurs | Abagrigliati FR<\/title>\n<meta name=\"description\" content=\"Marche ZBC Pas de 50 pour escaliers int\u00e9rieurs, ext\u00e9rieurs et escaliers de s\u00e9curit\u00e9 en acier. Profil ferm\u00e9 avec surface en bossage en relief et avec la pr\u00e9sence de prises antid\u00e9rapantes sur un seul c\u00f4t\u00e9.\" \/>\n<meta name=\"robots\" content=\"noindex, follow, max-snippet:-1, max-image-preview:large, max-video-preview:-1\" \/>\n<meta property=\"og:locale\" content=\"it_IT\" \/>\n<meta property=\"og:type\" content=\"article\" \/>\n<meta property=\"og:title\" content=\"Marche ZBC Pas de 50: Escaliers Int\u00e9rieurs ou Ext\u00e9rieurs | Abagrigliati FR\" \/>\n<meta property=\"og:description\" content=\"Marche ZBC Pas de 50 pour escaliers int\u00e9rieurs, ext\u00e9rieurs et escaliers de s\u00e9curit\u00e9 en acier. Profil ferm\u00e9 avec surface en bossage en relief et avec la pr\u00e9sence de prises antid\u00e9rapantes sur un seul c\u00f4t\u00e9.\" \/>\n<meta property=\"og:url\" content=\"https:\/\/www.abagrigliati.it\/fr\/produit\/marche-zbc\/\" \/>\n<meta property=\"og:site_name\" content=\"Abagrigliati FR\" \/>\n<meta property=\"article:modified_time\" content=\"2025-07-16T12:44:19+00:00\" \/>\n<meta property=\"og:image\" content=\"https:\/\/www.abagrigliati.it\/fr\/wp-content\/uploads\/sites\/6\/2021\/12\/Gradino-ZBC.jpg\" \/>\n\t<meta property=\"og:image:width\" content=\"1000\" \/>\n\t<meta property=\"og:image:height\" content=\"1000\" \/>\n\t<meta property=\"og:image:type\" content=\"image\/jpeg\" \/>\n<meta name=\"twitter:card\" content=\"summary_large_image\" \/>\n<meta name=\"twitter:label1\" content=\"Tempo di lettura stimato\" \/>\n\t<meta name=\"twitter:data1\" content=\"2 minuti\" \/>\n<script type=\"application\/ld+json\" class=\"yoast-schema-graph\">{\"@context\":\"https:\\\/\\\/schema.org\",\"@graph\":[{\"@type\":\"WebPage\",\"@id\":\"https:\\\/\\\/www.abagrigliati.it\\\/fr\\\/produit\\\/marche-zbc\\\/\",\"url\":\"https:\\\/\\\/www.abagrigliati.it\\\/fr\\\/produit\\\/marche-zbc\\\/\",\"name\":\"Marche ZBC Pas de 50: Escaliers Int\u00e9rieurs ou Ext\u00e9rieurs | Abagrigliati FR\",\"isPartOf\":{\"@id\":\"https:\\\/\\\/www.abagrigliati.it\\\/fr\\\/#website\"},\"primaryImageOfPage\":{\"@id\":\"https:\\\/\\\/www.abagrigliati.it\\\/fr\\\/produit\\\/marche-zbc\\\/#primaryimage\"},\"image\":{\"@id\":\"https:\\\/\\\/www.abagrigliati.it\\\/fr\\\/produit\\\/marche-zbc\\\/#primaryimage\"},\"thumbnailUrl\":\"https:\\\/\\\/www.abagrigliati.it\\\/fr\\\/wp-content\\\/uploads\\\/sites\\\/6\\\/2021\\\/12\\\/Gradino-ZBC.jpg\",\"datePublished\":\"2021-12-21T17:04:57+00:00\",\"dateModified\":\"2025-07-16T12:44:19+00:00\",\"description\":\"Marche ZBC Pas de 50 pour escaliers int\u00e9rieurs, ext\u00e9rieurs et escaliers de s\u00e9curit\u00e9 en acier. Profil ferm\u00e9 avec surface en bossage en relief et avec la pr\u00e9sence de prises antid\u00e9rapantes sur un seul c\u00f4t\u00e9.\",\"breadcrumb\":{\"@id\":\"https:\\\/\\\/www.abagrigliati.it\\\/fr\\\/produit\\\/marche-zbc\\\/#breadcrumb\"},\"inLanguage\":\"it-IT\",\"potentialAction\":[{\"@type\":\"ReadAction\",\"target\":[\"https:\\\/\\\/www.abagrigliati.it\\\/fr\\\/produit\\\/marche-zbc\\\/\"]}]},{\"@type\":\"ImageObject\",\"inLanguage\":\"it-IT\",\"@id\":\"https:\\\/\\\/www.abagrigliati.it\\\/fr\\\/produit\\\/marche-zbc\\\/#primaryimage\",\"url\":\"https:\\\/\\\/www.abagrigliati.it\\\/fr\\\/wp-content\\\/uploads\\\/sites\\\/6\\\/2021\\\/12\\\/Gradino-ZBC.jpg\",\"contentUrl\":\"https:\\\/\\\/www.abagrigliati.it\\\/fr\\\/wp-content\\\/uploads\\\/sites\\\/6\\\/2021\\\/12\\\/Gradino-ZBC.jpg\",\"width\":1000,\"height\":1000},{\"@type\":\"BreadcrumbList\",\"@id\":\"https:\\\/\\\/www.abagrigliati.it\\\/fr\\\/produit\\\/marche-zbc\\\/#breadcrumb\",\"itemListElement\":[{\"@type\":\"ListItem\",\"position\":1,\"name\":\"Home\",\"item\":\"https:\\\/\\\/www.abagrigliati.it\\\/fr\\\/\"},{\"@type\":\"ListItem\",\"position\":2,\"name\":\"Shop\",\"item\":\"https:\\\/\\\/www.abagrigliati.it\\\/fr\\\/negozio\\\/\"},{\"@type\":\"ListItem\",\"position\":3,\"name\":\"Marche ZBC\"}]},{\"@type\":\"WebSite\",\"@id\":\"https:\\\/\\\/www.abagrigliati.it\\\/fr\\\/#website\",\"url\":\"https:\\\/\\\/www.abagrigliati.it\\\/fr\\\/\",\"name\":\"Abagrigliati FR\",\"description\":\"\",\"publisher\":{\"@id\":\"https:\\\/\\\/www.abagrigliati.it\\\/fr\\\/#organization\"},\"potentialAction\":[{\"@type\":\"SearchAction\",\"target\":{\"@type\":\"EntryPoint\",\"urlTemplate\":\"https:\\\/\\\/www.abagrigliati.it\\\/fr\\\/?s={search_term_string}\"},\"query-input\":{\"@type\":\"PropertyValueSpecification\",\"valueRequired\":true,\"valueName\":\"search_term_string\"}}],\"inLanguage\":\"it-IT\"},{\"@type\":\"Organization\",\"@id\":\"https:\\\/\\\/www.abagrigliati.it\\\/fr\\\/#organization\",\"name\":\"Abagrigliati\",\"url\":\"https:\\\/\\\/www.abagrigliati.it\\\/fr\\\/\",\"logo\":{\"@type\":\"ImageObject\",\"inLanguage\":\"it-IT\",\"@id\":\"https:\\\/\\\/www.abagrigliati.it\\\/fr\\\/#\\\/schema\\\/logo\\\/image\\\/\",\"url\":\"https:\\\/\\\/www.abagrigliati.it\\\/fr\\\/wp-content\\\/uploads\\\/sites\\\/6\\\/2022\\\/01\\\/LogoABAGriglaiti.svg\",\"contentUrl\":\"https:\\\/\\\/www.abagrigliati.it\\\/fr\\\/wp-content\\\/uploads\\\/sites\\\/6\\\/2022\\\/01\\\/LogoABAGriglaiti.svg\",\"width\":223,\"height\":50,\"caption\":\"Abagrigliati\"},\"image\":{\"@id\":\"https:\\\/\\\/www.abagrigliati.it\\\/fr\\\/#\\\/schema\\\/logo\\\/image\\\/\"}}]}<\/script>\n<!-- \/ Yoast SEO plugin. -->","yoast_head_json":{"title":"Marche ZBC Pas de 50: Escaliers Int\u00e9rieurs ou Ext\u00e9rieurs | Abagrigliati FR","description":"Marche ZBC Pas de 50 pour escaliers int\u00e9rieurs, ext\u00e9rieurs et escaliers de s\u00e9curit\u00e9 en acier. Profil ferm\u00e9 avec surface en bossage en relief et avec la pr\u00e9sence de prises antid\u00e9rapantes sur un seul c\u00f4t\u00e9.","robots":{"index":"noindex","follow":"follow","max-snippet":"max-snippet:-1","max-image-preview":"max-image-preview:large","max-video-preview":"max-video-preview:-1"},"og_locale":"it_IT","og_type":"article","og_title":"Marche ZBC Pas de 50: Escaliers Int\u00e9rieurs ou Ext\u00e9rieurs | Abagrigliati FR","og_description":"Marche ZBC Pas de 50 pour escaliers int\u00e9rieurs, ext\u00e9rieurs et escaliers de s\u00e9curit\u00e9 en acier. Profil ferm\u00e9 avec surface en bossage en relief et avec la pr\u00e9sence de prises antid\u00e9rapantes sur un seul c\u00f4t\u00e9.","og_url":"https:\/\/www.abagrigliati.it\/fr\/produit\/marche-zbc\/","og_site_name":"Abagrigliati FR","article_modified_time":"2025-07-16T12:44:19+00:00","og_image":[{"width":1000,"height":1000,"url":"https:\/\/www.abagrigliati.it\/fr\/wp-content\/uploads\/sites\/6\/2021\/12\/Gradino-ZBC.jpg","type":"image\/jpeg"}],"twitter_card":"summary_large_image","twitter_misc":{"Tempo di lettura stimato":"2 minuti"},"schema":{"@context":"https:\/\/schema.org","@graph":[{"@type":"WebPage","@id":"https:\/\/www.abagrigliati.it\/fr\/produit\/marche-zbc\/","url":"https:\/\/www.abagrigliati.it\/fr\/produit\/marche-zbc\/","name":"Marche ZBC Pas de 50: Escaliers Int\u00e9rieurs ou Ext\u00e9rieurs | Abagrigliati FR","isPartOf":{"@id":"https:\/\/www.abagrigliati.it\/fr\/#website"},"primaryImageOfPage":{"@id":"https:\/\/www.abagrigliati.it\/fr\/produit\/marche-zbc\/#primaryimage"},"image":{"@id":"https:\/\/www.abagrigliati.it\/fr\/produit\/marche-zbc\/#primaryimage"},"thumbnailUrl":"https:\/\/www.abagrigliati.it\/fr\/wp-content\/uploads\/sites\/6\/2021\/12\/Gradino-ZBC.jpg","datePublished":"2021-12-21T17:04:57+00:00","dateModified":"2025-07-16T12:44:19+00:00","description":"Marche ZBC Pas de 50 pour escaliers int\u00e9rieurs, ext\u00e9rieurs et escaliers de s\u00e9curit\u00e9 en acier. Profil ferm\u00e9 avec surface en bossage en relief et avec la pr\u00e9sence de prises antid\u00e9rapantes sur un seul c\u00f4t\u00e9.","breadcrumb":{"@id":"https:\/\/www.abagrigliati.it\/fr\/produit\/marche-zbc\/#breadcrumb"},"inLanguage":"it-IT","potentialAction":[{"@type":"ReadAction","target":["https:\/\/www.abagrigliati.it\/fr\/produit\/marche-zbc\/"]}]},{"@type":"ImageObject","inLanguage":"it-IT","@id":"https:\/\/www.abagrigliati.it\/fr\/produit\/marche-zbc\/#primaryimage","url":"https:\/\/www.abagrigliati.it\/fr\/wp-content\/uploads\/sites\/6\/2021\/12\/Gradino-ZBC.jpg","contentUrl":"https:\/\/www.abagrigliati.it\/fr\/wp-content\/uploads\/sites\/6\/2021\/12\/Gradino-ZBC.jpg","width":1000,"height":1000},{"@type":"BreadcrumbList","@id":"https:\/\/www.abagrigliati.it\/fr\/produit\/marche-zbc\/#breadcrumb","itemListElement":[{"@type":"ListItem","position":1,"name":"Home","item":"https:\/\/www.abagrigliati.it\/fr\/"},{"@type":"ListItem","position":2,"name":"Shop","item":"https:\/\/www.abagrigliati.it\/fr\/negozio\/"},{"@type":"ListItem","position":3,"name":"Marche ZBC"}]},{"@type":"WebSite","@id":"https:\/\/www.abagrigliati.it\/fr\/#website","url":"https:\/\/www.abagrigliati.it\/fr\/","name":"Abagrigliati FR","description":"","publisher":{"@id":"https:\/\/www.abagrigliati.it\/fr\/#organization"},"potentialAction":[{"@type":"SearchAction","target":{"@type":"EntryPoint","urlTemplate":"https:\/\/www.abagrigliati.it\/fr\/?s={search_term_string}"},"query-input":{"@type":"PropertyValueSpecification","valueRequired":true,"valueName":"search_term_string"}}],"inLanguage":"it-IT"},{"@type":"Organization","@id":"https:\/\/www.abagrigliati.it\/fr\/#organization","name":"Abagrigliati","url":"https:\/\/www.abagrigliati.it\/fr\/","logo":{"@type":"ImageObject","inLanguage":"it-IT","@id":"https:\/\/www.abagrigliati.it\/fr\/#\/schema\/logo\/image\/","url":"https:\/\/www.abagrigliati.it\/fr\/wp-content\/uploads\/sites\/6\/2022\/01\/LogoABAGriglaiti.svg","contentUrl":"https:\/\/www.abagrigliati.it\/fr\/wp-content\/uploads\/sites\/6\/2022\/01\/LogoABAGriglaiti.svg","width":223,"height":50,"caption":"Abagrigliati"},"image":{"@id":"https:\/\/www.abagrigliati.it\/fr\/#\/schema\/logo\/image\/"}}]}},"_links":{"self":[{"href":"https:\/\/www.abagrigliati.it\/fr\/wp-json\/wp\/v2\/product\/2390","targetHints":{"allow":["GET"]}}],"collection":[{"href":"https:\/\/www.abagrigliati.it\/fr\/wp-json\/wp\/v2\/product"}],"about":[{"href":"https:\/\/www.abagrigliati.it\/fr\/wp-json\/wp\/v2\/types\/product"}],"replies":[{"embeddable":true,"href":"https:\/\/www.abagrigliati.it\/fr\/wp-json\/wp\/v2\/comments?post=2390"}],"wp:featuredmedia":[{"embeddable":true,"href":"https:\/\/www.abagrigliati.it\/fr\/wp-json\/wp\/v2\/media\/2392"}],"wp:attachment":[{"href":"https:\/\/www.abagrigliati.it\/fr\/wp-json\/wp\/v2\/media?parent=2390"}],"wp:term":[{"taxonomy":"product_brand","embeddable":true,"href":"https:\/\/www.abagrigliati.it\/fr\/wp-json\/wp\/v2\/product_brand?post=2390"},{"taxonomy":"product_cat","embeddable":true,"href":"https:\/\/www.abagrigliati.it\/fr\/wp-json\/wp\/v2\/product_cat?post=2390"},{"taxonomy":"product_tag","embeddable":true,"href":"https:\/\/www.abagrigliati.it\/fr\/wp-json\/wp\/v2\/product_tag?post=2390"}],"curies":[{"name":"wp","href":"https:\/\/api.w.org\/{rel}","templated":true}]}}