{"id":2393,"date":"2021-12-21T18:06:41","date_gmt":"2021-12-21T17:06:41","guid":{"rendered":"https:\/\/www.abagrigliati.it\/fr\/?post_type=product&#038;p=2393"},"modified":"2025-07-16T14:45:01","modified_gmt":"2025-07-16T12:45:01","slug":"marche-gb2","status":"publish","type":"product","link":"https:\/\/www.abagrigliati.it\/fr\/produit\/marche-gb2\/","title":{"rendered":"Marche GB2"},"content":{"rendered":"<p>Marche Pas de 50 pour escaliers int\u00e9rieurs ou ext\u00e9rieurs ou sur escaliers de s\u00e9curit\u00e9<\/p>\n<p><strong>Sections disponibles &#8211; b x h x \u00c9p. (mm)<\/strong><\/p>\n<ul class=\"number_sec\">\n<li>300x58x2.0<\/li>\n<\/ul>\n<p><strong>Longueur<\/strong><\/p>\n<p>Minimale mm 600 \u2013 maximale mm 9000<br \/>\nLes mesures interm\u00e9diaires sont multiples de 50 mm (= pas de 50)<\/p>\n<div class=\"border_bottom_sec\"><strong>Mat\u00e9riau <\/strong>Acier galvanis\u00e9 Sendzimir, acier brut ou galvanis\u00e9 \u00e0 chaud.<br \/>\n<img decoding=\"async\" class=\"alignnone wp-image-3828 size-medium\" src=\"https:\/\/www.abagrigliati.it\/en\/wp-content\/uploads\/sites\/2\/2022\/05\/icona-antiscivolo-R9-en.png\" alt=\"\" width=\"300\" height=\"73\" \/><\/div>\n<div class=\"border_bottom_sec\">\n<p><strong>Destination d\u2019emploi <\/strong>Utilis\u00e9e en milieux int\u00e9rieurs, pour escaliers de s\u00e9curit\u00e9 ou d&#8217;acc\u00e8s aux mezzanines ou aux installations de rayonnage. Elle est caract\u00e9ris\u00e9e par une surface ferm\u00e9e et en bossage en relief, intercal\u00e9e par un bossage longitudinal encaiss\u00e9. Des prises antid\u00e9rapantes sont pr\u00e9sentes des deux c\u00f4t\u00e9s, permettant une bonne adh\u00e9rence du pied en appui aussi bien en phase de mont\u00e9e qu\u2019en phase de descente.<\/p>\n<\/div>\n","protected":false},"excerpt":{"rendered":"<p>Marche Pas de 50 pour escaliers int\u00e9rieurs ou ext\u00e9rieurs ou sur escaliers de s\u00e9curit\u00e9 Sections disponibles &#8211; b x h x \u00c9p. (mm) 300x58x2.0 Longueur Minimale mm 600 \u2013 maximale mm 9000 Les mesures interm\u00e9diaires sont multiples de 50 mm (= pas de 50) Mat\u00e9riau Acier galvanis\u00e9 Sendzimir, acier brut ou galvanis\u00e9 \u00e0 chaud. Destination&hellip; <a class=\"more-link\" href=\"https:\/\/www.abagrigliati.it\/fr\/produit\/marche-gb2\/\">Continua a leggere <span class=\"screen-reader-text\">Marche GB2<\/span><\/a><\/p>\n","protected":false},"featured_media":2395,"comment_status":"open","ping_status":"closed","template":"","meta":{"_acf_changed":false},"product_brand":[],"product_cat":[56,48],"product_tag":[],"class_list":{"0":"post-2393","1":"product","2":"type-product","3":"status-publish","4":"has-post-thumbnail","6":"product_cat-marches-pas-50","7":"product_cat-marches","8":"entry","10":"first","11":"instock","12":"shipping-taxable","13":"product-type-simple"},"acf":[],"yoast_head":"<!-- This site is optimized with the Yoast SEO plugin v27.4 - https:\/\/yoast.com\/product\/yoast-seo-wordpress\/ -->\n<title>Marche GB2 Pas de 50: Escaliers Int\u00e9rieurs et de S\u00e9curit\u00e9 | Abagrigliati FR<\/title>\n<meta name=\"description\" content=\"Utilis\u00e9 en milieux int\u00e9rieurs pour escaliers de s\u00e9curit\u00e9 ou d&#039;acc\u00e8s aux mezzanines ou aux installations de rayonnage. Des prises antid\u00e9rapantes sont pr\u00e9sentes des deux c\u00f4t\u00e9s, permettant une bonne adh\u00e9rence du pied en appui aussi bien en phase de mont\u00e9e qu\u2019en phase de descente.\" \/>\n<meta name=\"robots\" content=\"noindex, follow, max-snippet:-1, max-image-preview:large, max-video-preview:-1\" \/>\n<meta property=\"og:locale\" content=\"it_IT\" \/>\n<meta property=\"og:type\" content=\"article\" \/>\n<meta property=\"og:title\" content=\"Marche GB2 Pas de 50: Escaliers Int\u00e9rieurs et de S\u00e9curit\u00e9 | Abagrigliati FR\" \/>\n<meta property=\"og:description\" content=\"Utilis\u00e9 en milieux int\u00e9rieurs pour escaliers de s\u00e9curit\u00e9 ou d&#039;acc\u00e8s aux mezzanines ou aux installations de rayonnage. Des prises antid\u00e9rapantes sont pr\u00e9sentes des deux c\u00f4t\u00e9s, permettant une bonne adh\u00e9rence du pied en appui aussi bien en phase de mont\u00e9e qu\u2019en phase de descente.\" \/>\n<meta property=\"og:url\" content=\"https:\/\/www.abagrigliati.it\/fr\/produit\/marche-gb2\/\" \/>\n<meta property=\"og:site_name\" content=\"Abagrigliati FR\" \/>\n<meta property=\"article:modified_time\" content=\"2025-07-16T12:45:01+00:00\" \/>\n<meta property=\"og:image\" content=\"https:\/\/www.abagrigliati.it\/fr\/wp-content\/uploads\/sites\/6\/2021\/12\/Gradino-GB2.jpg\" \/>\n\t<meta property=\"og:image:width\" content=\"1000\" \/>\n\t<meta property=\"og:image:height\" content=\"1000\" \/>\n\t<meta property=\"og:image:type\" content=\"image\/jpeg\" \/>\n<meta name=\"twitter:card\" content=\"summary_large_image\" \/>\n<meta name=\"twitter:label1\" content=\"Tempo di lettura stimato\" \/>\n\t<meta name=\"twitter:data1\" content=\"2 minuti\" \/>\n<script type=\"application\/ld+json\" class=\"yoast-schema-graph\">{\"@context\":\"https:\\\/\\\/schema.org\",\"@graph\":[{\"@type\":\"WebPage\",\"@id\":\"https:\\\/\\\/www.abagrigliati.it\\\/fr\\\/produit\\\/marche-gb2\\\/\",\"url\":\"https:\\\/\\\/www.abagrigliati.it\\\/fr\\\/produit\\\/marche-gb2\\\/\",\"name\":\"Marche GB2 Pas de 50: Escaliers Int\u00e9rieurs et de S\u00e9curit\u00e9 | Abagrigliati FR\",\"isPartOf\":{\"@id\":\"https:\\\/\\\/www.abagrigliati.it\\\/fr\\\/#website\"},\"primaryImageOfPage\":{\"@id\":\"https:\\\/\\\/www.abagrigliati.it\\\/fr\\\/produit\\\/marche-gb2\\\/#primaryimage\"},\"image\":{\"@id\":\"https:\\\/\\\/www.abagrigliati.it\\\/fr\\\/produit\\\/marche-gb2\\\/#primaryimage\"},\"thumbnailUrl\":\"https:\\\/\\\/www.abagrigliati.it\\\/fr\\\/wp-content\\\/uploads\\\/sites\\\/6\\\/2021\\\/12\\\/Gradino-GB2.jpg\",\"datePublished\":\"2021-12-21T17:06:41+00:00\",\"dateModified\":\"2025-07-16T12:45:01+00:00\",\"description\":\"Utilis\u00e9 en milieux int\u00e9rieurs pour escaliers de s\u00e9curit\u00e9 ou d'acc\u00e8s aux mezzanines ou aux installations de rayonnage. Des prises antid\u00e9rapantes sont pr\u00e9sentes des deux c\u00f4t\u00e9s, permettant une bonne adh\u00e9rence du pied en appui aussi bien en phase de mont\u00e9e qu\u2019en phase de descente.\",\"breadcrumb\":{\"@id\":\"https:\\\/\\\/www.abagrigliati.it\\\/fr\\\/produit\\\/marche-gb2\\\/#breadcrumb\"},\"inLanguage\":\"it-IT\",\"potentialAction\":[{\"@type\":\"ReadAction\",\"target\":[\"https:\\\/\\\/www.abagrigliati.it\\\/fr\\\/produit\\\/marche-gb2\\\/\"]}]},{\"@type\":\"ImageObject\",\"inLanguage\":\"it-IT\",\"@id\":\"https:\\\/\\\/www.abagrigliati.it\\\/fr\\\/produit\\\/marche-gb2\\\/#primaryimage\",\"url\":\"https:\\\/\\\/www.abagrigliati.it\\\/fr\\\/wp-content\\\/uploads\\\/sites\\\/6\\\/2021\\\/12\\\/Gradino-GB2.jpg\",\"contentUrl\":\"https:\\\/\\\/www.abagrigliati.it\\\/fr\\\/wp-content\\\/uploads\\\/sites\\\/6\\\/2021\\\/12\\\/Gradino-GB2.jpg\",\"width\":1000,\"height\":1000},{\"@type\":\"BreadcrumbList\",\"@id\":\"https:\\\/\\\/www.abagrigliati.it\\\/fr\\\/produit\\\/marche-gb2\\\/#breadcrumb\",\"itemListElement\":[{\"@type\":\"ListItem\",\"position\":1,\"name\":\"Home\",\"item\":\"https:\\\/\\\/www.abagrigliati.it\\\/fr\\\/\"},{\"@type\":\"ListItem\",\"position\":2,\"name\":\"Shop\",\"item\":\"https:\\\/\\\/www.abagrigliati.it\\\/fr\\\/negozio\\\/\"},{\"@type\":\"ListItem\",\"position\":3,\"name\":\"Marche GB2\"}]},{\"@type\":\"WebSite\",\"@id\":\"https:\\\/\\\/www.abagrigliati.it\\\/fr\\\/#website\",\"url\":\"https:\\\/\\\/www.abagrigliati.it\\\/fr\\\/\",\"name\":\"Abagrigliati FR\",\"description\":\"\",\"publisher\":{\"@id\":\"https:\\\/\\\/www.abagrigliati.it\\\/fr\\\/#organization\"},\"potentialAction\":[{\"@type\":\"SearchAction\",\"target\":{\"@type\":\"EntryPoint\",\"urlTemplate\":\"https:\\\/\\\/www.abagrigliati.it\\\/fr\\\/?s={search_term_string}\"},\"query-input\":{\"@type\":\"PropertyValueSpecification\",\"valueRequired\":true,\"valueName\":\"search_term_string\"}}],\"inLanguage\":\"it-IT\"},{\"@type\":\"Organization\",\"@id\":\"https:\\\/\\\/www.abagrigliati.it\\\/fr\\\/#organization\",\"name\":\"Abagrigliati\",\"url\":\"https:\\\/\\\/www.abagrigliati.it\\\/fr\\\/\",\"logo\":{\"@type\":\"ImageObject\",\"inLanguage\":\"it-IT\",\"@id\":\"https:\\\/\\\/www.abagrigliati.it\\\/fr\\\/#\\\/schema\\\/logo\\\/image\\\/\",\"url\":\"https:\\\/\\\/www.abagrigliati.it\\\/fr\\\/wp-content\\\/uploads\\\/sites\\\/6\\\/2022\\\/01\\\/LogoABAGriglaiti.svg\",\"contentUrl\":\"https:\\\/\\\/www.abagrigliati.it\\\/fr\\\/wp-content\\\/uploads\\\/sites\\\/6\\\/2022\\\/01\\\/LogoABAGriglaiti.svg\",\"width\":223,\"height\":50,\"caption\":\"Abagrigliati\"},\"image\":{\"@id\":\"https:\\\/\\\/www.abagrigliati.it\\\/fr\\\/#\\\/schema\\\/logo\\\/image\\\/\"}}]}<\/script>\n<!-- \/ Yoast SEO plugin. -->","yoast_head_json":{"title":"Marche GB2 Pas de 50: Escaliers Int\u00e9rieurs et de S\u00e9curit\u00e9 | Abagrigliati FR","description":"Utilis\u00e9 en milieux int\u00e9rieurs pour escaliers de s\u00e9curit\u00e9 ou d'acc\u00e8s aux mezzanines ou aux installations de rayonnage. Des prises antid\u00e9rapantes sont pr\u00e9sentes des deux c\u00f4t\u00e9s, permettant une bonne adh\u00e9rence du pied en appui aussi bien en phase de mont\u00e9e qu\u2019en phase de descente.","robots":{"index":"noindex","follow":"follow","max-snippet":"max-snippet:-1","max-image-preview":"max-image-preview:large","max-video-preview":"max-video-preview:-1"},"og_locale":"it_IT","og_type":"article","og_title":"Marche GB2 Pas de 50: Escaliers Int\u00e9rieurs et de S\u00e9curit\u00e9 | Abagrigliati FR","og_description":"Utilis\u00e9 en milieux int\u00e9rieurs pour escaliers de s\u00e9curit\u00e9 ou d'acc\u00e8s aux mezzanines ou aux installations de rayonnage. Des prises antid\u00e9rapantes sont pr\u00e9sentes des deux c\u00f4t\u00e9s, permettant une bonne adh\u00e9rence du pied en appui aussi bien en phase de mont\u00e9e qu\u2019en phase de descente.","og_url":"https:\/\/www.abagrigliati.it\/fr\/produit\/marche-gb2\/","og_site_name":"Abagrigliati FR","article_modified_time":"2025-07-16T12:45:01+00:00","og_image":[{"width":1000,"height":1000,"url":"https:\/\/www.abagrigliati.it\/fr\/wp-content\/uploads\/sites\/6\/2021\/12\/Gradino-GB2.jpg","type":"image\/jpeg"}],"twitter_card":"summary_large_image","twitter_misc":{"Tempo di lettura stimato":"2 minuti"},"schema":{"@context":"https:\/\/schema.org","@graph":[{"@type":"WebPage","@id":"https:\/\/www.abagrigliati.it\/fr\/produit\/marche-gb2\/","url":"https:\/\/www.abagrigliati.it\/fr\/produit\/marche-gb2\/","name":"Marche GB2 Pas de 50: Escaliers Int\u00e9rieurs et de S\u00e9curit\u00e9 | Abagrigliati FR","isPartOf":{"@id":"https:\/\/www.abagrigliati.it\/fr\/#website"},"primaryImageOfPage":{"@id":"https:\/\/www.abagrigliati.it\/fr\/produit\/marche-gb2\/#primaryimage"},"image":{"@id":"https:\/\/www.abagrigliati.it\/fr\/produit\/marche-gb2\/#primaryimage"},"thumbnailUrl":"https:\/\/www.abagrigliati.it\/fr\/wp-content\/uploads\/sites\/6\/2021\/12\/Gradino-GB2.jpg","datePublished":"2021-12-21T17:06:41+00:00","dateModified":"2025-07-16T12:45:01+00:00","description":"Utilis\u00e9 en milieux int\u00e9rieurs pour escaliers de s\u00e9curit\u00e9 ou d'acc\u00e8s aux mezzanines ou aux installations de rayonnage. Des prises antid\u00e9rapantes sont pr\u00e9sentes des deux c\u00f4t\u00e9s, permettant une bonne adh\u00e9rence du pied en appui aussi bien en phase de mont\u00e9e qu\u2019en phase de descente.","breadcrumb":{"@id":"https:\/\/www.abagrigliati.it\/fr\/produit\/marche-gb2\/#breadcrumb"},"inLanguage":"it-IT","potentialAction":[{"@type":"ReadAction","target":["https:\/\/www.abagrigliati.it\/fr\/produit\/marche-gb2\/"]}]},{"@type":"ImageObject","inLanguage":"it-IT","@id":"https:\/\/www.abagrigliati.it\/fr\/produit\/marche-gb2\/#primaryimage","url":"https:\/\/www.abagrigliati.it\/fr\/wp-content\/uploads\/sites\/6\/2021\/12\/Gradino-GB2.jpg","contentUrl":"https:\/\/www.abagrigliati.it\/fr\/wp-content\/uploads\/sites\/6\/2021\/12\/Gradino-GB2.jpg","width":1000,"height":1000},{"@type":"BreadcrumbList","@id":"https:\/\/www.abagrigliati.it\/fr\/produit\/marche-gb2\/#breadcrumb","itemListElement":[{"@type":"ListItem","position":1,"name":"Home","item":"https:\/\/www.abagrigliati.it\/fr\/"},{"@type":"ListItem","position":2,"name":"Shop","item":"https:\/\/www.abagrigliati.it\/fr\/negozio\/"},{"@type":"ListItem","position":3,"name":"Marche GB2"}]},{"@type":"WebSite","@id":"https:\/\/www.abagrigliati.it\/fr\/#website","url":"https:\/\/www.abagrigliati.it\/fr\/","name":"Abagrigliati FR","description":"","publisher":{"@id":"https:\/\/www.abagrigliati.it\/fr\/#organization"},"potentialAction":[{"@type":"SearchAction","target":{"@type":"EntryPoint","urlTemplate":"https:\/\/www.abagrigliati.it\/fr\/?s={search_term_string}"},"query-input":{"@type":"PropertyValueSpecification","valueRequired":true,"valueName":"search_term_string"}}],"inLanguage":"it-IT"},{"@type":"Organization","@id":"https:\/\/www.abagrigliati.it\/fr\/#organization","name":"Abagrigliati","url":"https:\/\/www.abagrigliati.it\/fr\/","logo":{"@type":"ImageObject","inLanguage":"it-IT","@id":"https:\/\/www.abagrigliati.it\/fr\/#\/schema\/logo\/image\/","url":"https:\/\/www.abagrigliati.it\/fr\/wp-content\/uploads\/sites\/6\/2022\/01\/LogoABAGriglaiti.svg","contentUrl":"https:\/\/www.abagrigliati.it\/fr\/wp-content\/uploads\/sites\/6\/2022\/01\/LogoABAGriglaiti.svg","width":223,"height":50,"caption":"Abagrigliati"},"image":{"@id":"https:\/\/www.abagrigliati.it\/fr\/#\/schema\/logo\/image\/"}}]}},"_links":{"self":[{"href":"https:\/\/www.abagrigliati.it\/fr\/wp-json\/wp\/v2\/product\/2393","targetHints":{"allow":["GET"]}}],"collection":[{"href":"https:\/\/www.abagrigliati.it\/fr\/wp-json\/wp\/v2\/product"}],"about":[{"href":"https:\/\/www.abagrigliati.it\/fr\/wp-json\/wp\/v2\/types\/product"}],"replies":[{"embeddable":true,"href":"https:\/\/www.abagrigliati.it\/fr\/wp-json\/wp\/v2\/comments?post=2393"}],"wp:featuredmedia":[{"embeddable":true,"href":"https:\/\/www.abagrigliati.it\/fr\/wp-json\/wp\/v2\/media\/2395"}],"wp:attachment":[{"href":"https:\/\/www.abagrigliati.it\/fr\/wp-json\/wp\/v2\/media?parent=2393"}],"wp:term":[{"taxonomy":"product_brand","embeddable":true,"href":"https:\/\/www.abagrigliati.it\/fr\/wp-json\/wp\/v2\/product_brand?post=2393"},{"taxonomy":"product_cat","embeddable":true,"href":"https:\/\/www.abagrigliati.it\/fr\/wp-json\/wp\/v2\/product_cat?post=2393"},{"taxonomy":"product_tag","embeddable":true,"href":"https:\/\/www.abagrigliati.it\/fr\/wp-json\/wp\/v2\/product_tag?post=2393"}],"curies":[{"name":"wp","href":"https:\/\/api.w.org\/{rel}","templated":true}]}}