{"id":2397,"date":"2021-12-21T18:08:49","date_gmt":"2021-12-21T17:08:49","guid":{"rendered":"https:\/\/www.abagrigliati.it\/fr\/?post_type=product&#038;p=2397"},"modified":"2025-07-16T14:29:29","modified_gmt":"2025-07-16T12:29:29","slug":"marche-gxb","status":"publish","type":"product","link":"https:\/\/www.abagrigliati.it\/fr\/produit\/marche-gxb\/","title":{"rendered":"Marche GXB"},"content":{"rendered":"<p>Pas de 60 pour escaliers de service int\u00e9rieurs ou ext\u00e9rieurs ou pour escaliers de s\u00e9curit\u00e9<\/p>\n<p><strong>Sections disponibles \u2013 b x h x \u00c9p. (mm)<\/strong><\/p>\n<ul class=\"number_sec\">\n<li>250x58x2.0<br \/>\n300x58x2.0<\/li>\n<li>250x58x2.5<br \/>\n300x58x2.5<\/li>\n<\/ul>\n<p><strong>Longueur<\/strong><\/p>\n<p>Minimale mm 600 \u2013 maximale mm 9000<br \/>\nLes mesures interm\u00e9diaires sont multiples de 60 mm (= pas de 60)<\/p>\n<div class=\"border_bottom_sec\"><strong>Mat\u00e9riau <\/strong>Acier galvanis\u00e9 Sendzimir, acier brut, acier Corten, acier inox, aluminium. La galvanisation \u00e0 chaud est \u00e9galement possible.<br \/>\n<img decoding=\"async\" class=\"alignnone wp-image-3836 size-medium\" src=\"https:\/\/www.abagrigliati.it\/en\/wp-content\/uploads\/sites\/2\/2022\/05\/icona-antiscivolo-R11-en.png\" alt=\"\" width=\"300\" height=\"69\" \/><\/div>\n<div class=\"border_bottom_sec\"><strong>Destination d\u2019emploi <\/strong>La surface en bossage, en plus de contribuer au durcissement du profil, assure l\u2019effet antid\u00e9rapant. Utilis\u00e9e sur escaliers de service int\u00e9rieurs ou ext\u00e9rieurs ou sur escaliers de s\u00e9curit\u00e9. Elle est caract\u00e9ris\u00e9e par une surface en bossage antipanique. Des prises antid\u00e9rapantes sont pr\u00e9sentes des deux c\u00f4t\u00e9s, permettant une bonne adh\u00e9rence du pied en appui aussi bien en phase de mont\u00e9e qu\u2019en phase de descente.<br \/>\nElles sont particuli\u00e8rement indiqu\u00e9es sur les installations alimentaires en acier inox. L\u2019emploi de l\u2019acier inox, du Corten et de l\u2019alliage d\u2019aluminium peut \u00eatre limit\u00e9 par la disponibilit\u00e9 de la mati\u00e8re premi\u00e8re ou exiger des lots minimaux.<\/div>\n","protected":false},"excerpt":{"rendered":"<p>Pas de 60 pour escaliers de service int\u00e9rieurs ou ext\u00e9rieurs ou pour escaliers de s\u00e9curit\u00e9 Sections disponibles \u2013 b x h x \u00c9p. (mm) 250x58x2.0 300x58x2.0 250x58x2.5 300x58x2.5 Longueur Minimale mm 600 \u2013 maximale mm 9000 Les mesures interm\u00e9diaires sont multiples de 60 mm (= pas de 60) Mat\u00e9riau Acier galvanis\u00e9 Sendzimir, acier brut, acier&hellip; <a class=\"more-link\" href=\"https:\/\/www.abagrigliati.it\/fr\/produit\/marche-gxb\/\">Continua a leggere <span class=\"screen-reader-text\">Marche GXB<\/span><\/a><\/p>\n","protected":false},"featured_media":2398,"comment_status":"open","ping_status":"closed","template":"","meta":{"_acf_changed":false},"product_brand":[],"product_cat":[57,48],"product_tag":[],"class_list":{"0":"post-2397","1":"product","2":"type-product","3":"status-publish","4":"has-post-thumbnail","6":"product_cat-marches-pas-de-60","7":"product_cat-marches","8":"entry","10":"first","11":"instock","12":"shipping-taxable","13":"product-type-simple"},"acf":[],"yoast_head":"<!-- This site is optimized with the Yoast SEO plugin v27.3 - https:\/\/yoast.com\/product\/yoast-seo-wordpress\/ -->\n<title>Marche GXB Pas de 60: \u00c9chelles Int\u00e9rieures ou ext\u00e9rieures | Abagrigliati FR<\/title>\n<meta name=\"description\" content=\"Marche pour escaliers de service int\u00e9rieurs ou ext\u00e9rieurs avec prises antid\u00e9rapantes qui permettent une bonne adh\u00e9rence du pied en appui.\" \/>\n<meta name=\"robots\" content=\"noindex, follow, max-snippet:-1, max-image-preview:large, max-video-preview:-1\" \/>\n<meta property=\"og:locale\" content=\"it_IT\" \/>\n<meta property=\"og:type\" content=\"article\" \/>\n<meta property=\"og:title\" content=\"Marche GXB Pas de 60: \u00c9chelles Int\u00e9rieures ou ext\u00e9rieures | Abagrigliati FR\" \/>\n<meta property=\"og:description\" content=\"Marche pour escaliers de service int\u00e9rieurs ou ext\u00e9rieurs avec prises antid\u00e9rapantes qui permettent une bonne adh\u00e9rence du pied en appui.\" \/>\n<meta property=\"og:url\" content=\"https:\/\/www.abagrigliati.it\/fr\/produit\/marche-gxb\/\" \/>\n<meta property=\"og:site_name\" content=\"Abagrigliati FR\" \/>\n<meta property=\"article:modified_time\" content=\"2025-07-16T12:29:29+00:00\" \/>\n<meta property=\"og:image\" content=\"https:\/\/www.abagrigliati.it\/fr\/wp-content\/uploads\/sites\/6\/2021\/12\/Gradino-GXB.jpg\" \/>\n\t<meta property=\"og:image:width\" content=\"1000\" \/>\n\t<meta property=\"og:image:height\" content=\"1000\" \/>\n\t<meta property=\"og:image:type\" content=\"image\/jpeg\" \/>\n<meta name=\"twitter:card\" content=\"summary_large_image\" \/>\n<meta name=\"twitter:label1\" content=\"Tempo di lettura stimato\" \/>\n\t<meta name=\"twitter:data1\" content=\"2 minuti\" \/>\n<script type=\"application\/ld+json\" class=\"yoast-schema-graph\">{\"@context\":\"https:\\\/\\\/schema.org\",\"@graph\":[{\"@type\":\"WebPage\",\"@id\":\"https:\\\/\\\/www.abagrigliati.it\\\/fr\\\/produit\\\/marche-gxb\\\/\",\"url\":\"https:\\\/\\\/www.abagrigliati.it\\\/fr\\\/produit\\\/marche-gxb\\\/\",\"name\":\"Marche GXB Pas de 60: \u00c9chelles Int\u00e9rieures ou ext\u00e9rieures | Abagrigliati FR\",\"isPartOf\":{\"@id\":\"https:\\\/\\\/www.abagrigliati.it\\\/fr\\\/#website\"},\"primaryImageOfPage\":{\"@id\":\"https:\\\/\\\/www.abagrigliati.it\\\/fr\\\/produit\\\/marche-gxb\\\/#primaryimage\"},\"image\":{\"@id\":\"https:\\\/\\\/www.abagrigliati.it\\\/fr\\\/produit\\\/marche-gxb\\\/#primaryimage\"},\"thumbnailUrl\":\"https:\\\/\\\/www.abagrigliati.it\\\/fr\\\/wp-content\\\/uploads\\\/sites\\\/6\\\/2021\\\/12\\\/Gradino-GXB.jpg\",\"datePublished\":\"2021-12-21T17:08:49+00:00\",\"dateModified\":\"2025-07-16T12:29:29+00:00\",\"description\":\"Marche pour escaliers de service int\u00e9rieurs ou ext\u00e9rieurs avec prises antid\u00e9rapantes qui permettent une bonne adh\u00e9rence du pied en appui.\",\"breadcrumb\":{\"@id\":\"https:\\\/\\\/www.abagrigliati.it\\\/fr\\\/produit\\\/marche-gxb\\\/#breadcrumb\"},\"inLanguage\":\"it-IT\",\"potentialAction\":[{\"@type\":\"ReadAction\",\"target\":[\"https:\\\/\\\/www.abagrigliati.it\\\/fr\\\/produit\\\/marche-gxb\\\/\"]}]},{\"@type\":\"ImageObject\",\"inLanguage\":\"it-IT\",\"@id\":\"https:\\\/\\\/www.abagrigliati.it\\\/fr\\\/produit\\\/marche-gxb\\\/#primaryimage\",\"url\":\"https:\\\/\\\/www.abagrigliati.it\\\/fr\\\/wp-content\\\/uploads\\\/sites\\\/6\\\/2021\\\/12\\\/Gradino-GXB.jpg\",\"contentUrl\":\"https:\\\/\\\/www.abagrigliati.it\\\/fr\\\/wp-content\\\/uploads\\\/sites\\\/6\\\/2021\\\/12\\\/Gradino-GXB.jpg\",\"width\":1000,\"height\":1000},{\"@type\":\"BreadcrumbList\",\"@id\":\"https:\\\/\\\/www.abagrigliati.it\\\/fr\\\/produit\\\/marche-gxb\\\/#breadcrumb\",\"itemListElement\":[{\"@type\":\"ListItem\",\"position\":1,\"name\":\"Home\",\"item\":\"https:\\\/\\\/www.abagrigliati.it\\\/fr\\\/\"},{\"@type\":\"ListItem\",\"position\":2,\"name\":\"Shop\",\"item\":\"https:\\\/\\\/www.abagrigliati.it\\\/fr\\\/negozio\\\/\"},{\"@type\":\"ListItem\",\"position\":3,\"name\":\"Marche GXB\"}]},{\"@type\":\"WebSite\",\"@id\":\"https:\\\/\\\/www.abagrigliati.it\\\/fr\\\/#website\",\"url\":\"https:\\\/\\\/www.abagrigliati.it\\\/fr\\\/\",\"name\":\"Abagrigliati FR\",\"description\":\"\",\"publisher\":{\"@id\":\"https:\\\/\\\/www.abagrigliati.it\\\/fr\\\/#organization\"},\"potentialAction\":[{\"@type\":\"SearchAction\",\"target\":{\"@type\":\"EntryPoint\",\"urlTemplate\":\"https:\\\/\\\/www.abagrigliati.it\\\/fr\\\/?s={search_term_string}\"},\"query-input\":{\"@type\":\"PropertyValueSpecification\",\"valueRequired\":true,\"valueName\":\"search_term_string\"}}],\"inLanguage\":\"it-IT\"},{\"@type\":\"Organization\",\"@id\":\"https:\\\/\\\/www.abagrigliati.it\\\/fr\\\/#organization\",\"name\":\"Abagrigliati\",\"url\":\"https:\\\/\\\/www.abagrigliati.it\\\/fr\\\/\",\"logo\":{\"@type\":\"ImageObject\",\"inLanguage\":\"it-IT\",\"@id\":\"https:\\\/\\\/www.abagrigliati.it\\\/fr\\\/#\\\/schema\\\/logo\\\/image\\\/\",\"url\":\"https:\\\/\\\/www.abagrigliati.it\\\/fr\\\/wp-content\\\/uploads\\\/sites\\\/6\\\/2022\\\/01\\\/LogoABAGriglaiti.svg\",\"contentUrl\":\"https:\\\/\\\/www.abagrigliati.it\\\/fr\\\/wp-content\\\/uploads\\\/sites\\\/6\\\/2022\\\/01\\\/LogoABAGriglaiti.svg\",\"width\":223,\"height\":50,\"caption\":\"Abagrigliati\"},\"image\":{\"@id\":\"https:\\\/\\\/www.abagrigliati.it\\\/fr\\\/#\\\/schema\\\/logo\\\/image\\\/\"}}]}<\/script>\n<!-- \/ Yoast SEO plugin. -->","yoast_head_json":{"title":"Marche GXB Pas de 60: \u00c9chelles Int\u00e9rieures ou ext\u00e9rieures | Abagrigliati FR","description":"Marche pour escaliers de service int\u00e9rieurs ou ext\u00e9rieurs avec prises antid\u00e9rapantes qui permettent une bonne adh\u00e9rence du pied en appui.","robots":{"index":"noindex","follow":"follow","max-snippet":"max-snippet:-1","max-image-preview":"max-image-preview:large","max-video-preview":"max-video-preview:-1"},"og_locale":"it_IT","og_type":"article","og_title":"Marche GXB Pas de 60: \u00c9chelles Int\u00e9rieures ou ext\u00e9rieures | Abagrigliati FR","og_description":"Marche pour escaliers de service int\u00e9rieurs ou ext\u00e9rieurs avec prises antid\u00e9rapantes qui permettent une bonne adh\u00e9rence du pied en appui.","og_url":"https:\/\/www.abagrigliati.it\/fr\/produit\/marche-gxb\/","og_site_name":"Abagrigliati FR","article_modified_time":"2025-07-16T12:29:29+00:00","og_image":[{"width":1000,"height":1000,"url":"https:\/\/www.abagrigliati.it\/fr\/wp-content\/uploads\/sites\/6\/2021\/12\/Gradino-GXB.jpg","type":"image\/jpeg"}],"twitter_card":"summary_large_image","twitter_misc":{"Tempo di lettura stimato":"2 minuti"},"schema":{"@context":"https:\/\/schema.org","@graph":[{"@type":"WebPage","@id":"https:\/\/www.abagrigliati.it\/fr\/produit\/marche-gxb\/","url":"https:\/\/www.abagrigliati.it\/fr\/produit\/marche-gxb\/","name":"Marche GXB Pas de 60: \u00c9chelles Int\u00e9rieures ou ext\u00e9rieures | Abagrigliati FR","isPartOf":{"@id":"https:\/\/www.abagrigliati.it\/fr\/#website"},"primaryImageOfPage":{"@id":"https:\/\/www.abagrigliati.it\/fr\/produit\/marche-gxb\/#primaryimage"},"image":{"@id":"https:\/\/www.abagrigliati.it\/fr\/produit\/marche-gxb\/#primaryimage"},"thumbnailUrl":"https:\/\/www.abagrigliati.it\/fr\/wp-content\/uploads\/sites\/6\/2021\/12\/Gradino-GXB.jpg","datePublished":"2021-12-21T17:08:49+00:00","dateModified":"2025-07-16T12:29:29+00:00","description":"Marche pour escaliers de service int\u00e9rieurs ou ext\u00e9rieurs avec prises antid\u00e9rapantes qui permettent une bonne adh\u00e9rence du pied en appui.","breadcrumb":{"@id":"https:\/\/www.abagrigliati.it\/fr\/produit\/marche-gxb\/#breadcrumb"},"inLanguage":"it-IT","potentialAction":[{"@type":"ReadAction","target":["https:\/\/www.abagrigliati.it\/fr\/produit\/marche-gxb\/"]}]},{"@type":"ImageObject","inLanguage":"it-IT","@id":"https:\/\/www.abagrigliati.it\/fr\/produit\/marche-gxb\/#primaryimage","url":"https:\/\/www.abagrigliati.it\/fr\/wp-content\/uploads\/sites\/6\/2021\/12\/Gradino-GXB.jpg","contentUrl":"https:\/\/www.abagrigliati.it\/fr\/wp-content\/uploads\/sites\/6\/2021\/12\/Gradino-GXB.jpg","width":1000,"height":1000},{"@type":"BreadcrumbList","@id":"https:\/\/www.abagrigliati.it\/fr\/produit\/marche-gxb\/#breadcrumb","itemListElement":[{"@type":"ListItem","position":1,"name":"Home","item":"https:\/\/www.abagrigliati.it\/fr\/"},{"@type":"ListItem","position":2,"name":"Shop","item":"https:\/\/www.abagrigliati.it\/fr\/negozio\/"},{"@type":"ListItem","position":3,"name":"Marche GXB"}]},{"@type":"WebSite","@id":"https:\/\/www.abagrigliati.it\/fr\/#website","url":"https:\/\/www.abagrigliati.it\/fr\/","name":"Abagrigliati FR","description":"","publisher":{"@id":"https:\/\/www.abagrigliati.it\/fr\/#organization"},"potentialAction":[{"@type":"SearchAction","target":{"@type":"EntryPoint","urlTemplate":"https:\/\/www.abagrigliati.it\/fr\/?s={search_term_string}"},"query-input":{"@type":"PropertyValueSpecification","valueRequired":true,"valueName":"search_term_string"}}],"inLanguage":"it-IT"},{"@type":"Organization","@id":"https:\/\/www.abagrigliati.it\/fr\/#organization","name":"Abagrigliati","url":"https:\/\/www.abagrigliati.it\/fr\/","logo":{"@type":"ImageObject","inLanguage":"it-IT","@id":"https:\/\/www.abagrigliati.it\/fr\/#\/schema\/logo\/image\/","url":"https:\/\/www.abagrigliati.it\/fr\/wp-content\/uploads\/sites\/6\/2022\/01\/LogoABAGriglaiti.svg","contentUrl":"https:\/\/www.abagrigliati.it\/fr\/wp-content\/uploads\/sites\/6\/2022\/01\/LogoABAGriglaiti.svg","width":223,"height":50,"caption":"Abagrigliati"},"image":{"@id":"https:\/\/www.abagrigliati.it\/fr\/#\/schema\/logo\/image\/"}}]}},"_links":{"self":[{"href":"https:\/\/www.abagrigliati.it\/fr\/wp-json\/wp\/v2\/product\/2397","targetHints":{"allow":["GET"]}}],"collection":[{"href":"https:\/\/www.abagrigliati.it\/fr\/wp-json\/wp\/v2\/product"}],"about":[{"href":"https:\/\/www.abagrigliati.it\/fr\/wp-json\/wp\/v2\/types\/product"}],"replies":[{"embeddable":true,"href":"https:\/\/www.abagrigliati.it\/fr\/wp-json\/wp\/v2\/comments?post=2397"}],"wp:featuredmedia":[{"embeddable":true,"href":"https:\/\/www.abagrigliati.it\/fr\/wp-json\/wp\/v2\/media\/2398"}],"wp:attachment":[{"href":"https:\/\/www.abagrigliati.it\/fr\/wp-json\/wp\/v2\/media?parent=2397"}],"wp:term":[{"taxonomy":"product_brand","embeddable":true,"href":"https:\/\/www.abagrigliati.it\/fr\/wp-json\/wp\/v2\/product_brand?post=2397"},{"taxonomy":"product_cat","embeddable":true,"href":"https:\/\/www.abagrigliati.it\/fr\/wp-json\/wp\/v2\/product_cat?post=2397"},{"taxonomy":"product_tag","embeddable":true,"href":"https:\/\/www.abagrigliati.it\/fr\/wp-json\/wp\/v2\/product_tag?post=2397"}],"curies":[{"name":"wp","href":"https:\/\/api.w.org\/{rel}","templated":true}]}}