{"id":2401,"date":"2021-12-21T18:11:46","date_gmt":"2021-12-21T17:11:46","guid":{"rendered":"https:\/\/www.abagrigliati.it\/fr\/?post_type=product&#038;p=2401"},"modified":"2025-07-16T14:33:34","modified_gmt":"2025-07-16T12:33:34","slug":"echelon-25x25h","status":"publish","type":"product","link":"https:\/\/www.abagrigliati.it\/fr\/produit\/echelon-25x25h\/","title":{"rendered":"\u00c9chelon 25x25h"},"content":{"rendered":"<p>\u00c9chelon 25x25h pour \u00e9chelles de meunier<\/p>\n<p><strong>Sections disponibles \u2013 b x h x \u00c9p. (mm)<\/strong><\/p>\n<ul class=\"number_sec\">\n<li>25x25x1.5<\/li>\n<\/ul>\n<p><strong>Longueur<\/strong><\/p>\n<p>Barres standard de mm 2000<br \/>\n(emballages de 10 barres)<\/p>\n<div class=\"border_bottom_sec\"><strong>Mat\u00e9riau <\/strong>Acier brut.<br \/>\n<img decoding=\"async\" class=\"alignnone wp-image-3835 size-medium\" src=\"https:\/\/www.abagrigliati.it\/en\/wp-content\/uploads\/sites\/2\/2022\/05\/icona-antiscivolo-R11-en.png\" alt=\"\" width=\"300\" height=\"63\" \/><\/div>\n<div class=\"border_bottom_sec\">\n<p><strong>Destination d\u2019emploi <\/strong>Utilis\u00e9s sur les \u00e9chelles agricoles, sur les \u00e9chelles pour les camions-citerne ou sur installations techniques Les trous diam\u00e8tre 5 emp\u00eachent l\u2019insertion accidentale des doigts, \u00e9vitant ainsi le risque de l\u00e9sions (trous d\u00e9finis \u201canti-doigt\u201d).<\/p>\n<\/div>\n","protected":false},"excerpt":{"rendered":"<p>\u00c9chelon 25x25h pour \u00e9chelles de meunier Sections disponibles \u2013 b x h x \u00c9p. (mm) 25x25x1.5 Longueur Barres standard de mm 2000 (emballages de 10 barres) Mat\u00e9riau Acier brut. Destination d\u2019emploi Utilis\u00e9s sur les \u00e9chelles agricoles, sur les \u00e9chelles pour les camions-citerne ou sur installations techniques Les trous diam\u00e8tre 5 emp\u00eachent l\u2019insertion accidentale des doigts,&hellip; <a class=\"more-link\" href=\"https:\/\/www.abagrigliati.it\/fr\/produit\/echelon-25x25h\/\">Continua a leggere <span class=\"screen-reader-text\">\u00c9chelon 25x25h<\/span><\/a><\/p>\n","protected":false},"featured_media":2402,"comment_status":"open","ping_status":"closed","template":"","meta":{"_acf_changed":false},"product_brand":[],"product_cat":[48,58],"product_tag":[],"class_list":{"0":"post-2401","1":"product","2":"type-product","3":"status-publish","4":"has-post-thumbnail","6":"product_cat-marches","7":"product_cat-echelons","8":"entry","10":"first","11":"instock","12":"shipping-taxable","13":"product-type-simple"},"acf":[],"yoast_head":"<!-- This site is optimized with the Yoast SEO plugin v27.4 - https:\/\/yoast.com\/product\/yoast-seo-wordpress\/ -->\n<title>\u00c9chelon 25x25h pour \u00c9chelles de meunier |Abagrigliati FR<\/title>\n<meta name=\"description\" content=\"Utilis\u00e9s sur les \u00e9chelles agricoles, sur les \u00e9chelles pour les camions-citerne ou sur installations techniques Les trous diam\u00e8tre 5 emp\u00eachent l\u2019insertion accidentale des doigts, \u00e9vitant ainsi le risque de l\u00e9sions (trous d\u00e9finis \u201canti-doigt\u201d).\" \/>\n<meta name=\"robots\" content=\"noindex, follow, max-snippet:-1, max-image-preview:large, max-video-preview:-1\" \/>\n<meta property=\"og:locale\" content=\"it_IT\" \/>\n<meta property=\"og:type\" content=\"article\" \/>\n<meta property=\"og:title\" content=\"\u00c9chelon 25x25h pour \u00c9chelles de meunier |Abagrigliati FR\" \/>\n<meta property=\"og:description\" content=\"Utilis\u00e9s sur les \u00e9chelles agricoles, sur les \u00e9chelles pour les camions-citerne ou sur installations techniques Les trous diam\u00e8tre 5 emp\u00eachent l\u2019insertion accidentale des doigts, \u00e9vitant ainsi le risque de l\u00e9sions (trous d\u00e9finis \u201canti-doigt\u201d).\" \/>\n<meta property=\"og:url\" content=\"https:\/\/www.abagrigliati.it\/fr\/produit\/echelon-25x25h\/\" \/>\n<meta property=\"og:site_name\" content=\"Abagrigliati FR\" \/>\n<meta property=\"article:modified_time\" content=\"2025-07-16T12:33:34+00:00\" \/>\n<meta property=\"og:image\" content=\"https:\/\/www.abagrigliati.it\/fr\/wp-content\/uploads\/sites\/6\/2021\/12\/Piolo-25x25H.jpg\" \/>\n\t<meta property=\"og:image:width\" content=\"1000\" \/>\n\t<meta property=\"og:image:height\" content=\"1000\" \/>\n\t<meta property=\"og:image:type\" content=\"image\/jpeg\" \/>\n<meta name=\"twitter:card\" content=\"summary_large_image\" \/>\n<meta name=\"twitter:label1\" content=\"Tempo di lettura stimato\" \/>\n\t<meta name=\"twitter:data1\" content=\"1 minuto\" \/>\n<script type=\"application\/ld+json\" class=\"yoast-schema-graph\">{\"@context\":\"https:\\\/\\\/schema.org\",\"@graph\":[{\"@type\":\"WebPage\",\"@id\":\"https:\\\/\\\/www.abagrigliati.it\\\/fr\\\/produit\\\/echelon-25x25h\\\/\",\"url\":\"https:\\\/\\\/www.abagrigliati.it\\\/fr\\\/produit\\\/echelon-25x25h\\\/\",\"name\":\"\u00c9chelon 25x25h pour \u00c9chelles de meunier |Abagrigliati FR\",\"isPartOf\":{\"@id\":\"https:\\\/\\\/www.abagrigliati.it\\\/fr\\\/#website\"},\"primaryImageOfPage\":{\"@id\":\"https:\\\/\\\/www.abagrigliati.it\\\/fr\\\/produit\\\/echelon-25x25h\\\/#primaryimage\"},\"image\":{\"@id\":\"https:\\\/\\\/www.abagrigliati.it\\\/fr\\\/produit\\\/echelon-25x25h\\\/#primaryimage\"},\"thumbnailUrl\":\"https:\\\/\\\/www.abagrigliati.it\\\/fr\\\/wp-content\\\/uploads\\\/sites\\\/6\\\/2021\\\/12\\\/Piolo-25x25H.jpg\",\"datePublished\":\"2021-12-21T17:11:46+00:00\",\"dateModified\":\"2025-07-16T12:33:34+00:00\",\"description\":\"Utilis\u00e9s sur les \u00e9chelles agricoles, sur les \u00e9chelles pour les camions-citerne ou sur installations techniques Les trous diam\u00e8tre 5 emp\u00eachent l\u2019insertion accidentale des doigts, \u00e9vitant ainsi le risque de l\u00e9sions (trous d\u00e9finis \u201canti-doigt\u201d).\",\"breadcrumb\":{\"@id\":\"https:\\\/\\\/www.abagrigliati.it\\\/fr\\\/produit\\\/echelon-25x25h\\\/#breadcrumb\"},\"inLanguage\":\"it-IT\",\"potentialAction\":[{\"@type\":\"ReadAction\",\"target\":[\"https:\\\/\\\/www.abagrigliati.it\\\/fr\\\/produit\\\/echelon-25x25h\\\/\"]}]},{\"@type\":\"ImageObject\",\"inLanguage\":\"it-IT\",\"@id\":\"https:\\\/\\\/www.abagrigliati.it\\\/fr\\\/produit\\\/echelon-25x25h\\\/#primaryimage\",\"url\":\"https:\\\/\\\/www.abagrigliati.it\\\/fr\\\/wp-content\\\/uploads\\\/sites\\\/6\\\/2021\\\/12\\\/Piolo-25x25H.jpg\",\"contentUrl\":\"https:\\\/\\\/www.abagrigliati.it\\\/fr\\\/wp-content\\\/uploads\\\/sites\\\/6\\\/2021\\\/12\\\/Piolo-25x25H.jpg\",\"width\":1000,\"height\":1000},{\"@type\":\"BreadcrumbList\",\"@id\":\"https:\\\/\\\/www.abagrigliati.it\\\/fr\\\/produit\\\/echelon-25x25h\\\/#breadcrumb\",\"itemListElement\":[{\"@type\":\"ListItem\",\"position\":1,\"name\":\"Home\",\"item\":\"https:\\\/\\\/www.abagrigliati.it\\\/fr\\\/\"},{\"@type\":\"ListItem\",\"position\":2,\"name\":\"Shop\",\"item\":\"https:\\\/\\\/www.abagrigliati.it\\\/fr\\\/negozio\\\/\"},{\"@type\":\"ListItem\",\"position\":3,\"name\":\"\u00c9chelon 25x25h\"}]},{\"@type\":\"WebSite\",\"@id\":\"https:\\\/\\\/www.abagrigliati.it\\\/fr\\\/#website\",\"url\":\"https:\\\/\\\/www.abagrigliati.it\\\/fr\\\/\",\"name\":\"Abagrigliati FR\",\"description\":\"\",\"publisher\":{\"@id\":\"https:\\\/\\\/www.abagrigliati.it\\\/fr\\\/#organization\"},\"potentialAction\":[{\"@type\":\"SearchAction\",\"target\":{\"@type\":\"EntryPoint\",\"urlTemplate\":\"https:\\\/\\\/www.abagrigliati.it\\\/fr\\\/?s={search_term_string}\"},\"query-input\":{\"@type\":\"PropertyValueSpecification\",\"valueRequired\":true,\"valueName\":\"search_term_string\"}}],\"inLanguage\":\"it-IT\"},{\"@type\":\"Organization\",\"@id\":\"https:\\\/\\\/www.abagrigliati.it\\\/fr\\\/#organization\",\"name\":\"Abagrigliati\",\"url\":\"https:\\\/\\\/www.abagrigliati.it\\\/fr\\\/\",\"logo\":{\"@type\":\"ImageObject\",\"inLanguage\":\"it-IT\",\"@id\":\"https:\\\/\\\/www.abagrigliati.it\\\/fr\\\/#\\\/schema\\\/logo\\\/image\\\/\",\"url\":\"https:\\\/\\\/www.abagrigliati.it\\\/fr\\\/wp-content\\\/uploads\\\/sites\\\/6\\\/2022\\\/01\\\/LogoABAGriglaiti.svg\",\"contentUrl\":\"https:\\\/\\\/www.abagrigliati.it\\\/fr\\\/wp-content\\\/uploads\\\/sites\\\/6\\\/2022\\\/01\\\/LogoABAGriglaiti.svg\",\"width\":223,\"height\":50,\"caption\":\"Abagrigliati\"},\"image\":{\"@id\":\"https:\\\/\\\/www.abagrigliati.it\\\/fr\\\/#\\\/schema\\\/logo\\\/image\\\/\"}}]}<\/script>\n<!-- \/ Yoast SEO plugin. -->","yoast_head_json":{"title":"\u00c9chelon 25x25h pour \u00c9chelles de meunier |Abagrigliati FR","description":"Utilis\u00e9s sur les \u00e9chelles agricoles, sur les \u00e9chelles pour les camions-citerne ou sur installations techniques Les trous diam\u00e8tre 5 emp\u00eachent l\u2019insertion accidentale des doigts, \u00e9vitant ainsi le risque de l\u00e9sions (trous d\u00e9finis \u201canti-doigt\u201d).","robots":{"index":"noindex","follow":"follow","max-snippet":"max-snippet:-1","max-image-preview":"max-image-preview:large","max-video-preview":"max-video-preview:-1"},"og_locale":"it_IT","og_type":"article","og_title":"\u00c9chelon 25x25h pour \u00c9chelles de meunier |Abagrigliati FR","og_description":"Utilis\u00e9s sur les \u00e9chelles agricoles, sur les \u00e9chelles pour les camions-citerne ou sur installations techniques Les trous diam\u00e8tre 5 emp\u00eachent l\u2019insertion accidentale des doigts, \u00e9vitant ainsi le risque de l\u00e9sions (trous d\u00e9finis \u201canti-doigt\u201d).","og_url":"https:\/\/www.abagrigliati.it\/fr\/produit\/echelon-25x25h\/","og_site_name":"Abagrigliati FR","article_modified_time":"2025-07-16T12:33:34+00:00","og_image":[{"width":1000,"height":1000,"url":"https:\/\/www.abagrigliati.it\/fr\/wp-content\/uploads\/sites\/6\/2021\/12\/Piolo-25x25H.jpg","type":"image\/jpeg"}],"twitter_card":"summary_large_image","twitter_misc":{"Tempo di lettura stimato":"1 minuto"},"schema":{"@context":"https:\/\/schema.org","@graph":[{"@type":"WebPage","@id":"https:\/\/www.abagrigliati.it\/fr\/produit\/echelon-25x25h\/","url":"https:\/\/www.abagrigliati.it\/fr\/produit\/echelon-25x25h\/","name":"\u00c9chelon 25x25h pour \u00c9chelles de meunier |Abagrigliati FR","isPartOf":{"@id":"https:\/\/www.abagrigliati.it\/fr\/#website"},"primaryImageOfPage":{"@id":"https:\/\/www.abagrigliati.it\/fr\/produit\/echelon-25x25h\/#primaryimage"},"image":{"@id":"https:\/\/www.abagrigliati.it\/fr\/produit\/echelon-25x25h\/#primaryimage"},"thumbnailUrl":"https:\/\/www.abagrigliati.it\/fr\/wp-content\/uploads\/sites\/6\/2021\/12\/Piolo-25x25H.jpg","datePublished":"2021-12-21T17:11:46+00:00","dateModified":"2025-07-16T12:33:34+00:00","description":"Utilis\u00e9s sur les \u00e9chelles agricoles, sur les \u00e9chelles pour les camions-citerne ou sur installations techniques Les trous diam\u00e8tre 5 emp\u00eachent l\u2019insertion accidentale des doigts, \u00e9vitant ainsi le risque de l\u00e9sions (trous d\u00e9finis \u201canti-doigt\u201d).","breadcrumb":{"@id":"https:\/\/www.abagrigliati.it\/fr\/produit\/echelon-25x25h\/#breadcrumb"},"inLanguage":"it-IT","potentialAction":[{"@type":"ReadAction","target":["https:\/\/www.abagrigliati.it\/fr\/produit\/echelon-25x25h\/"]}]},{"@type":"ImageObject","inLanguage":"it-IT","@id":"https:\/\/www.abagrigliati.it\/fr\/produit\/echelon-25x25h\/#primaryimage","url":"https:\/\/www.abagrigliati.it\/fr\/wp-content\/uploads\/sites\/6\/2021\/12\/Piolo-25x25H.jpg","contentUrl":"https:\/\/www.abagrigliati.it\/fr\/wp-content\/uploads\/sites\/6\/2021\/12\/Piolo-25x25H.jpg","width":1000,"height":1000},{"@type":"BreadcrumbList","@id":"https:\/\/www.abagrigliati.it\/fr\/produit\/echelon-25x25h\/#breadcrumb","itemListElement":[{"@type":"ListItem","position":1,"name":"Home","item":"https:\/\/www.abagrigliati.it\/fr\/"},{"@type":"ListItem","position":2,"name":"Shop","item":"https:\/\/www.abagrigliati.it\/fr\/negozio\/"},{"@type":"ListItem","position":3,"name":"\u00c9chelon 25x25h"}]},{"@type":"WebSite","@id":"https:\/\/www.abagrigliati.it\/fr\/#website","url":"https:\/\/www.abagrigliati.it\/fr\/","name":"Abagrigliati FR","description":"","publisher":{"@id":"https:\/\/www.abagrigliati.it\/fr\/#organization"},"potentialAction":[{"@type":"SearchAction","target":{"@type":"EntryPoint","urlTemplate":"https:\/\/www.abagrigliati.it\/fr\/?s={search_term_string}"},"query-input":{"@type":"PropertyValueSpecification","valueRequired":true,"valueName":"search_term_string"}}],"inLanguage":"it-IT"},{"@type":"Organization","@id":"https:\/\/www.abagrigliati.it\/fr\/#organization","name":"Abagrigliati","url":"https:\/\/www.abagrigliati.it\/fr\/","logo":{"@type":"ImageObject","inLanguage":"it-IT","@id":"https:\/\/www.abagrigliati.it\/fr\/#\/schema\/logo\/image\/","url":"https:\/\/www.abagrigliati.it\/fr\/wp-content\/uploads\/sites\/6\/2022\/01\/LogoABAGriglaiti.svg","contentUrl":"https:\/\/www.abagrigliati.it\/fr\/wp-content\/uploads\/sites\/6\/2022\/01\/LogoABAGriglaiti.svg","width":223,"height":50,"caption":"Abagrigliati"},"image":{"@id":"https:\/\/www.abagrigliati.it\/fr\/#\/schema\/logo\/image\/"}}]}},"_links":{"self":[{"href":"https:\/\/www.abagrigliati.it\/fr\/wp-json\/wp\/v2\/product\/2401","targetHints":{"allow":["GET"]}}],"collection":[{"href":"https:\/\/www.abagrigliati.it\/fr\/wp-json\/wp\/v2\/product"}],"about":[{"href":"https:\/\/www.abagrigliati.it\/fr\/wp-json\/wp\/v2\/types\/product"}],"replies":[{"embeddable":true,"href":"https:\/\/www.abagrigliati.it\/fr\/wp-json\/wp\/v2\/comments?post=2401"}],"wp:featuredmedia":[{"embeddable":true,"href":"https:\/\/www.abagrigliati.it\/fr\/wp-json\/wp\/v2\/media\/2402"}],"wp:attachment":[{"href":"https:\/\/www.abagrigliati.it\/fr\/wp-json\/wp\/v2\/media?parent=2401"}],"wp:term":[{"taxonomy":"product_brand","embeddable":true,"href":"https:\/\/www.abagrigliati.it\/fr\/wp-json\/wp\/v2\/product_brand?post=2401"},{"taxonomy":"product_cat","embeddable":true,"href":"https:\/\/www.abagrigliati.it\/fr\/wp-json\/wp\/v2\/product_cat?post=2401"},{"taxonomy":"product_tag","embeddable":true,"href":"https:\/\/www.abagrigliati.it\/fr\/wp-json\/wp\/v2\/product_tag?post=2401"}],"curies":[{"name":"wp","href":"https:\/\/api.w.org\/{rel}","templated":true}]}}