{"id":2403,"date":"2021-12-21T18:13:45","date_gmt":"2021-12-21T17:13:45","guid":{"rendered":"https:\/\/www.abagrigliati.it\/fr\/?post_type=product&#038;p=2403"},"modified":"2025-07-16T14:32:43","modified_gmt":"2025-07-16T12:32:43","slug":"echelon-25x30h","status":"publish","type":"product","link":"https:\/\/www.abagrigliati.it\/fr\/produit\/echelon-25x30h\/","title":{"rendered":"\u00c9chelon 25x30h"},"content":{"rendered":"<p>\u00c9chelon 25x30h pour \u00e9chelles de meunier<\/p>\n<p><strong>Sections disponibles \u2013 b x h x \u00c9p. (mm)<\/strong><\/p>\n<ul class=\"number_sec\">\n<li>25x30x1.5<\/li>\n<li>25x30x2.0<\/li>\n<\/ul>\n<p><strong>Longueur<\/strong><\/p>\n<p>Barres standard de 2000 mm<br \/>\n\u00c9chelons en acier brut \u00e9p. 2,0 mm, fournis exclusivement en emballages de 10 barres.<\/p>\n<div class=\"border_bottom_sec\"><strong>Mat\u00e9riau <\/strong>Acier brut S235JR et aluminium \u00e9paisseur 2,0 mm, Acier inox AISI 316 \u00e9paisseur 1,5 mm, Acier Inox AISI 304 \u00e9paisseur 1,5 mm.<br \/>\n<img decoding=\"async\" class=\"alignnone wp-image-3835 size-medium\" src=\"https:\/\/www.abagrigliati.it\/en\/wp-content\/uploads\/sites\/2\/2022\/05\/icona-antiscivolo-R11-en.png\" alt=\"\" width=\"300\" height=\"63\" \/><\/div>\n<div class=\"border_bottom_sec\">\n<p><strong>Destination d\u2019emploi <\/strong>Les \u00e9chelons sont utilis\u00e9s sur les \u00e9chelles verticales de type \u201cmeunier\u201d avec cage, sur les \u00e9chelles agricoles, sur les \u00e9chelles pour les camions-citerne ou sur installations techniques Les trous diam\u00e8tre 5 emp\u00eachent l\u2019insertion accidentale des doigts, \u00e9vitant ainsi le risque de l\u00e9sions (trous d\u00e9finis \u201canti-doigt\u201d).<\/p>\n<\/div>\n","protected":false},"excerpt":{"rendered":"<p>\u00c9chelon 25x30h pour \u00e9chelles de meunier Sections disponibles \u2013 b x h x \u00c9p. (mm) 25x30x1.5 25x30x2.0 Longueur Barres standard de 2000 mm \u00c9chelons en acier brut \u00e9p. 2,0 mm, fournis exclusivement en emballages de 10 barres. Mat\u00e9riau Acier brut S235JR et aluminium \u00e9paisseur 2,0 mm, Acier inox AISI 316 \u00e9paisseur 1,5 mm, Acier Inox&hellip; <a class=\"more-link\" href=\"https:\/\/www.abagrigliati.it\/fr\/produit\/echelon-25x30h\/\">Continua a leggere <span class=\"screen-reader-text\">\u00c9chelon 25x30h<\/span><\/a><\/p>\n","protected":false},"featured_media":2405,"comment_status":"open","ping_status":"closed","template":"","meta":{"_acf_changed":false},"product_brand":[],"product_cat":[48,58],"product_tag":[],"class_list":{"0":"post-2403","1":"product","2":"type-product","3":"status-publish","4":"has-post-thumbnail","6":"product_cat-marches","7":"product_cat-echelons","8":"entry","10":"first","11":"instock","12":"shipping-taxable","13":"product-type-simple"},"acf":[],"yoast_head":"<!-- This site is optimized with the Yoast SEO plugin v27.4 - https:\/\/yoast.com\/product\/yoast-seo-wordpress\/ -->\n<title>\u00c9chelon 25x30h pour \u00e9chelles de meunier | Abagrigliati FR<\/title>\n<meta name=\"description\" content=\"Les \u00e9chelons sont utilis\u00e9s sur les \u00e9chelles verticales de type \u201cmeunier\u201d avec cage, sur les \u00e9chelles agricoles, sur les \u00e9chelles pour les camions-citerne ou sur installations techniques.\" \/>\n<meta name=\"robots\" content=\"noindex, follow, max-snippet:-1, max-image-preview:large, max-video-preview:-1\" \/>\n<meta property=\"og:locale\" content=\"it_IT\" \/>\n<meta property=\"og:type\" content=\"article\" \/>\n<meta property=\"og:title\" content=\"\u00c9chelon 25x30h pour \u00e9chelles de meunier | Abagrigliati FR\" \/>\n<meta property=\"og:description\" content=\"Les \u00e9chelons sont utilis\u00e9s sur les \u00e9chelles verticales de type \u201cmeunier\u201d avec cage, sur les \u00e9chelles agricoles, sur les \u00e9chelles pour les camions-citerne ou sur installations techniques.\" \/>\n<meta property=\"og:url\" content=\"https:\/\/www.abagrigliati.it\/fr\/produit\/echelon-25x30h\/\" \/>\n<meta property=\"og:site_name\" content=\"Abagrigliati FR\" \/>\n<meta property=\"article:modified_time\" content=\"2025-07-16T12:32:43+00:00\" \/>\n<meta property=\"og:image\" content=\"https:\/\/www.abagrigliati.it\/fr\/wp-content\/uploads\/sites\/6\/2021\/12\/Piolo-25x30H.jpg\" \/>\n\t<meta property=\"og:image:width\" content=\"1000\" \/>\n\t<meta property=\"og:image:height\" content=\"1000\" \/>\n\t<meta property=\"og:image:type\" content=\"image\/jpeg\" \/>\n<meta name=\"twitter:card\" content=\"summary_large_image\" \/>\n<meta name=\"twitter:label1\" content=\"Tempo di lettura stimato\" \/>\n\t<meta name=\"twitter:data1\" content=\"1 minuto\" \/>\n<script type=\"application\/ld+json\" class=\"yoast-schema-graph\">{\"@context\":\"https:\\\/\\\/schema.org\",\"@graph\":[{\"@type\":\"WebPage\",\"@id\":\"https:\\\/\\\/www.abagrigliati.it\\\/fr\\\/produit\\\/echelon-25x30h\\\/\",\"url\":\"https:\\\/\\\/www.abagrigliati.it\\\/fr\\\/produit\\\/echelon-25x30h\\\/\",\"name\":\"\u00c9chelon 25x30h pour \u00e9chelles de meunier | Abagrigliati FR\",\"isPartOf\":{\"@id\":\"https:\\\/\\\/www.abagrigliati.it\\\/fr\\\/#website\"},\"primaryImageOfPage\":{\"@id\":\"https:\\\/\\\/www.abagrigliati.it\\\/fr\\\/produit\\\/echelon-25x30h\\\/#primaryimage\"},\"image\":{\"@id\":\"https:\\\/\\\/www.abagrigliati.it\\\/fr\\\/produit\\\/echelon-25x30h\\\/#primaryimage\"},\"thumbnailUrl\":\"https:\\\/\\\/www.abagrigliati.it\\\/fr\\\/wp-content\\\/uploads\\\/sites\\\/6\\\/2021\\\/12\\\/Piolo-25x30H.jpg\",\"datePublished\":\"2021-12-21T17:13:45+00:00\",\"dateModified\":\"2025-07-16T12:32:43+00:00\",\"description\":\"Les \u00e9chelons sont utilis\u00e9s sur les \u00e9chelles verticales de type \u201cmeunier\u201d avec cage, sur les \u00e9chelles agricoles, sur les \u00e9chelles pour les camions-citerne ou sur installations techniques.\",\"breadcrumb\":{\"@id\":\"https:\\\/\\\/www.abagrigliati.it\\\/fr\\\/produit\\\/echelon-25x30h\\\/#breadcrumb\"},\"inLanguage\":\"it-IT\",\"potentialAction\":[{\"@type\":\"ReadAction\",\"target\":[\"https:\\\/\\\/www.abagrigliati.it\\\/fr\\\/produit\\\/echelon-25x30h\\\/\"]}]},{\"@type\":\"ImageObject\",\"inLanguage\":\"it-IT\",\"@id\":\"https:\\\/\\\/www.abagrigliati.it\\\/fr\\\/produit\\\/echelon-25x30h\\\/#primaryimage\",\"url\":\"https:\\\/\\\/www.abagrigliati.it\\\/fr\\\/wp-content\\\/uploads\\\/sites\\\/6\\\/2021\\\/12\\\/Piolo-25x30H.jpg\",\"contentUrl\":\"https:\\\/\\\/www.abagrigliati.it\\\/fr\\\/wp-content\\\/uploads\\\/sites\\\/6\\\/2021\\\/12\\\/Piolo-25x30H.jpg\",\"width\":1000,\"height\":1000},{\"@type\":\"BreadcrumbList\",\"@id\":\"https:\\\/\\\/www.abagrigliati.it\\\/fr\\\/produit\\\/echelon-25x30h\\\/#breadcrumb\",\"itemListElement\":[{\"@type\":\"ListItem\",\"position\":1,\"name\":\"Home\",\"item\":\"https:\\\/\\\/www.abagrigliati.it\\\/fr\\\/\"},{\"@type\":\"ListItem\",\"position\":2,\"name\":\"Shop\",\"item\":\"https:\\\/\\\/www.abagrigliati.it\\\/fr\\\/negozio\\\/\"},{\"@type\":\"ListItem\",\"position\":3,\"name\":\"\u00c9chelon 25x30h\"}]},{\"@type\":\"WebSite\",\"@id\":\"https:\\\/\\\/www.abagrigliati.it\\\/fr\\\/#website\",\"url\":\"https:\\\/\\\/www.abagrigliati.it\\\/fr\\\/\",\"name\":\"Abagrigliati FR\",\"description\":\"\",\"publisher\":{\"@id\":\"https:\\\/\\\/www.abagrigliati.it\\\/fr\\\/#organization\"},\"potentialAction\":[{\"@type\":\"SearchAction\",\"target\":{\"@type\":\"EntryPoint\",\"urlTemplate\":\"https:\\\/\\\/www.abagrigliati.it\\\/fr\\\/?s={search_term_string}\"},\"query-input\":{\"@type\":\"PropertyValueSpecification\",\"valueRequired\":true,\"valueName\":\"search_term_string\"}}],\"inLanguage\":\"it-IT\"},{\"@type\":\"Organization\",\"@id\":\"https:\\\/\\\/www.abagrigliati.it\\\/fr\\\/#organization\",\"name\":\"Abagrigliati\",\"url\":\"https:\\\/\\\/www.abagrigliati.it\\\/fr\\\/\",\"logo\":{\"@type\":\"ImageObject\",\"inLanguage\":\"it-IT\",\"@id\":\"https:\\\/\\\/www.abagrigliati.it\\\/fr\\\/#\\\/schema\\\/logo\\\/image\\\/\",\"url\":\"https:\\\/\\\/www.abagrigliati.it\\\/fr\\\/wp-content\\\/uploads\\\/sites\\\/6\\\/2022\\\/01\\\/LogoABAGriglaiti.svg\",\"contentUrl\":\"https:\\\/\\\/www.abagrigliati.it\\\/fr\\\/wp-content\\\/uploads\\\/sites\\\/6\\\/2022\\\/01\\\/LogoABAGriglaiti.svg\",\"width\":223,\"height\":50,\"caption\":\"Abagrigliati\"},\"image\":{\"@id\":\"https:\\\/\\\/www.abagrigliati.it\\\/fr\\\/#\\\/schema\\\/logo\\\/image\\\/\"}}]}<\/script>\n<!-- \/ Yoast SEO plugin. -->","yoast_head_json":{"title":"\u00c9chelon 25x30h pour \u00e9chelles de meunier | Abagrigliati FR","description":"Les \u00e9chelons sont utilis\u00e9s sur les \u00e9chelles verticales de type \u201cmeunier\u201d avec cage, sur les \u00e9chelles agricoles, sur les \u00e9chelles pour les camions-citerne ou sur installations techniques.","robots":{"index":"noindex","follow":"follow","max-snippet":"max-snippet:-1","max-image-preview":"max-image-preview:large","max-video-preview":"max-video-preview:-1"},"og_locale":"it_IT","og_type":"article","og_title":"\u00c9chelon 25x30h pour \u00e9chelles de meunier | Abagrigliati FR","og_description":"Les \u00e9chelons sont utilis\u00e9s sur les \u00e9chelles verticales de type \u201cmeunier\u201d avec cage, sur les \u00e9chelles agricoles, sur les \u00e9chelles pour les camions-citerne ou sur installations techniques.","og_url":"https:\/\/www.abagrigliati.it\/fr\/produit\/echelon-25x30h\/","og_site_name":"Abagrigliati FR","article_modified_time":"2025-07-16T12:32:43+00:00","og_image":[{"width":1000,"height":1000,"url":"https:\/\/www.abagrigliati.it\/fr\/wp-content\/uploads\/sites\/6\/2021\/12\/Piolo-25x30H.jpg","type":"image\/jpeg"}],"twitter_card":"summary_large_image","twitter_misc":{"Tempo di lettura stimato":"1 minuto"},"schema":{"@context":"https:\/\/schema.org","@graph":[{"@type":"WebPage","@id":"https:\/\/www.abagrigliati.it\/fr\/produit\/echelon-25x30h\/","url":"https:\/\/www.abagrigliati.it\/fr\/produit\/echelon-25x30h\/","name":"\u00c9chelon 25x30h pour \u00e9chelles de meunier | Abagrigliati FR","isPartOf":{"@id":"https:\/\/www.abagrigliati.it\/fr\/#website"},"primaryImageOfPage":{"@id":"https:\/\/www.abagrigliati.it\/fr\/produit\/echelon-25x30h\/#primaryimage"},"image":{"@id":"https:\/\/www.abagrigliati.it\/fr\/produit\/echelon-25x30h\/#primaryimage"},"thumbnailUrl":"https:\/\/www.abagrigliati.it\/fr\/wp-content\/uploads\/sites\/6\/2021\/12\/Piolo-25x30H.jpg","datePublished":"2021-12-21T17:13:45+00:00","dateModified":"2025-07-16T12:32:43+00:00","description":"Les \u00e9chelons sont utilis\u00e9s sur les \u00e9chelles verticales de type \u201cmeunier\u201d avec cage, sur les \u00e9chelles agricoles, sur les \u00e9chelles pour les camions-citerne ou sur installations techniques.","breadcrumb":{"@id":"https:\/\/www.abagrigliati.it\/fr\/produit\/echelon-25x30h\/#breadcrumb"},"inLanguage":"it-IT","potentialAction":[{"@type":"ReadAction","target":["https:\/\/www.abagrigliati.it\/fr\/produit\/echelon-25x30h\/"]}]},{"@type":"ImageObject","inLanguage":"it-IT","@id":"https:\/\/www.abagrigliati.it\/fr\/produit\/echelon-25x30h\/#primaryimage","url":"https:\/\/www.abagrigliati.it\/fr\/wp-content\/uploads\/sites\/6\/2021\/12\/Piolo-25x30H.jpg","contentUrl":"https:\/\/www.abagrigliati.it\/fr\/wp-content\/uploads\/sites\/6\/2021\/12\/Piolo-25x30H.jpg","width":1000,"height":1000},{"@type":"BreadcrumbList","@id":"https:\/\/www.abagrigliati.it\/fr\/produit\/echelon-25x30h\/#breadcrumb","itemListElement":[{"@type":"ListItem","position":1,"name":"Home","item":"https:\/\/www.abagrigliati.it\/fr\/"},{"@type":"ListItem","position":2,"name":"Shop","item":"https:\/\/www.abagrigliati.it\/fr\/negozio\/"},{"@type":"ListItem","position":3,"name":"\u00c9chelon 25x30h"}]},{"@type":"WebSite","@id":"https:\/\/www.abagrigliati.it\/fr\/#website","url":"https:\/\/www.abagrigliati.it\/fr\/","name":"Abagrigliati FR","description":"","publisher":{"@id":"https:\/\/www.abagrigliati.it\/fr\/#organization"},"potentialAction":[{"@type":"SearchAction","target":{"@type":"EntryPoint","urlTemplate":"https:\/\/www.abagrigliati.it\/fr\/?s={search_term_string}"},"query-input":{"@type":"PropertyValueSpecification","valueRequired":true,"valueName":"search_term_string"}}],"inLanguage":"it-IT"},{"@type":"Organization","@id":"https:\/\/www.abagrigliati.it\/fr\/#organization","name":"Abagrigliati","url":"https:\/\/www.abagrigliati.it\/fr\/","logo":{"@type":"ImageObject","inLanguage":"it-IT","@id":"https:\/\/www.abagrigliati.it\/fr\/#\/schema\/logo\/image\/","url":"https:\/\/www.abagrigliati.it\/fr\/wp-content\/uploads\/sites\/6\/2022\/01\/LogoABAGriglaiti.svg","contentUrl":"https:\/\/www.abagrigliati.it\/fr\/wp-content\/uploads\/sites\/6\/2022\/01\/LogoABAGriglaiti.svg","width":223,"height":50,"caption":"Abagrigliati"},"image":{"@id":"https:\/\/www.abagrigliati.it\/fr\/#\/schema\/logo\/image\/"}}]}},"_links":{"self":[{"href":"https:\/\/www.abagrigliati.it\/fr\/wp-json\/wp\/v2\/product\/2403","targetHints":{"allow":["GET"]}}],"collection":[{"href":"https:\/\/www.abagrigliati.it\/fr\/wp-json\/wp\/v2\/product"}],"about":[{"href":"https:\/\/www.abagrigliati.it\/fr\/wp-json\/wp\/v2\/types\/product"}],"replies":[{"embeddable":true,"href":"https:\/\/www.abagrigliati.it\/fr\/wp-json\/wp\/v2\/comments?post=2403"}],"wp:featuredmedia":[{"embeddable":true,"href":"https:\/\/www.abagrigliati.it\/fr\/wp-json\/wp\/v2\/media\/2405"}],"wp:attachment":[{"href":"https:\/\/www.abagrigliati.it\/fr\/wp-json\/wp\/v2\/media?parent=2403"}],"wp:term":[{"taxonomy":"product_brand","embeddable":true,"href":"https:\/\/www.abagrigliati.it\/fr\/wp-json\/wp\/v2\/product_brand?post=2403"},{"taxonomy":"product_cat","embeddable":true,"href":"https:\/\/www.abagrigliati.it\/fr\/wp-json\/wp\/v2\/product_cat?post=2403"},{"taxonomy":"product_tag","embeddable":true,"href":"https:\/\/www.abagrigliati.it\/fr\/wp-json\/wp\/v2\/product_tag?post=2403"}],"curies":[{"name":"wp","href":"https:\/\/api.w.org\/{rel}","templated":true}]}}