{"id":2564,"date":"2021-12-22T19:19:05","date_gmt":"2021-12-22T18:19:05","guid":{"rendered":"https:\/\/www.abagrigliati.it\/fr\/?post_type=product&#038;p=2564"},"modified":"2025-07-09T14:48:42","modified_gmt":"2025-07-09T12:48:42","slug":"support-marche-exterieur","status":"publish","type":"product","link":"https:\/\/www.abagrigliati.it\/fr\/produit\/support-marche-exterieur\/","title":{"rendered":"Support marche ext\u00e9rieur"},"content":{"rendered":"<p><strong>Dimensions<\/strong><\/p>\n<p>Pour marche de 150 mm, \u00e9paisseur 2 mm<br \/>\nPour marche de 200 mm, \u00e9paisseur 2 mm<br \/>\nPour marche de 250 mm, \u00e9paisseur 2 mm<br \/>\nPour marche de 300 mm, \u00e9paisseur 2 mm<br \/>\nPour marche de 325 mm, \u00e9paisseur 2 mm<\/p>\n<div class=\"border_bottom_sec\"><strong>Mat\u00e9riau <\/strong>Acier galvanis\u00e9 Sendzimir, Acier brut<\/div>\n<div class=\"border_bottom_sec\">\n<p><strong>Destination d\u2019emploi <\/strong>Les supports peuvent \u00eatre appliqu\u00e9s exclusivement sur marches\/profils dont la longueur est un multiple du pas de coupe<\/p>\n<\/div>\n","protected":false},"excerpt":{"rendered":"<p>Dimensions Pour marche de 150 mm, \u00e9paisseur 2 mm Pour marche de 200 mm, \u00e9paisseur 2 mm Pour marche de 250 mm, \u00e9paisseur 2 mm Pour marche de 300 mm, \u00e9paisseur 2 mm Pour marche de 325 mm, \u00e9paisseur 2 mm Mat\u00e9riau Acier galvanis\u00e9 Sendzimir, Acier brut Destination d\u2019emploi Les supports peuvent \u00eatre appliqu\u00e9s exclusivement&hellip; <a class=\"more-link\" href=\"https:\/\/www.abagrigliati.it\/fr\/produit\/support-marche-exterieur\/\">Continua a leggere <span class=\"screen-reader-text\">Support marche ext\u00e9rieur<\/span><\/a><\/p>\n","protected":false},"featured_media":3558,"comment_status":"open","ping_status":"closed","template":"","meta":{"_acf_changed":false},"product_brand":[],"product_cat":[48,59],"product_tag":[],"class_list":{"0":"post-2564","1":"product","2":"type-product","3":"status-publish","4":"has-post-thumbnail","6":"product_cat-marches","7":"product_cat-accessoires-marches","8":"entry","10":"first","11":"instock","12":"shipping-taxable","13":"product-type-simple"},"acf":[],"yoast_head":"<!-- This site is optimized with the Yoast SEO plugin v27.4 - https:\/\/yoast.com\/product\/yoast-seo-wordpress\/ -->\n<title>Support Marche Ext\u00e9rieur | Abagrigliati FR<\/title>\n<meta name=\"robots\" content=\"noindex, follow, max-snippet:-1, max-image-preview:large, max-video-preview:-1\" \/>\n<meta property=\"og:locale\" content=\"it_IT\" \/>\n<meta property=\"og:type\" content=\"article\" \/>\n<meta property=\"og:title\" content=\"Support Marche Ext\u00e9rieur | Abagrigliati FR\" \/>\n<meta property=\"og:description\" content=\"Dimensions Pour marche de 150 mm, \u00e9paisseur 2 mm Pour marche de 200 mm, \u00e9paisseur 2 mm Pour marche de 250 mm, \u00e9paisseur 2 mm Pour marche de 300 mm, \u00e9paisseur 2 mm Pour marche de 325 mm, \u00e9paisseur 2 mm Mat\u00e9riau Acier galvanis\u00e9 Sendzimir, Acier brut Destination d\u2019emploi Les supports peuvent \u00eatre appliqu\u00e9s exclusivement&hellip; Continua a leggere Support marche ext\u00e9rieur\" \/>\n<meta property=\"og:url\" content=\"https:\/\/www.abagrigliati.it\/fr\/produit\/support-marche-exterieur\/\" \/>\n<meta property=\"og:site_name\" content=\"Abagrigliati FR\" \/>\n<meta property=\"article:modified_time\" content=\"2025-07-09T12:48:42+00:00\" \/>\n<meta property=\"og:image\" content=\"https:\/\/www.abagrigliati.it\/fr\/wp-content\/uploads\/sites\/6\/2021\/12\/suppgradest.jpg\" \/>\n\t<meta property=\"og:image:width\" content=\"1494\" \/>\n\t<meta property=\"og:image:height\" content=\"1100\" \/>\n\t<meta property=\"og:image:type\" content=\"image\/jpeg\" \/>\n<meta name=\"twitter:card\" content=\"summary_large_image\" \/>\n<meta name=\"twitter:label1\" content=\"Tempo di lettura stimato\" \/>\n\t<meta name=\"twitter:data1\" content=\"1 minuto\" \/>\n<script type=\"application\/ld+json\" class=\"yoast-schema-graph\">{\"@context\":\"https:\\\/\\\/schema.org\",\"@graph\":[{\"@type\":\"WebPage\",\"@id\":\"https:\\\/\\\/www.abagrigliati.it\\\/fr\\\/produit\\\/support-marche-exterieur\\\/\",\"url\":\"https:\\\/\\\/www.abagrigliati.it\\\/fr\\\/produit\\\/support-marche-exterieur\\\/\",\"name\":\"Support Marche Ext\u00e9rieur | Abagrigliati FR\",\"isPartOf\":{\"@id\":\"https:\\\/\\\/www.abagrigliati.it\\\/fr\\\/#website\"},\"primaryImageOfPage\":{\"@id\":\"https:\\\/\\\/www.abagrigliati.it\\\/fr\\\/produit\\\/support-marche-exterieur\\\/#primaryimage\"},\"image\":{\"@id\":\"https:\\\/\\\/www.abagrigliati.it\\\/fr\\\/produit\\\/support-marche-exterieur\\\/#primaryimage\"},\"thumbnailUrl\":\"https:\\\/\\\/www.abagrigliati.it\\\/fr\\\/wp-content\\\/uploads\\\/sites\\\/6\\\/2021\\\/12\\\/suppgradest.jpg\",\"datePublished\":\"2021-12-22T18:19:05+00:00\",\"dateModified\":\"2025-07-09T12:48:42+00:00\",\"breadcrumb\":{\"@id\":\"https:\\\/\\\/www.abagrigliati.it\\\/fr\\\/produit\\\/support-marche-exterieur\\\/#breadcrumb\"},\"inLanguage\":\"it-IT\",\"potentialAction\":[{\"@type\":\"ReadAction\",\"target\":[\"https:\\\/\\\/www.abagrigliati.it\\\/fr\\\/produit\\\/support-marche-exterieur\\\/\"]}]},{\"@type\":\"ImageObject\",\"inLanguage\":\"it-IT\",\"@id\":\"https:\\\/\\\/www.abagrigliati.it\\\/fr\\\/produit\\\/support-marche-exterieur\\\/#primaryimage\",\"url\":\"https:\\\/\\\/www.abagrigliati.it\\\/fr\\\/wp-content\\\/uploads\\\/sites\\\/6\\\/2021\\\/12\\\/suppgradest.jpg\",\"contentUrl\":\"https:\\\/\\\/www.abagrigliati.it\\\/fr\\\/wp-content\\\/uploads\\\/sites\\\/6\\\/2021\\\/12\\\/suppgradest.jpg\",\"width\":1494,\"height\":1100},{\"@type\":\"BreadcrumbList\",\"@id\":\"https:\\\/\\\/www.abagrigliati.it\\\/fr\\\/produit\\\/support-marche-exterieur\\\/#breadcrumb\",\"itemListElement\":[{\"@type\":\"ListItem\",\"position\":1,\"name\":\"Home\",\"item\":\"https:\\\/\\\/www.abagrigliati.it\\\/fr\\\/\"},{\"@type\":\"ListItem\",\"position\":2,\"name\":\"Shop\",\"item\":\"https:\\\/\\\/www.abagrigliati.it\\\/fr\\\/negozio\\\/\"},{\"@type\":\"ListItem\",\"position\":3,\"name\":\"Support marche ext\u00e9rieur\"}]},{\"@type\":\"WebSite\",\"@id\":\"https:\\\/\\\/www.abagrigliati.it\\\/fr\\\/#website\",\"url\":\"https:\\\/\\\/www.abagrigliati.it\\\/fr\\\/\",\"name\":\"Abagrigliati FR\",\"description\":\"\",\"publisher\":{\"@id\":\"https:\\\/\\\/www.abagrigliati.it\\\/fr\\\/#organization\"},\"potentialAction\":[{\"@type\":\"SearchAction\",\"target\":{\"@type\":\"EntryPoint\",\"urlTemplate\":\"https:\\\/\\\/www.abagrigliati.it\\\/fr\\\/?s={search_term_string}\"},\"query-input\":{\"@type\":\"PropertyValueSpecification\",\"valueRequired\":true,\"valueName\":\"search_term_string\"}}],\"inLanguage\":\"it-IT\"},{\"@type\":\"Organization\",\"@id\":\"https:\\\/\\\/www.abagrigliati.it\\\/fr\\\/#organization\",\"name\":\"Abagrigliati\",\"url\":\"https:\\\/\\\/www.abagrigliati.it\\\/fr\\\/\",\"logo\":{\"@type\":\"ImageObject\",\"inLanguage\":\"it-IT\",\"@id\":\"https:\\\/\\\/www.abagrigliati.it\\\/fr\\\/#\\\/schema\\\/logo\\\/image\\\/\",\"url\":\"https:\\\/\\\/www.abagrigliati.it\\\/fr\\\/wp-content\\\/uploads\\\/sites\\\/6\\\/2022\\\/01\\\/LogoABAGriglaiti.svg\",\"contentUrl\":\"https:\\\/\\\/www.abagrigliati.it\\\/fr\\\/wp-content\\\/uploads\\\/sites\\\/6\\\/2022\\\/01\\\/LogoABAGriglaiti.svg\",\"width\":223,\"height\":50,\"caption\":\"Abagrigliati\"},\"image\":{\"@id\":\"https:\\\/\\\/www.abagrigliati.it\\\/fr\\\/#\\\/schema\\\/logo\\\/image\\\/\"}}]}<\/script>\n<!-- \/ Yoast SEO plugin. -->","yoast_head_json":{"title":"Support Marche Ext\u00e9rieur | Abagrigliati FR","robots":{"index":"noindex","follow":"follow","max-snippet":"max-snippet:-1","max-image-preview":"max-image-preview:large","max-video-preview":"max-video-preview:-1"},"og_locale":"it_IT","og_type":"article","og_title":"Support Marche Ext\u00e9rieur | Abagrigliati FR","og_description":"Dimensions Pour marche de 150 mm, \u00e9paisseur 2 mm Pour marche de 200 mm, \u00e9paisseur 2 mm Pour marche de 250 mm, \u00e9paisseur 2 mm Pour marche de 300 mm, \u00e9paisseur 2 mm Pour marche de 325 mm, \u00e9paisseur 2 mm Mat\u00e9riau Acier galvanis\u00e9 Sendzimir, Acier brut Destination d\u2019emploi Les supports peuvent \u00eatre appliqu\u00e9s exclusivement&hellip; Continua a leggere Support marche ext\u00e9rieur","og_url":"https:\/\/www.abagrigliati.it\/fr\/produit\/support-marche-exterieur\/","og_site_name":"Abagrigliati FR","article_modified_time":"2025-07-09T12:48:42+00:00","og_image":[{"width":1494,"height":1100,"url":"https:\/\/www.abagrigliati.it\/fr\/wp-content\/uploads\/sites\/6\/2021\/12\/suppgradest.jpg","type":"image\/jpeg"}],"twitter_card":"summary_large_image","twitter_misc":{"Tempo di lettura stimato":"1 minuto"},"schema":{"@context":"https:\/\/schema.org","@graph":[{"@type":"WebPage","@id":"https:\/\/www.abagrigliati.it\/fr\/produit\/support-marche-exterieur\/","url":"https:\/\/www.abagrigliati.it\/fr\/produit\/support-marche-exterieur\/","name":"Support Marche Ext\u00e9rieur | Abagrigliati FR","isPartOf":{"@id":"https:\/\/www.abagrigliati.it\/fr\/#website"},"primaryImageOfPage":{"@id":"https:\/\/www.abagrigliati.it\/fr\/produit\/support-marche-exterieur\/#primaryimage"},"image":{"@id":"https:\/\/www.abagrigliati.it\/fr\/produit\/support-marche-exterieur\/#primaryimage"},"thumbnailUrl":"https:\/\/www.abagrigliati.it\/fr\/wp-content\/uploads\/sites\/6\/2021\/12\/suppgradest.jpg","datePublished":"2021-12-22T18:19:05+00:00","dateModified":"2025-07-09T12:48:42+00:00","breadcrumb":{"@id":"https:\/\/www.abagrigliati.it\/fr\/produit\/support-marche-exterieur\/#breadcrumb"},"inLanguage":"it-IT","potentialAction":[{"@type":"ReadAction","target":["https:\/\/www.abagrigliati.it\/fr\/produit\/support-marche-exterieur\/"]}]},{"@type":"ImageObject","inLanguage":"it-IT","@id":"https:\/\/www.abagrigliati.it\/fr\/produit\/support-marche-exterieur\/#primaryimage","url":"https:\/\/www.abagrigliati.it\/fr\/wp-content\/uploads\/sites\/6\/2021\/12\/suppgradest.jpg","contentUrl":"https:\/\/www.abagrigliati.it\/fr\/wp-content\/uploads\/sites\/6\/2021\/12\/suppgradest.jpg","width":1494,"height":1100},{"@type":"BreadcrumbList","@id":"https:\/\/www.abagrigliati.it\/fr\/produit\/support-marche-exterieur\/#breadcrumb","itemListElement":[{"@type":"ListItem","position":1,"name":"Home","item":"https:\/\/www.abagrigliati.it\/fr\/"},{"@type":"ListItem","position":2,"name":"Shop","item":"https:\/\/www.abagrigliati.it\/fr\/negozio\/"},{"@type":"ListItem","position":3,"name":"Support marche ext\u00e9rieur"}]},{"@type":"WebSite","@id":"https:\/\/www.abagrigliati.it\/fr\/#website","url":"https:\/\/www.abagrigliati.it\/fr\/","name":"Abagrigliati FR","description":"","publisher":{"@id":"https:\/\/www.abagrigliati.it\/fr\/#organization"},"potentialAction":[{"@type":"SearchAction","target":{"@type":"EntryPoint","urlTemplate":"https:\/\/www.abagrigliati.it\/fr\/?s={search_term_string}"},"query-input":{"@type":"PropertyValueSpecification","valueRequired":true,"valueName":"search_term_string"}}],"inLanguage":"it-IT"},{"@type":"Organization","@id":"https:\/\/www.abagrigliati.it\/fr\/#organization","name":"Abagrigliati","url":"https:\/\/www.abagrigliati.it\/fr\/","logo":{"@type":"ImageObject","inLanguage":"it-IT","@id":"https:\/\/www.abagrigliati.it\/fr\/#\/schema\/logo\/image\/","url":"https:\/\/www.abagrigliati.it\/fr\/wp-content\/uploads\/sites\/6\/2022\/01\/LogoABAGriglaiti.svg","contentUrl":"https:\/\/www.abagrigliati.it\/fr\/wp-content\/uploads\/sites\/6\/2022\/01\/LogoABAGriglaiti.svg","width":223,"height":50,"caption":"Abagrigliati"},"image":{"@id":"https:\/\/www.abagrigliati.it\/fr\/#\/schema\/logo\/image\/"}}]}},"_links":{"self":[{"href":"https:\/\/www.abagrigliati.it\/fr\/wp-json\/wp\/v2\/product\/2564","targetHints":{"allow":["GET"]}}],"collection":[{"href":"https:\/\/www.abagrigliati.it\/fr\/wp-json\/wp\/v2\/product"}],"about":[{"href":"https:\/\/www.abagrigliati.it\/fr\/wp-json\/wp\/v2\/types\/product"}],"replies":[{"embeddable":true,"href":"https:\/\/www.abagrigliati.it\/fr\/wp-json\/wp\/v2\/comments?post=2564"}],"wp:featuredmedia":[{"embeddable":true,"href":"https:\/\/www.abagrigliati.it\/fr\/wp-json\/wp\/v2\/media\/3558"}],"wp:attachment":[{"href":"https:\/\/www.abagrigliati.it\/fr\/wp-json\/wp\/v2\/media?parent=2564"}],"wp:term":[{"taxonomy":"product_brand","embeddable":true,"href":"https:\/\/www.abagrigliati.it\/fr\/wp-json\/wp\/v2\/product_brand?post=2564"},{"taxonomy":"product_cat","embeddable":true,"href":"https:\/\/www.abagrigliati.it\/fr\/wp-json\/wp\/v2\/product_cat?post=2564"},{"taxonomy":"product_tag","embeddable":true,"href":"https:\/\/www.abagrigliati.it\/fr\/wp-json\/wp\/v2\/product_tag?post=2564"}],"curies":[{"name":"wp","href":"https:\/\/api.w.org\/{rel}","templated":true}]}}