{"id":2583,"date":"2021-12-22T19:28:00","date_gmt":"2021-12-22T18:28:00","guid":{"rendered":"https:\/\/www.abagrigliati.it\/fr\/?post_type=product&#038;p=2583"},"modified":"2025-07-08T15:40:17","modified_gmt":"2025-07-08T13:40:17","slug":"ancrage-sur-poutre-sigma-zl","status":"publish","type":"product","link":"https:\/\/www.abagrigliati.it\/fr\/produit\/ancrage-sur-poutre-sigma-zl\/","title":{"rendered":"Ancrage sur poutre sigma &#8211; ZL"},"content":{"rendered":"<p><strong>Dimensions<\/strong><\/p>\n<p>Dimension 95&#215;56 pour poutre section en \u201cC\u201d avec pli de 17 \u00e0 20 mm, \u00e9paisseur 3 mm<br \/>\nDimension 95&#215;56 pour poutre section en \u201cC\u201d avec pli de 20 \u00e0 25 mm, \u00e9paisseur 3 mm<\/p>\n<div class=\"border_bottom_sec\"><strong>Mat\u00e9riau <\/strong>Acier galvanis\u00e9 Sendzimir<\/div>\n<div class=\"border_bottom_sec\">\n<p><strong>Destinations d\u2019emploi <\/strong>Fixation pour poutres profil\u00e9es avec rebord. Fixation par boulons M8<\/p>\n<\/div>\n","protected":false},"excerpt":{"rendered":"<p>Dimensions Dimension 95&#215;56 pour poutre section en \u201cC\u201d avec pli de 17 \u00e0 20 mm, \u00e9paisseur 3 mm Dimension 95&#215;56 pour poutre section en \u201cC\u201d avec pli de 20 \u00e0 25 mm, \u00e9paisseur 3 mm Mat\u00e9riau Acier galvanis\u00e9 Sendzimir Destinations d\u2019emploi Fixation pour poutres profil\u00e9es avec rebord. Fixation par boulons M8<\/p>\n","protected":false},"featured_media":3554,"comment_status":"open","ping_status":"closed","template":"","meta":{"_acf_changed":false},"product_brand":[],"product_cat":[20,55],"product_tag":[],"class_list":{"0":"post-2583","1":"product","2":"type-product","3":"status-publish","4":"has-post-thumbnail","6":"product_cat-planchers","7":"product_cat-accessoires-planchers","8":"entry","10":"first","11":"instock","12":"shipping-taxable","13":"product-type-simple"},"acf":[],"_links":{"self":[{"href":"https:\/\/www.abagrigliati.it\/fr\/wp-json\/wp\/v2\/product\/2583","targetHints":{"allow":["GET"]}}],"collection":[{"href":"https:\/\/www.abagrigliati.it\/fr\/wp-json\/wp\/v2\/product"}],"about":[{"href":"https:\/\/www.abagrigliati.it\/fr\/wp-json\/wp\/v2\/types\/product"}],"replies":[{"embeddable":true,"href":"https:\/\/www.abagrigliati.it\/fr\/wp-json\/wp\/v2\/comments?post=2583"}],"wp:featuredmedia":[{"embeddable":true,"href":"https:\/\/www.abagrigliati.it\/fr\/wp-json\/wp\/v2\/media\/3554"}],"wp:attachment":[{"href":"https:\/\/www.abagrigliati.it\/fr\/wp-json\/wp\/v2\/media?parent=2583"}],"wp:term":[{"taxonomy":"product_brand","embeddable":true,"href":"https:\/\/www.abagrigliati.it\/fr\/wp-json\/wp\/v2\/product_brand?post=2583"},{"taxonomy":"product_cat","embeddable":true,"href":"https:\/\/www.abagrigliati.it\/fr\/wp-json\/wp\/v2\/product_cat?post=2583"},{"taxonomy":"product_tag","embeddable":true,"href":"https:\/\/www.abagrigliati.it\/fr\/wp-json\/wp\/v2\/product_tag?post=2583"}],"curies":[{"name":"wp","href":"https:\/\/api.w.org\/{rel}","templated":true}]}}