{"id":2597,"date":"2021-12-22T19:32:03","date_gmt":"2021-12-22T18:32:03","guid":{"rendered":"https:\/\/www.abagrigliati.it\/fr\/?post_type=product&#038;p=2597"},"modified":"2025-07-08T15:56:41","modified_gmt":"2025-07-08T13:56:41","slug":"compensateur-zl-h58","status":"publish","type":"product","link":"https:\/\/www.abagrigliati.it\/fr\/produit\/compensateur-zl-h58\/","title":{"rendered":"Compensateur ZL H58"},"content":{"rendered":"<p><strong>Dimensions<\/strong><\/p>\n<p>50x58H \u2013 D\u00e9coupe \u00e0 mesure, \u00e9paisseur 1.5 mm<br \/>\n50x58H \u2013 L=2000mm, \u00e9paisseur 1.5 mm<br \/>\n50x58H \u2013 L=4000mm, \u00e9paisseur 1.5 mm<br \/>\n50x58H \u2013 D\u00e9coupe \u00e0 mesure, \u00e9paisseur 2 mm<br \/>\n80x58H \u2013 D\u00e9coupe \u00e0 mesure, \u00e9paisseur 1.5 mm<br \/>\n80x58H \u2013 L=2000mm, \u00e9paisseur 1.5mm<br \/>\n80x58H \u2013 L=4000mm, \u00e9paisseur 1.5 mm<br \/>\n80x58H \u2013 D\u00e9coupe \u00e0 mesure, \u00e9paisseur 2 mm<br \/>\n100x58H \u2013 D\u00e9coupe \u00e0 mesure, \u00e9paisseur 1.5 mm<br \/>\n100x58H \u2013 L=2000mm, \u00e9paisseur 1.5 mm<br \/>\n100x58H \u2013 L=4000mm, \u00e9paisseur 1.5 mm<br \/>\n100x58H \u2013 D\u00e9coupe \u00e0 mesure, \u00e9paisseur 2 mm<\/p>\n<div class=\"border_bottom_sec\"><strong>Mat\u00e9riau <\/strong>Acier galvanis\u00e9 Sendzimir<\/div>\n<div class=\"border_bottom_sec\">\n<p><strong>Destination d\u2019emploi<\/strong>Compensateur ZL, il est fourni en barres de 2 ou 4 m dans les 3 sections. Le d\u00e9coupe \u00e0 mesure est possible avec une longueur maximum de 4000 mm.<\/p>\n<\/div>\n","protected":false},"excerpt":{"rendered":"<p>Dimensions 50x58H \u2013 D\u00e9coupe \u00e0 mesure, \u00e9paisseur 1.5 mm 50x58H \u2013 L=2000mm, \u00e9paisseur 1.5 mm 50x58H \u2013 L=4000mm, \u00e9paisseur 1.5 mm 50x58H \u2013 D\u00e9coupe \u00e0 mesure, \u00e9paisseur 2 mm 80x58H \u2013 D\u00e9coupe \u00e0 mesure, \u00e9paisseur 1.5 mm 80x58H \u2013 L=2000mm, \u00e9paisseur 1.5mm 80x58H \u2013 L=4000mm, \u00e9paisseur 1.5 mm 80x58H \u2013 D\u00e9coupe \u00e0 mesure, \u00e9paisseur 2&hellip; <a class=\"more-link\" href=\"https:\/\/www.abagrigliati.it\/fr\/produit\/compensateur-zl-h58\/\">Continua a leggere <span class=\"screen-reader-text\">Compensateur ZL H58<\/span><\/a><\/p>\n","protected":false},"featured_media":3539,"comment_status":"open","ping_status":"closed","template":"","meta":{"_acf_changed":false},"product_brand":[],"product_cat":[20,55],"product_tag":[],"class_list":{"0":"post-2597","1":"product","2":"type-product","3":"status-publish","4":"has-post-thumbnail","6":"product_cat-planchers","7":"product_cat-accessoires-planchers","8":"entry","10":"first","11":"instock","12":"shipping-taxable","13":"product-type-simple"},"acf":[],"_links":{"self":[{"href":"https:\/\/www.abagrigliati.it\/fr\/wp-json\/wp\/v2\/product\/2597","targetHints":{"allow":["GET"]}}],"collection":[{"href":"https:\/\/www.abagrigliati.it\/fr\/wp-json\/wp\/v2\/product"}],"about":[{"href":"https:\/\/www.abagrigliati.it\/fr\/wp-json\/wp\/v2\/types\/product"}],"replies":[{"embeddable":true,"href":"https:\/\/www.abagrigliati.it\/fr\/wp-json\/wp\/v2\/comments?post=2597"}],"wp:featuredmedia":[{"embeddable":true,"href":"https:\/\/www.abagrigliati.it\/fr\/wp-json\/wp\/v2\/media\/3539"}],"wp:attachment":[{"href":"https:\/\/www.abagrigliati.it\/fr\/wp-json\/wp\/v2\/media?parent=2597"}],"wp:term":[{"taxonomy":"product_brand","embeddable":true,"href":"https:\/\/www.abagrigliati.it\/fr\/wp-json\/wp\/v2\/product_brand?post=2597"},{"taxonomy":"product_cat","embeddable":true,"href":"https:\/\/www.abagrigliati.it\/fr\/wp-json\/wp\/v2\/product_cat?post=2597"},{"taxonomy":"product_tag","embeddable":true,"href":"https:\/\/www.abagrigliati.it\/fr\/wp-json\/wp\/v2\/product_tag?post=2597"}],"curies":[{"name":"wp","href":"https:\/\/api.w.org\/{rel}","templated":true}]}}