{"id":2624,"date":"2021-12-23T01:03:55","date_gmt":"2021-12-23T00:03:55","guid":{"rendered":"https:\/\/www.abagrigliati.it\/fr\/?post_type=product&#038;p=2624"},"modified":"2025-07-08T16:20:19","modified_gmt":"2025-07-08T14:20:19","slug":"ferme-nervure-h25-extremites-ecrasees","status":"publish","type":"product","link":"https:\/\/www.abagrigliati.it\/fr\/produit\/ferme-nervure-h25-extremites-ecrasees\/","title":{"rendered":"Ferm\u00e9 Nervur\u00e9"},"content":{"rendered":"<p>PANNEAUX H25 EXTR\u00c9MIT\u00c9S \u00c9CRAS\u00c9ES<\/p>\n<p><strong>Sections disponibles \u2013 b x h x \u00c9p. (mm)<\/strong><\/p>\n<ul class=\"number_sec\">\n<li>100x25x0.5<br \/>\n100x25x0.6<br \/>\n100x25x0.8<br \/>\n100x25x1.0<br \/>\n100x25x1.2<br \/>\n100x25x1.5<\/li>\n<li>150x25x0.5<br \/>\n150x25x0.6<br \/>\n150x25x0.8<br \/>\n150x25x1.0<br \/>\n150x25x1.2<br \/>\n150x25x1.5<\/li>\n<li>200x25x0.5<br \/>\n200x25x0.6<br \/>\n200x25x0.8<br \/>\n200x25x1.0<br \/>\n200x25x1.2<br \/>\n200x25x1.5<\/li>\n<li>300x25x0.6<br \/>\n300x25x0.8<br \/>\n300x25x1.0<br \/>\n300x25x1.2<br \/>\n300x25x1.5<\/li>\n<\/ul>\n<p><strong>Longueur(mm)<\/strong><\/p>\n<p>\u2022 de 300 \u00e0 2000 (Section 300 et \u00e9paisseurs 1.5 exclues)<br \/>\n\u2022 de 500 \u00e0 2000 (Limite longueur pour section 300 et \u00e9paisseurs 1,5)<\/p>\n<div class=\"border_bottom_sec\"><strong>Mesures interm\u00e9diaires <\/strong>Coupe au Pas de 1 mm<\/div>\n<div class=\"border_bottom_sec\"><strong>Mat\u00e9riau <\/strong>Acier galvanis\u00e9 Sendzimir<\/div>\n<div class=\"border_bottom_sec\"><strong>Caract\u00e9ristiques<\/strong><br \/>\n\u2022 Surface nervur\u00e9e.<br \/>\n\u2022 Possibilit\u00e9 de trous sur les extr\u00e9mit\u00e9s.<\/div>\n","protected":false},"excerpt":{"rendered":"<p>PANNEAUX H25 EXTR\u00c9MIT\u00c9S \u00c9CRAS\u00c9ES Sections disponibles \u2013 b x h x \u00c9p. (mm) 100x25x0.5 100x25x0.6 100x25x0.8 100x25x1.0 100x25x1.2 100x25x1.5 150x25x0.5 150x25x0.6 150x25x0.8 150x25x1.0 150x25x1.2 150x25x1.5 200x25x0.5 200x25x0.6 200x25x0.8 200x25x1.0 200x25x1.2 200x25x1.5 300x25x0.6 300x25x0.8 300x25x1.0 300x25x1.2 300x25x1.5 Longueur(mm) \u2022 de 300 \u00e0 2000 (Section 300 et \u00e9paisseurs 1.5 exclues) \u2022 de 500 \u00e0 2000 (Limite longueur&hellip; <a class=\"more-link\" href=\"https:\/\/www.abagrigliati.it\/fr\/produit\/ferme-nervure-h25-extremites-ecrasees\/\">Continua a leggere <span class=\"screen-reader-text\">Ferm\u00e9 Nervur\u00e9<\/span><\/a><\/p>\n","protected":false},"featured_media":2625,"comment_status":"open","ping_status":"closed","template":"","meta":{"_acf_changed":false},"product_brand":[],"product_cat":[61,49],"product_tag":[],"class_list":{"0":"post-2624","1":"product","2":"type-product","3":"status-publish","4":"has-post-thumbnail","6":"product_cat-panneaux-h25-tetes-ecrasees","7":"product_cat-rayonnages","8":"entry","10":"first","11":"instock","12":"shipping-taxable","13":"product-type-simple"},"acf":[],"_links":{"self":[{"href":"https:\/\/www.abagrigliati.it\/fr\/wp-json\/wp\/v2\/product\/2624","targetHints":{"allow":["GET"]}}],"collection":[{"href":"https:\/\/www.abagrigliati.it\/fr\/wp-json\/wp\/v2\/product"}],"about":[{"href":"https:\/\/www.abagrigliati.it\/fr\/wp-json\/wp\/v2\/types\/product"}],"replies":[{"embeddable":true,"href":"https:\/\/www.abagrigliati.it\/fr\/wp-json\/wp\/v2\/comments?post=2624"}],"wp:featuredmedia":[{"embeddable":true,"href":"https:\/\/www.abagrigliati.it\/fr\/wp-json\/wp\/v2\/media\/2625"}],"wp:attachment":[{"href":"https:\/\/www.abagrigliati.it\/fr\/wp-json\/wp\/v2\/media?parent=2624"}],"wp:term":[{"taxonomy":"product_brand","embeddable":true,"href":"https:\/\/www.abagrigliati.it\/fr\/wp-json\/wp\/v2\/product_brand?post=2624"},{"taxonomy":"product_cat","embeddable":true,"href":"https:\/\/www.abagrigliati.it\/fr\/wp-json\/wp\/v2\/product_cat?post=2624"},{"taxonomy":"product_tag","embeddable":true,"href":"https:\/\/www.abagrigliati.it\/fr\/wp-json\/wp\/v2\/product_tag?post=2624"}],"curies":[{"name":"wp","href":"https:\/\/api.w.org\/{rel}","templated":true}]}}