{"id":2640,"date":"2021-12-23T01:36:14","date_gmt":"2021-12-23T00:36:14","guid":{"rendered":"https:\/\/www.abagrigliati.it\/fr\/?post_type=product&#038;p=2640"},"modified":"2025-07-16T14:22:29","modified_gmt":"2025-07-16T12:22:29","slug":"profil-rsc-3-0","status":"publish","type":"product","link":"https:\/\/www.abagrigliati.it\/fr\/produit\/profil-rsc-3-0\/","title":{"rendered":"Profil RSC 3.0"},"content":{"rendered":"<p>Profil P50 pour passage des chariots, pour planchers<\/p>\n<p><strong>Sections disponibles &#8211; b x h x \u00c9p. (mm)<\/strong><\/p>\n<ul class=\"number_sec\">\n<li>200x58x2.5<br \/>\n250x58x2.5<\/li>\n<li>200x58x3.0<br \/>\n250x58x3.0<\/li>\n<\/ul>\n<p><strong>Longueur<\/strong><\/p>\n<p>Minimum mm 600 &#8211; Maximum mm 600.<br \/>\nLes mesures interm\u00e9diaires sont multiples de 50 mm (= pas 50).<\/p>\n<div class=\"border_bottom_sec\"><strong>Mat\u00e9riau <\/strong>Acier galvanis\u00e9 Sendzimir, acier brut. Galvanisation \u00e0 chaud \u00e9galement possible.<br \/>\n<img decoding=\"async\" class=\"alignnone wp-image-3831 size-medium\" src=\"https:\/\/www.abagrigliati.it\/fr\/wp-content\/uploads\/sites\/2\/2022\/05\/icona-antiscivolo-R9-en.png\" alt=\"\" width=\"300\" height=\"73\" \/><\/div>\n<div class=\"border_bottom_sec\">\n<p><strong>Destinations d\u2019emploi<\/strong> Profil d\u2019\u00e9paisseur 2,5 et 3,0 mm, il assure des prestations et des capacit\u00e9s \u00e9lev\u00e9es. Indiqu\u00e9 mezzanines et pour passerelles pi\u00e9tonnes. Profil indiqu\u00e9 \u00e9galement pour le passage de transpalettes.<\/p>\n<\/div>\n","protected":false},"excerpt":{"rendered":"<p>Profil P50 pour passage des chariots, pour planchers Sections disponibles &#8211; b x h x \u00c9p. (mm) 200x58x2.5 250x58x2.5 200x58x3.0 250x58x3.0 Longueur Minimum mm 600 &#8211; Maximum mm 600. Les mesures interm\u00e9diaires sont multiples de 50 mm (= pas 50). Mat\u00e9riau Acier galvanis\u00e9 Sendzimir, acier brut. Galvanisation \u00e0 chaud \u00e9galement possible. Destinations d\u2019emploi Profil d\u2019\u00e9paisseur&hellip; <a class=\"more-link\" href=\"https:\/\/www.abagrigliati.it\/fr\/produit\/profil-rsc-3-0\/\">Continua a leggere <span class=\"screen-reader-text\">Profil RSC 3.0<\/span><\/a><\/p>\n","protected":false},"featured_media":2641,"comment_status":"open","ping_status":"closed","template":"","meta":{"_acf_changed":false},"product_brand":[],"product_cat":[20,43],"product_tag":[],"class_list":{"0":"post-2640","1":"product","2":"type-product","3":"status-publish","4":"has-post-thumbnail","6":"product_cat-planchers","7":"product_cat-profils-carrossables-p50","8":"entry","10":"first","11":"instock","12":"shipping-taxable","13":"product-type-simple"},"acf":[],"_links":{"self":[{"href":"https:\/\/www.abagrigliati.it\/fr\/wp-json\/wp\/v2\/product\/2640","targetHints":{"allow":["GET"]}}],"collection":[{"href":"https:\/\/www.abagrigliati.it\/fr\/wp-json\/wp\/v2\/product"}],"about":[{"href":"https:\/\/www.abagrigliati.it\/fr\/wp-json\/wp\/v2\/types\/product"}],"replies":[{"embeddable":true,"href":"https:\/\/www.abagrigliati.it\/fr\/wp-json\/wp\/v2\/comments?post=2640"}],"wp:featuredmedia":[{"embeddable":true,"href":"https:\/\/www.abagrigliati.it\/fr\/wp-json\/wp\/v2\/media\/2641"}],"wp:attachment":[{"href":"https:\/\/www.abagrigliati.it\/fr\/wp-json\/wp\/v2\/media?parent=2640"}],"wp:term":[{"taxonomy":"product_brand","embeddable":true,"href":"https:\/\/www.abagrigliati.it\/fr\/wp-json\/wp\/v2\/product_brand?post=2640"},{"taxonomy":"product_cat","embeddable":true,"href":"https:\/\/www.abagrigliati.it\/fr\/wp-json\/wp\/v2\/product_cat?post=2640"},{"taxonomy":"product_tag","embeddable":true,"href":"https:\/\/www.abagrigliati.it\/fr\/wp-json\/wp\/v2\/product_tag?post=2640"}],"curies":[{"name":"wp","href":"https:\/\/api.w.org\/{rel}","templated":true}]}}