{"id":2642,"date":"2021-12-23T01:40:41","date_gmt":"2021-12-23T00:40:41","guid":{"rendered":"https:\/\/www.abagrigliati.it\/fr\/?post_type=product&#038;p=2642"},"modified":"2025-07-16T14:38:11","modified_gmt":"2025-07-16T12:38:11","slug":"profil-lb","status":"publish","type":"product","link":"https:\/\/www.abagrigliati.it\/fr\/produit\/profil-lb\/","title":{"rendered":"Profil LB"},"content":{"rendered":"<p>Profil P60 ferm\u00e9 et en bossage, pour planchers.<\/p>\n<p><strong>Sections disponibles &#8211; b x h x \u00c9p. (mm)<\/strong><\/p>\n<ul class=\"number_sec\">\n<li>200x58x2.0<br \/>\n250x58x2.0<\/li>\n<li>200x58x2.5<br \/>\n250x58x2.5<br \/>\n300x58x2.5<\/li>\n<li>150x58x3.0<br \/>\n200x58x3.0<br \/>\n250x58x3.0<br \/>\n300x58x3.0<\/li>\n<\/ul>\n<p><strong>Longueur<\/strong><\/p>\n<p>Minimum mm 600 &#8211; maximum mm 6000.<br \/>\nLes mesures interm\u00e9diaires sont multiples de 60 mm (= pas de 60).<\/p>\n<div class=\"border_bottom_sec\">\n<p><strong>Mat\u00e9riau<\/strong><\/p>\n<ul class=\"number_sec\">\n<li>Acier Brut d\u2019\u00c9p. 2.0<br \/>\nAcier Galvanis\u00e9 Sendzimir<br \/>\nAcier galvanis\u00e9 \u00e0 chaud d\u2019\u00c9p. 2.0<br \/>\nAcier Corten d\u2019\u00c9p. 2.0<br \/>\nAcier Inox AISI 304 ou 316 d\u2019\u00c9p. 1.5 ou 2.0<br \/>\nAlliage d\u2019aluminium 5754 H111 d\u2019\u00c9p. 2.5<\/li>\n<\/ul>\n<p><img decoding=\"async\" class=\"alignnone wp-image-3832 size-medium\" src=\"https:\/\/www.abagrigliati.it\/en\/wp-content\/uploads\/sites\/2\/2022\/05\/icona-antiscivolo-R12-R13-en.png\" alt=\"\" width=\"300\" height=\"88\" \/><\/p>\n<\/div>\n<div class=\"border_bottom_sec\"><strong>Destinations d\u2019emploi<\/strong>Surface en bossage et perfor\u00e9e pour durcir le profil. Le per\u00e7age de \u00d88mm avec \u00e9vasement vers le haut assure l\u2019effet antid\u00e9rapant. L\u2019\u00e9vasement vers le bas assure l\u2019\u00e9coulement des agents atmosph\u00e9riques. Indiqu\u00e9 pour passerelles cyclables et pi\u00e9tonnes, rampes d\u2019acc\u00e8s PMR, mezzanines, passerelles techniques et de circulation.<\/div>\n","protected":false},"excerpt":{"rendered":"<p>Profil P60 ferm\u00e9 et en bossage, pour planchers. Sections disponibles &#8211; b x h x \u00c9p. (mm) 200x58x2.0 250x58x2.0 200x58x2.5 250x58x2.5 300x58x2.5 150x58x3.0 200x58x3.0 250x58x3.0 300x58x3.0 Longueur Minimum mm 600 &#8211; maximum mm 6000. Les mesures interm\u00e9diaires sont multiples de 60 mm (= pas de 60). Mat\u00e9riau Acier Brut d\u2019\u00c9p. 2.0 Acier Galvanis\u00e9 Sendzimir Acier&hellip; <a class=\"more-link\" href=\"https:\/\/www.abagrigliati.it\/fr\/produit\/profil-lb\/\">Continua a leggere <span class=\"screen-reader-text\">Profil LB<\/span><\/a><\/p>\n","protected":false},"featured_media":2643,"comment_status":"open","ping_status":"closed","template":"","meta":{"_acf_changed":false},"product_brand":[],"product_cat":[20,45],"product_tag":[],"class_list":{"0":"post-2642","1":"product","2":"type-product","3":"status-publish","4":"has-post-thumbnail","6":"product_cat-planchers","7":"product_cat-profils-perfores-et-en-bossage-p60","8":"entry","10":"first","11":"instock","12":"shipping-taxable","13":"product-type-simple"},"acf":[],"yoast_head":"<!-- This site is optimized with the Yoast SEO plugin v27.3 - https:\/\/yoast.com\/product\/yoast-seo-wordpress\/ -->\n<title>Profil LB Perfor\u00e9 et en Bossage P60, pour Planchers | Abagrigliati FR<\/title>\n<meta name=\"description\" content=\"Profil avec per\u00e7age de \u00d88mm et \u00e9vasement vers le haut qui assure l\u2019effet antid\u00e9rapant, indiqu\u00e9 pour passerelles et mezzanines pi\u00e9tonnes.\" \/>\n<meta name=\"robots\" content=\"noindex, follow, max-snippet:-1, max-image-preview:large, max-video-preview:-1\" \/>\n<meta property=\"og:locale\" content=\"it_IT\" \/>\n<meta property=\"og:type\" content=\"article\" \/>\n<meta property=\"og:title\" content=\"Profil LB Perfor\u00e9 et en Bossage P60, pour Planchers | Abagrigliati FR\" \/>\n<meta property=\"og:description\" content=\"Profil avec per\u00e7age de \u00d88mm et \u00e9vasement vers le haut qui assure l\u2019effet antid\u00e9rapant, indiqu\u00e9 pour passerelles et mezzanines pi\u00e9tonnes.\" \/>\n<meta property=\"og:url\" content=\"https:\/\/www.abagrigliati.it\/fr\/produit\/profil-lb\/\" \/>\n<meta property=\"og:site_name\" content=\"Abagrigliati FR\" \/>\n<meta property=\"article:modified_time\" content=\"2025-07-16T12:38:11+00:00\" \/>\n<meta property=\"og:image\" content=\"https:\/\/www.abagrigliati.it\/fr\/wp-content\/uploads\/sites\/6\/2021\/12\/Profilo-LB.jpg\" \/>\n\t<meta property=\"og:image:width\" content=\"1000\" \/>\n\t<meta property=\"og:image:height\" content=\"1000\" \/>\n\t<meta property=\"og:image:type\" content=\"image\/jpeg\" \/>\n<meta name=\"twitter:card\" content=\"summary_large_image\" \/>\n<meta name=\"twitter:label1\" content=\"Tempo di lettura stimato\" \/>\n\t<meta name=\"twitter:data1\" content=\"2 minuti\" \/>\n<script type=\"application\/ld+json\" class=\"yoast-schema-graph\">{\"@context\":\"https:\\\/\\\/schema.org\",\"@graph\":[{\"@type\":\"WebPage\",\"@id\":\"https:\\\/\\\/www.abagrigliati.it\\\/fr\\\/produit\\\/profil-lb\\\/\",\"url\":\"https:\\\/\\\/www.abagrigliati.it\\\/fr\\\/produit\\\/profil-lb\\\/\",\"name\":\"Profil LB Perfor\u00e9 et en Bossage P60, pour Planchers | Abagrigliati FR\",\"isPartOf\":{\"@id\":\"https:\\\/\\\/www.abagrigliati.it\\\/fr\\\/#website\"},\"primaryImageOfPage\":{\"@id\":\"https:\\\/\\\/www.abagrigliati.it\\\/fr\\\/produit\\\/profil-lb\\\/#primaryimage\"},\"image\":{\"@id\":\"https:\\\/\\\/www.abagrigliati.it\\\/fr\\\/produit\\\/profil-lb\\\/#primaryimage\"},\"thumbnailUrl\":\"https:\\\/\\\/www.abagrigliati.it\\\/fr\\\/wp-content\\\/uploads\\\/sites\\\/6\\\/2021\\\/12\\\/Profilo-LB.jpg\",\"datePublished\":\"2021-12-23T00:40:41+00:00\",\"dateModified\":\"2025-07-16T12:38:11+00:00\",\"description\":\"Profil avec per\u00e7age de \u00d88mm et \u00e9vasement vers le haut qui assure l\u2019effet antid\u00e9rapant, indiqu\u00e9 pour passerelles et mezzanines pi\u00e9tonnes.\",\"breadcrumb\":{\"@id\":\"https:\\\/\\\/www.abagrigliati.it\\\/fr\\\/produit\\\/profil-lb\\\/#breadcrumb\"},\"inLanguage\":\"it-IT\",\"potentialAction\":[{\"@type\":\"ReadAction\",\"target\":[\"https:\\\/\\\/www.abagrigliati.it\\\/fr\\\/produit\\\/profil-lb\\\/\"]}]},{\"@type\":\"ImageObject\",\"inLanguage\":\"it-IT\",\"@id\":\"https:\\\/\\\/www.abagrigliati.it\\\/fr\\\/produit\\\/profil-lb\\\/#primaryimage\",\"url\":\"https:\\\/\\\/www.abagrigliati.it\\\/fr\\\/wp-content\\\/uploads\\\/sites\\\/6\\\/2021\\\/12\\\/Profilo-LB.jpg\",\"contentUrl\":\"https:\\\/\\\/www.abagrigliati.it\\\/fr\\\/wp-content\\\/uploads\\\/sites\\\/6\\\/2021\\\/12\\\/Profilo-LB.jpg\",\"width\":1000,\"height\":1000},{\"@type\":\"BreadcrumbList\",\"@id\":\"https:\\\/\\\/www.abagrigliati.it\\\/fr\\\/produit\\\/profil-lb\\\/#breadcrumb\",\"itemListElement\":[{\"@type\":\"ListItem\",\"position\":1,\"name\":\"Home\",\"item\":\"https:\\\/\\\/www.abagrigliati.it\\\/fr\\\/\"},{\"@type\":\"ListItem\",\"position\":2,\"name\":\"Shop\",\"item\":\"https:\\\/\\\/www.abagrigliati.it\\\/fr\\\/negozio\\\/\"},{\"@type\":\"ListItem\",\"position\":3,\"name\":\"Profil LB\"}]},{\"@type\":\"WebSite\",\"@id\":\"https:\\\/\\\/www.abagrigliati.it\\\/fr\\\/#website\",\"url\":\"https:\\\/\\\/www.abagrigliati.it\\\/fr\\\/\",\"name\":\"Abagrigliati FR\",\"description\":\"\",\"publisher\":{\"@id\":\"https:\\\/\\\/www.abagrigliati.it\\\/fr\\\/#organization\"},\"potentialAction\":[{\"@type\":\"SearchAction\",\"target\":{\"@type\":\"EntryPoint\",\"urlTemplate\":\"https:\\\/\\\/www.abagrigliati.it\\\/fr\\\/?s={search_term_string}\"},\"query-input\":{\"@type\":\"PropertyValueSpecification\",\"valueRequired\":true,\"valueName\":\"search_term_string\"}}],\"inLanguage\":\"it-IT\"},{\"@type\":\"Organization\",\"@id\":\"https:\\\/\\\/www.abagrigliati.it\\\/fr\\\/#organization\",\"name\":\"Abagrigliati\",\"url\":\"https:\\\/\\\/www.abagrigliati.it\\\/fr\\\/\",\"logo\":{\"@type\":\"ImageObject\",\"inLanguage\":\"it-IT\",\"@id\":\"https:\\\/\\\/www.abagrigliati.it\\\/fr\\\/#\\\/schema\\\/logo\\\/image\\\/\",\"url\":\"https:\\\/\\\/www.abagrigliati.it\\\/fr\\\/wp-content\\\/uploads\\\/sites\\\/6\\\/2022\\\/01\\\/LogoABAGriglaiti.svg\",\"contentUrl\":\"https:\\\/\\\/www.abagrigliati.it\\\/fr\\\/wp-content\\\/uploads\\\/sites\\\/6\\\/2022\\\/01\\\/LogoABAGriglaiti.svg\",\"width\":223,\"height\":50,\"caption\":\"Abagrigliati\"},\"image\":{\"@id\":\"https:\\\/\\\/www.abagrigliati.it\\\/fr\\\/#\\\/schema\\\/logo\\\/image\\\/\"}}]}<\/script>\n<!-- \/ Yoast SEO plugin. -->","yoast_head_json":{"title":"Profil LB Perfor\u00e9 et en Bossage P60, pour Planchers | Abagrigliati FR","description":"Profil avec per\u00e7age de \u00d88mm et \u00e9vasement vers le haut qui assure l\u2019effet antid\u00e9rapant, indiqu\u00e9 pour passerelles et mezzanines pi\u00e9tonnes.","robots":{"index":"noindex","follow":"follow","max-snippet":"max-snippet:-1","max-image-preview":"max-image-preview:large","max-video-preview":"max-video-preview:-1"},"og_locale":"it_IT","og_type":"article","og_title":"Profil LB Perfor\u00e9 et en Bossage P60, pour Planchers | Abagrigliati FR","og_description":"Profil avec per\u00e7age de \u00d88mm et \u00e9vasement vers le haut qui assure l\u2019effet antid\u00e9rapant, indiqu\u00e9 pour passerelles et mezzanines pi\u00e9tonnes.","og_url":"https:\/\/www.abagrigliati.it\/fr\/produit\/profil-lb\/","og_site_name":"Abagrigliati FR","article_modified_time":"2025-07-16T12:38:11+00:00","og_image":[{"width":1000,"height":1000,"url":"https:\/\/www.abagrigliati.it\/fr\/wp-content\/uploads\/sites\/6\/2021\/12\/Profilo-LB.jpg","type":"image\/jpeg"}],"twitter_card":"summary_large_image","twitter_misc":{"Tempo di lettura stimato":"2 minuti"},"schema":{"@context":"https:\/\/schema.org","@graph":[{"@type":"WebPage","@id":"https:\/\/www.abagrigliati.it\/fr\/produit\/profil-lb\/","url":"https:\/\/www.abagrigliati.it\/fr\/produit\/profil-lb\/","name":"Profil LB Perfor\u00e9 et en Bossage P60, pour Planchers | Abagrigliati FR","isPartOf":{"@id":"https:\/\/www.abagrigliati.it\/fr\/#website"},"primaryImageOfPage":{"@id":"https:\/\/www.abagrigliati.it\/fr\/produit\/profil-lb\/#primaryimage"},"image":{"@id":"https:\/\/www.abagrigliati.it\/fr\/produit\/profil-lb\/#primaryimage"},"thumbnailUrl":"https:\/\/www.abagrigliati.it\/fr\/wp-content\/uploads\/sites\/6\/2021\/12\/Profilo-LB.jpg","datePublished":"2021-12-23T00:40:41+00:00","dateModified":"2025-07-16T12:38:11+00:00","description":"Profil avec per\u00e7age de \u00d88mm et \u00e9vasement vers le haut qui assure l\u2019effet antid\u00e9rapant, indiqu\u00e9 pour passerelles et mezzanines pi\u00e9tonnes.","breadcrumb":{"@id":"https:\/\/www.abagrigliati.it\/fr\/produit\/profil-lb\/#breadcrumb"},"inLanguage":"it-IT","potentialAction":[{"@type":"ReadAction","target":["https:\/\/www.abagrigliati.it\/fr\/produit\/profil-lb\/"]}]},{"@type":"ImageObject","inLanguage":"it-IT","@id":"https:\/\/www.abagrigliati.it\/fr\/produit\/profil-lb\/#primaryimage","url":"https:\/\/www.abagrigliati.it\/fr\/wp-content\/uploads\/sites\/6\/2021\/12\/Profilo-LB.jpg","contentUrl":"https:\/\/www.abagrigliati.it\/fr\/wp-content\/uploads\/sites\/6\/2021\/12\/Profilo-LB.jpg","width":1000,"height":1000},{"@type":"BreadcrumbList","@id":"https:\/\/www.abagrigliati.it\/fr\/produit\/profil-lb\/#breadcrumb","itemListElement":[{"@type":"ListItem","position":1,"name":"Home","item":"https:\/\/www.abagrigliati.it\/fr\/"},{"@type":"ListItem","position":2,"name":"Shop","item":"https:\/\/www.abagrigliati.it\/fr\/negozio\/"},{"@type":"ListItem","position":3,"name":"Profil LB"}]},{"@type":"WebSite","@id":"https:\/\/www.abagrigliati.it\/fr\/#website","url":"https:\/\/www.abagrigliati.it\/fr\/","name":"Abagrigliati FR","description":"","publisher":{"@id":"https:\/\/www.abagrigliati.it\/fr\/#organization"},"potentialAction":[{"@type":"SearchAction","target":{"@type":"EntryPoint","urlTemplate":"https:\/\/www.abagrigliati.it\/fr\/?s={search_term_string}"},"query-input":{"@type":"PropertyValueSpecification","valueRequired":true,"valueName":"search_term_string"}}],"inLanguage":"it-IT"},{"@type":"Organization","@id":"https:\/\/www.abagrigliati.it\/fr\/#organization","name":"Abagrigliati","url":"https:\/\/www.abagrigliati.it\/fr\/","logo":{"@type":"ImageObject","inLanguage":"it-IT","@id":"https:\/\/www.abagrigliati.it\/fr\/#\/schema\/logo\/image\/","url":"https:\/\/www.abagrigliati.it\/fr\/wp-content\/uploads\/sites\/6\/2022\/01\/LogoABAGriglaiti.svg","contentUrl":"https:\/\/www.abagrigliati.it\/fr\/wp-content\/uploads\/sites\/6\/2022\/01\/LogoABAGriglaiti.svg","width":223,"height":50,"caption":"Abagrigliati"},"image":{"@id":"https:\/\/www.abagrigliati.it\/fr\/#\/schema\/logo\/image\/"}}]}},"_links":{"self":[{"href":"https:\/\/www.abagrigliati.it\/fr\/wp-json\/wp\/v2\/product\/2642","targetHints":{"allow":["GET"]}}],"collection":[{"href":"https:\/\/www.abagrigliati.it\/fr\/wp-json\/wp\/v2\/product"}],"about":[{"href":"https:\/\/www.abagrigliati.it\/fr\/wp-json\/wp\/v2\/types\/product"}],"replies":[{"embeddable":true,"href":"https:\/\/www.abagrigliati.it\/fr\/wp-json\/wp\/v2\/comments?post=2642"}],"wp:featuredmedia":[{"embeddable":true,"href":"https:\/\/www.abagrigliati.it\/fr\/wp-json\/wp\/v2\/media\/2643"}],"wp:attachment":[{"href":"https:\/\/www.abagrigliati.it\/fr\/wp-json\/wp\/v2\/media?parent=2642"}],"wp:term":[{"taxonomy":"product_brand","embeddable":true,"href":"https:\/\/www.abagrigliati.it\/fr\/wp-json\/wp\/v2\/product_brand?post=2642"},{"taxonomy":"product_cat","embeddable":true,"href":"https:\/\/www.abagrigliati.it\/fr\/wp-json\/wp\/v2\/product_cat?post=2642"},{"taxonomy":"product_tag","embeddable":true,"href":"https:\/\/www.abagrigliati.it\/fr\/wp-json\/wp\/v2\/product_tag?post=2642"}],"curies":[{"name":"wp","href":"https:\/\/api.w.org\/{rel}","templated":true}]}}