{"id":3126,"date":"2022-02-10T11:14:11","date_gmt":"2022-02-10T10:14:11","guid":{"rendered":"https:\/\/www.abagrigliati.it\/fr\/?post_type=product&#038;p=3126"},"modified":"2025-07-16T14:31:00","modified_gmt":"2025-07-16T12:31:00","slug":"marche-gf250ts","status":"publish","type":"product","link":"https:\/\/www.abagrigliati.it\/fr\/produit\/marche-gf250ts\/","title":{"rendered":"Marche GF250TS"},"content":{"rendered":"<p>Marche GF Extr\u00e9mit\u00e9s Soud\u00e9es, pour escaliers int\u00e9rieurs ou ext\u00e9rieurs ou sur escaliers de s\u00e9curit\u00e9<\/p>\n<p><strong>Sections disponibles \u2013 b x h x \u00c9p. (mm)<\/strong><\/p>\n<ul class=\"number_sec\">\n<li>250x58x2.0<\/li>\n<\/ul>\n<p><strong>Longueur<\/strong><\/p>\n<p>Minimale mm 800 &#8211; maximale mm 1000<br \/>\nPour la disponibilit\u00e9 des mesures interm\u00e9diaires, contacter notre Service Technique<\/p>\n<div class=\"border_bottom_sec\"><strong>Mat\u00e9riau <\/strong>Acier brut ou galvanis\u00e9 \u00e0 chaud.<br \/>\n<img decoding=\"async\" class=\"alignnone size-medium wp-image-2561\" src=\"https:\/\/www.abagrigliati.it\/en\/wp-content\/uploads\/sites\/2\/2022\/05\/icona-antiscivolo-R11-en.png\" alt=\"\" width=\"300\" height=\"57\" \/><\/div>\n<div class=\"border_bottom_sec\">\n<p><strong>Destination d\u2019emploi <\/strong>Utilis\u00e9 surtout sur escaliers de s\u00e9curit\u00e9 ou passerelles. Surface avec effet antipanique et excellente adh\u00e9rence antid\u00e9rapante..<br \/>\nLe per\u00e7age permet l\u2019\u00e9coulement rapide des agents atmosph\u00e9riques et d\u2019autres impuret\u00e9s. Marquage CE 1090-1: EXC2.<\/p>\n<\/div>\n","protected":false},"excerpt":{"rendered":"<p>Marche GF Extr\u00e9mit\u00e9s Soud\u00e9es, pour escaliers int\u00e9rieurs ou ext\u00e9rieurs ou sur escaliers de s\u00e9curit\u00e9 Sections disponibles \u2013 b x h x \u00c9p. (mm) 250x58x2.0 Longueur Minimale mm 800 &#8211; maximale mm 1000 Pour la disponibilit\u00e9 des mesures interm\u00e9diaires, contacter notre Service Technique Mat\u00e9riau Acier brut ou galvanis\u00e9 \u00e0 chaud. Destination d\u2019emploi Utilis\u00e9 surtout sur escaliers&hellip; <a class=\"more-link\" href=\"https:\/\/www.abagrigliati.it\/fr\/produit\/marche-gf250ts\/\">Continua a leggere <span class=\"screen-reader-text\">Marche GF250TS<\/span><\/a><\/p>\n","protected":false},"featured_media":3135,"comment_status":"open","ping_status":"closed","template":"","meta":{"_acf_changed":false},"product_brand":[],"product_cat":[48,70],"product_tag":[],"class_list":{"0":"post-3126","1":"product","2":"type-product","3":"status-publish","4":"has-post-thumbnail","6":"product_cat-marches","7":"product_cat-marches-gf-tetes-soudees","8":"entry","10":"first","11":"instock","12":"shipping-taxable","13":"product-type-simple"},"acf":[],"yoast_head":"<!-- This site is optimized with the Yoast SEO plugin v27.3 - https:\/\/yoast.com\/product\/yoast-seo-wordpress\/ -->\n<title>Marche GF Extr\u00e9mit\u00e9s Soud\u00e9es: utilisation Int\u00e9rieur\/Ext\u00e9rieur | Abagrigliati FR<\/title>\n<meta name=\"description\" content=\"Marche GF250TS avec extr\u00e9mit\u00e9s soud\u00e9es pour escaliers int\u00e9rieurs ou ext\u00e9rieurs ou sur escaliers de s\u00e9curit\u00e9, avec surface antipanique, antid\u00e9rapante et perfor\u00e9e.\" \/>\n<meta name=\"robots\" content=\"noindex, follow, max-snippet:-1, max-image-preview:large, max-video-preview:-1\" \/>\n<meta property=\"og:locale\" content=\"it_IT\" \/>\n<meta property=\"og:type\" content=\"article\" \/>\n<meta property=\"og:title\" content=\"Marche GF Extr\u00e9mit\u00e9s Soud\u00e9es: utilisation Int\u00e9rieur\/Ext\u00e9rieur | Abagrigliati FR\" \/>\n<meta property=\"og:description\" content=\"Marche GF250TS avec extr\u00e9mit\u00e9s soud\u00e9es pour escaliers int\u00e9rieurs ou ext\u00e9rieurs ou sur escaliers de s\u00e9curit\u00e9, avec surface antipanique, antid\u00e9rapante et perfor\u00e9e.\" \/>\n<meta property=\"og:url\" content=\"https:\/\/www.abagrigliati.it\/fr\/produit\/marche-gf250ts\/\" \/>\n<meta property=\"og:site_name\" content=\"Abagrigliati FR\" \/>\n<meta property=\"article:modified_time\" content=\"2025-07-16T12:31:00+00:00\" \/>\n<meta property=\"og:image\" content=\"https:\/\/www.abagrigliati.it\/fr\/wp-content\/uploads\/sites\/6\/2022\/02\/Dettaglio-testa-Gradino-Saldato-GF250x58.jpg\" \/>\n\t<meta property=\"og:image:width\" content=\"1000\" \/>\n\t<meta property=\"og:image:height\" content=\"1000\" \/>\n\t<meta property=\"og:image:type\" content=\"image\/jpeg\" \/>\n<meta name=\"twitter:card\" content=\"summary_large_image\" \/>\n<meta name=\"twitter:label1\" content=\"Tempo di lettura stimato\" \/>\n\t<meta name=\"twitter:data1\" content=\"1 minuto\" \/>\n<script type=\"application\/ld+json\" class=\"yoast-schema-graph\">{\"@context\":\"https:\\\/\\\/schema.org\",\"@graph\":[{\"@type\":\"WebPage\",\"@id\":\"https:\\\/\\\/www.abagrigliati.it\\\/fr\\\/produit\\\/marche-gf250ts\\\/\",\"url\":\"https:\\\/\\\/www.abagrigliati.it\\\/fr\\\/produit\\\/marche-gf250ts\\\/\",\"name\":\"Marche GF Extr\u00e9mit\u00e9s Soud\u00e9es: utilisation Int\u00e9rieur\\\/Ext\u00e9rieur | Abagrigliati FR\",\"isPartOf\":{\"@id\":\"https:\\\/\\\/www.abagrigliati.it\\\/fr\\\/#website\"},\"primaryImageOfPage\":{\"@id\":\"https:\\\/\\\/www.abagrigliati.it\\\/fr\\\/produit\\\/marche-gf250ts\\\/#primaryimage\"},\"image\":{\"@id\":\"https:\\\/\\\/www.abagrigliati.it\\\/fr\\\/produit\\\/marche-gf250ts\\\/#primaryimage\"},\"thumbnailUrl\":\"https:\\\/\\\/www.abagrigliati.it\\\/fr\\\/wp-content\\\/uploads\\\/sites\\\/6\\\/2022\\\/02\\\/Dettaglio-testa-Gradino-Saldato-GF250x58.jpg\",\"datePublished\":\"2022-02-10T10:14:11+00:00\",\"dateModified\":\"2025-07-16T12:31:00+00:00\",\"description\":\"Marche GF250TS avec extr\u00e9mit\u00e9s soud\u00e9es pour escaliers int\u00e9rieurs ou ext\u00e9rieurs ou sur escaliers de s\u00e9curit\u00e9, avec surface antipanique, antid\u00e9rapante et perfor\u00e9e.\",\"breadcrumb\":{\"@id\":\"https:\\\/\\\/www.abagrigliati.it\\\/fr\\\/produit\\\/marche-gf250ts\\\/#breadcrumb\"},\"inLanguage\":\"it-IT\",\"potentialAction\":[{\"@type\":\"ReadAction\",\"target\":[\"https:\\\/\\\/www.abagrigliati.it\\\/fr\\\/produit\\\/marche-gf250ts\\\/\"]}]},{\"@type\":\"ImageObject\",\"inLanguage\":\"it-IT\",\"@id\":\"https:\\\/\\\/www.abagrigliati.it\\\/fr\\\/produit\\\/marche-gf250ts\\\/#primaryimage\",\"url\":\"https:\\\/\\\/www.abagrigliati.it\\\/fr\\\/wp-content\\\/uploads\\\/sites\\\/6\\\/2022\\\/02\\\/Dettaglio-testa-Gradino-Saldato-GF250x58.jpg\",\"contentUrl\":\"https:\\\/\\\/www.abagrigliati.it\\\/fr\\\/wp-content\\\/uploads\\\/sites\\\/6\\\/2022\\\/02\\\/Dettaglio-testa-Gradino-Saldato-GF250x58.jpg\",\"width\":1000,\"height\":1000},{\"@type\":\"BreadcrumbList\",\"@id\":\"https:\\\/\\\/www.abagrigliati.it\\\/fr\\\/produit\\\/marche-gf250ts\\\/#breadcrumb\",\"itemListElement\":[{\"@type\":\"ListItem\",\"position\":1,\"name\":\"Home\",\"item\":\"https:\\\/\\\/www.abagrigliati.it\\\/fr\\\/\"},{\"@type\":\"ListItem\",\"position\":2,\"name\":\"Shop\",\"item\":\"https:\\\/\\\/www.abagrigliati.it\\\/fr\\\/negozio\\\/\"},{\"@type\":\"ListItem\",\"position\":3,\"name\":\"Marche GF250TS\"}]},{\"@type\":\"WebSite\",\"@id\":\"https:\\\/\\\/www.abagrigliati.it\\\/fr\\\/#website\",\"url\":\"https:\\\/\\\/www.abagrigliati.it\\\/fr\\\/\",\"name\":\"Abagrigliati FR\",\"description\":\"\",\"publisher\":{\"@id\":\"https:\\\/\\\/www.abagrigliati.it\\\/fr\\\/#organization\"},\"potentialAction\":[{\"@type\":\"SearchAction\",\"target\":{\"@type\":\"EntryPoint\",\"urlTemplate\":\"https:\\\/\\\/www.abagrigliati.it\\\/fr\\\/?s={search_term_string}\"},\"query-input\":{\"@type\":\"PropertyValueSpecification\",\"valueRequired\":true,\"valueName\":\"search_term_string\"}}],\"inLanguage\":\"it-IT\"},{\"@type\":\"Organization\",\"@id\":\"https:\\\/\\\/www.abagrigliati.it\\\/fr\\\/#organization\",\"name\":\"Abagrigliati\",\"url\":\"https:\\\/\\\/www.abagrigliati.it\\\/fr\\\/\",\"logo\":{\"@type\":\"ImageObject\",\"inLanguage\":\"it-IT\",\"@id\":\"https:\\\/\\\/www.abagrigliati.it\\\/fr\\\/#\\\/schema\\\/logo\\\/image\\\/\",\"url\":\"https:\\\/\\\/www.abagrigliati.it\\\/fr\\\/wp-content\\\/uploads\\\/sites\\\/6\\\/2022\\\/01\\\/LogoABAGriglaiti.svg\",\"contentUrl\":\"https:\\\/\\\/www.abagrigliati.it\\\/fr\\\/wp-content\\\/uploads\\\/sites\\\/6\\\/2022\\\/01\\\/LogoABAGriglaiti.svg\",\"width\":223,\"height\":50,\"caption\":\"Abagrigliati\"},\"image\":{\"@id\":\"https:\\\/\\\/www.abagrigliati.it\\\/fr\\\/#\\\/schema\\\/logo\\\/image\\\/\"}}]}<\/script>\n<!-- \/ Yoast SEO plugin. -->","yoast_head_json":{"title":"Marche GF Extr\u00e9mit\u00e9s Soud\u00e9es: utilisation Int\u00e9rieur\/Ext\u00e9rieur | Abagrigliati FR","description":"Marche GF250TS avec extr\u00e9mit\u00e9s soud\u00e9es pour escaliers int\u00e9rieurs ou ext\u00e9rieurs ou sur escaliers de s\u00e9curit\u00e9, avec surface antipanique, antid\u00e9rapante et perfor\u00e9e.","robots":{"index":"noindex","follow":"follow","max-snippet":"max-snippet:-1","max-image-preview":"max-image-preview:large","max-video-preview":"max-video-preview:-1"},"og_locale":"it_IT","og_type":"article","og_title":"Marche GF Extr\u00e9mit\u00e9s Soud\u00e9es: utilisation Int\u00e9rieur\/Ext\u00e9rieur | Abagrigliati FR","og_description":"Marche GF250TS avec extr\u00e9mit\u00e9s soud\u00e9es pour escaliers int\u00e9rieurs ou ext\u00e9rieurs ou sur escaliers de s\u00e9curit\u00e9, avec surface antipanique, antid\u00e9rapante et perfor\u00e9e.","og_url":"https:\/\/www.abagrigliati.it\/fr\/produit\/marche-gf250ts\/","og_site_name":"Abagrigliati FR","article_modified_time":"2025-07-16T12:31:00+00:00","og_image":[{"width":1000,"height":1000,"url":"https:\/\/www.abagrigliati.it\/fr\/wp-content\/uploads\/sites\/6\/2022\/02\/Dettaglio-testa-Gradino-Saldato-GF250x58.jpg","type":"image\/jpeg"}],"twitter_card":"summary_large_image","twitter_misc":{"Tempo di lettura stimato":"1 minuto"},"schema":{"@context":"https:\/\/schema.org","@graph":[{"@type":"WebPage","@id":"https:\/\/www.abagrigliati.it\/fr\/produit\/marche-gf250ts\/","url":"https:\/\/www.abagrigliati.it\/fr\/produit\/marche-gf250ts\/","name":"Marche GF Extr\u00e9mit\u00e9s Soud\u00e9es: utilisation Int\u00e9rieur\/Ext\u00e9rieur | Abagrigliati FR","isPartOf":{"@id":"https:\/\/www.abagrigliati.it\/fr\/#website"},"primaryImageOfPage":{"@id":"https:\/\/www.abagrigliati.it\/fr\/produit\/marche-gf250ts\/#primaryimage"},"image":{"@id":"https:\/\/www.abagrigliati.it\/fr\/produit\/marche-gf250ts\/#primaryimage"},"thumbnailUrl":"https:\/\/www.abagrigliati.it\/fr\/wp-content\/uploads\/sites\/6\/2022\/02\/Dettaglio-testa-Gradino-Saldato-GF250x58.jpg","datePublished":"2022-02-10T10:14:11+00:00","dateModified":"2025-07-16T12:31:00+00:00","description":"Marche GF250TS avec extr\u00e9mit\u00e9s soud\u00e9es pour escaliers int\u00e9rieurs ou ext\u00e9rieurs ou sur escaliers de s\u00e9curit\u00e9, avec surface antipanique, antid\u00e9rapante et perfor\u00e9e.","breadcrumb":{"@id":"https:\/\/www.abagrigliati.it\/fr\/produit\/marche-gf250ts\/#breadcrumb"},"inLanguage":"it-IT","potentialAction":[{"@type":"ReadAction","target":["https:\/\/www.abagrigliati.it\/fr\/produit\/marche-gf250ts\/"]}]},{"@type":"ImageObject","inLanguage":"it-IT","@id":"https:\/\/www.abagrigliati.it\/fr\/produit\/marche-gf250ts\/#primaryimage","url":"https:\/\/www.abagrigliati.it\/fr\/wp-content\/uploads\/sites\/6\/2022\/02\/Dettaglio-testa-Gradino-Saldato-GF250x58.jpg","contentUrl":"https:\/\/www.abagrigliati.it\/fr\/wp-content\/uploads\/sites\/6\/2022\/02\/Dettaglio-testa-Gradino-Saldato-GF250x58.jpg","width":1000,"height":1000},{"@type":"BreadcrumbList","@id":"https:\/\/www.abagrigliati.it\/fr\/produit\/marche-gf250ts\/#breadcrumb","itemListElement":[{"@type":"ListItem","position":1,"name":"Home","item":"https:\/\/www.abagrigliati.it\/fr\/"},{"@type":"ListItem","position":2,"name":"Shop","item":"https:\/\/www.abagrigliati.it\/fr\/negozio\/"},{"@type":"ListItem","position":3,"name":"Marche GF250TS"}]},{"@type":"WebSite","@id":"https:\/\/www.abagrigliati.it\/fr\/#website","url":"https:\/\/www.abagrigliati.it\/fr\/","name":"Abagrigliati FR","description":"","publisher":{"@id":"https:\/\/www.abagrigliati.it\/fr\/#organization"},"potentialAction":[{"@type":"SearchAction","target":{"@type":"EntryPoint","urlTemplate":"https:\/\/www.abagrigliati.it\/fr\/?s={search_term_string}"},"query-input":{"@type":"PropertyValueSpecification","valueRequired":true,"valueName":"search_term_string"}}],"inLanguage":"it-IT"},{"@type":"Organization","@id":"https:\/\/www.abagrigliati.it\/fr\/#organization","name":"Abagrigliati","url":"https:\/\/www.abagrigliati.it\/fr\/","logo":{"@type":"ImageObject","inLanguage":"it-IT","@id":"https:\/\/www.abagrigliati.it\/fr\/#\/schema\/logo\/image\/","url":"https:\/\/www.abagrigliati.it\/fr\/wp-content\/uploads\/sites\/6\/2022\/01\/LogoABAGriglaiti.svg","contentUrl":"https:\/\/www.abagrigliati.it\/fr\/wp-content\/uploads\/sites\/6\/2022\/01\/LogoABAGriglaiti.svg","width":223,"height":50,"caption":"Abagrigliati"},"image":{"@id":"https:\/\/www.abagrigliati.it\/fr\/#\/schema\/logo\/image\/"}}]}},"_links":{"self":[{"href":"https:\/\/www.abagrigliati.it\/fr\/wp-json\/wp\/v2\/product\/3126","targetHints":{"allow":["GET"]}}],"collection":[{"href":"https:\/\/www.abagrigliati.it\/fr\/wp-json\/wp\/v2\/product"}],"about":[{"href":"https:\/\/www.abagrigliati.it\/fr\/wp-json\/wp\/v2\/types\/product"}],"replies":[{"embeddable":true,"href":"https:\/\/www.abagrigliati.it\/fr\/wp-json\/wp\/v2\/comments?post=3126"}],"wp:featuredmedia":[{"embeddable":true,"href":"https:\/\/www.abagrigliati.it\/fr\/wp-json\/wp\/v2\/media\/3135"}],"wp:attachment":[{"href":"https:\/\/www.abagrigliati.it\/fr\/wp-json\/wp\/v2\/media?parent=3126"}],"wp:term":[{"taxonomy":"product_brand","embeddable":true,"href":"https:\/\/www.abagrigliati.it\/fr\/wp-json\/wp\/v2\/product_brand?post=3126"},{"taxonomy":"product_cat","embeddable":true,"href":"https:\/\/www.abagrigliati.it\/fr\/wp-json\/wp\/v2\/product_cat?post=3126"},{"taxonomy":"product_tag","embeddable":true,"href":"https:\/\/www.abagrigliati.it\/fr\/wp-json\/wp\/v2\/product_tag?post=3126"}],"curies":[{"name":"wp","href":"https:\/\/api.w.org\/{rel}","templated":true}]}}