{"id":3132,"date":"2022-02-10T11:28:56","date_gmt":"2022-02-10T10:28:56","guid":{"rendered":"https:\/\/www.abagrigliati.it\/fr\/?post_type=product&#038;p=3132"},"modified":"2025-07-16T14:30:37","modified_gmt":"2025-07-16T12:30:37","slug":"marche-gf300-2400ts-marche-gf325-2400ts","status":"publish","type":"product","link":"https:\/\/www.abagrigliati.it\/fr\/produit\/marche-gf300-2400ts-marche-gf325-2400ts\/","title":{"rendered":"Marche GF300\/2400TS &#8211; Marche GF325\/2400TS"},"content":{"rendered":"<p>Marche GF Extr\u00e9mit\u00e9s Soud\u00e9es pour escaliers de s\u00e9curit\u00e9<\/p>\n<p><strong>Sections disponibles \u2013 b x h x \u00c9p. (mm)<\/strong><\/p>\n<ul class=\"number_sec\">\n<li>300x83x2.5<\/li>\n<li>325x83x2.5<\/li>\n<\/ul>\n<p><strong>Longueur<\/strong><\/p>\n<p>Mm 2400.<br \/>\nMesures interm\u00e9diaires non disponibles.<\/p>\n<div class=\"border_bottom_sec\"><strong>Mat\u00e9riau <\/strong>Acier brut ou galvanis\u00e9 \u00e0 chaud.<br \/>\n<img decoding=\"async\" class=\"alignnone wp-image-3837 size-medium\" src=\"https:\/\/www.abagrigliati.it\/en\/wp-content\/uploads\/sites\/2\/2022\/05\/icona-antiscivolo-R11-en.png\" alt=\"\" width=\"300\" height=\"93\" \/><\/div>\n<div class=\"border_bottom_sec\">\n<p><strong>Destination d\u2019emploi <\/strong>Utilis\u00e9e surtout sur escaliers de s\u00e9curit\u00e9. Surface avec effet antipanique et excellente adh\u00e9rence antid\u00e9rapante. Le per\u00e7age permet l\u2019\u00e9coulement rapide des agents atmosph\u00e9riques. Marquage CE 1090-1: EXC2 ou EXC3.<\/p>\n<\/div>\n","protected":false},"excerpt":{"rendered":"<p>Marche GF Extr\u00e9mit\u00e9s Soud\u00e9es pour escaliers de s\u00e9curit\u00e9 Sections disponibles \u2013 b x h x \u00c9p. (mm) 300x83x2.5 325x83x2.5 Longueur Mm 2400. Mesures interm\u00e9diaires non disponibles. Mat\u00e9riau Acier brut ou galvanis\u00e9 \u00e0 chaud. Destination d\u2019emploi Utilis\u00e9e surtout sur escaliers de s\u00e9curit\u00e9. Surface avec effet antipanique et excellente adh\u00e9rence antid\u00e9rapante. Le per\u00e7age permet l\u2019\u00e9coulement rapide des&hellip; <a class=\"more-link\" href=\"https:\/\/www.abagrigliati.it\/fr\/produit\/marche-gf300-2400ts-marche-gf325-2400ts\/\">Continua a leggere <span class=\"screen-reader-text\">Marche GF300\/2400TS &#8211; Marche GF325\/2400TS<\/span><\/a><\/p>\n","protected":false},"featured_media":3137,"comment_status":"open","ping_status":"closed","template":"","meta":{"_acf_changed":false},"product_brand":[],"product_cat":[48,70],"product_tag":[],"class_list":{"0":"post-3132","1":"product","2":"type-product","3":"status-publish","4":"has-post-thumbnail","6":"product_cat-marches","7":"product_cat-marches-gf-tetes-soudees","8":"entry","10":"first","11":"instock","12":"shipping-taxable","13":"product-type-simple"},"acf":[],"yoast_head":"<!-- This site is optimized with the Yoast SEO plugin v27.4 - https:\/\/yoast.com\/product\/yoast-seo-wordpress\/ -->\n<title>Marche GF300\/2400TS-GF325\/2400TS Extr\u00e9mit\u00e9s Soud\u00e9es |Abagrigliati FR<\/title>\n<meta name=\"description\" content=\"Marche en acier brut utilis\u00e9e sur escaliers de s\u00e9curit\u00e9. Surface avec effet anti-panique et excellente adh\u00e9rence antid\u00e9rapante.\" \/>\n<meta name=\"robots\" content=\"noindex, follow, max-snippet:-1, max-image-preview:large, max-video-preview:-1\" \/>\n<meta property=\"og:locale\" content=\"it_IT\" \/>\n<meta property=\"og:type\" content=\"article\" \/>\n<meta property=\"og:title\" content=\"Marche GF300\/2400TS-GF325\/2400TS Extr\u00e9mit\u00e9s Soud\u00e9es |Abagrigliati FR\" \/>\n<meta property=\"og:description\" content=\"Marche en acier brut utilis\u00e9e sur escaliers de s\u00e9curit\u00e9. Surface avec effet anti-panique et excellente adh\u00e9rence antid\u00e9rapante.\" \/>\n<meta property=\"og:url\" content=\"https:\/\/www.abagrigliati.it\/fr\/produit\/marche-gf300-2400ts-marche-gf325-2400ts\/\" \/>\n<meta property=\"og:site_name\" content=\"Abagrigliati FR\" \/>\n<meta property=\"article:modified_time\" content=\"2025-07-16T12:30:37+00:00\" \/>\n<meta property=\"og:image\" content=\"https:\/\/www.abagrigliati.it\/fr\/wp-content\/uploads\/sites\/6\/2022\/02\/Dettaglio-testa-Gradino-GF300x83H.jpg\" \/>\n\t<meta property=\"og:image:width\" content=\"1000\" \/>\n\t<meta property=\"og:image:height\" content=\"1000\" \/>\n\t<meta property=\"og:image:type\" content=\"image\/jpeg\" \/>\n<meta name=\"twitter:card\" content=\"summary_large_image\" \/>\n<meta name=\"twitter:label1\" content=\"Tempo di lettura stimato\" \/>\n\t<meta name=\"twitter:data1\" content=\"1 minuto\" \/>\n<script type=\"application\/ld+json\" class=\"yoast-schema-graph\">{\"@context\":\"https:\\\/\\\/schema.org\",\"@graph\":[{\"@type\":\"WebPage\",\"@id\":\"https:\\\/\\\/www.abagrigliati.it\\\/fr\\\/produit\\\/marche-gf300-2400ts-marche-gf325-2400ts\\\/\",\"url\":\"https:\\\/\\\/www.abagrigliati.it\\\/fr\\\/produit\\\/marche-gf300-2400ts-marche-gf325-2400ts\\\/\",\"name\":\"Marche GF300\\\/2400TS-GF325\\\/2400TS Extr\u00e9mit\u00e9s Soud\u00e9es |Abagrigliati FR\",\"isPartOf\":{\"@id\":\"https:\\\/\\\/www.abagrigliati.it\\\/fr\\\/#website\"},\"primaryImageOfPage\":{\"@id\":\"https:\\\/\\\/www.abagrigliati.it\\\/fr\\\/produit\\\/marche-gf300-2400ts-marche-gf325-2400ts\\\/#primaryimage\"},\"image\":{\"@id\":\"https:\\\/\\\/www.abagrigliati.it\\\/fr\\\/produit\\\/marche-gf300-2400ts-marche-gf325-2400ts\\\/#primaryimage\"},\"thumbnailUrl\":\"https:\\\/\\\/www.abagrigliati.it\\\/fr\\\/wp-content\\\/uploads\\\/sites\\\/6\\\/2022\\\/02\\\/Dettaglio-testa-Gradino-GF300x83H.jpg\",\"datePublished\":\"2022-02-10T10:28:56+00:00\",\"dateModified\":\"2025-07-16T12:30:37+00:00\",\"description\":\"Marche en acier brut utilis\u00e9e sur escaliers de s\u00e9curit\u00e9. Surface avec effet anti-panique et excellente adh\u00e9rence antid\u00e9rapante.\",\"breadcrumb\":{\"@id\":\"https:\\\/\\\/www.abagrigliati.it\\\/fr\\\/produit\\\/marche-gf300-2400ts-marche-gf325-2400ts\\\/#breadcrumb\"},\"inLanguage\":\"it-IT\",\"potentialAction\":[{\"@type\":\"ReadAction\",\"target\":[\"https:\\\/\\\/www.abagrigliati.it\\\/fr\\\/produit\\\/marche-gf300-2400ts-marche-gf325-2400ts\\\/\"]}]},{\"@type\":\"ImageObject\",\"inLanguage\":\"it-IT\",\"@id\":\"https:\\\/\\\/www.abagrigliati.it\\\/fr\\\/produit\\\/marche-gf300-2400ts-marche-gf325-2400ts\\\/#primaryimage\",\"url\":\"https:\\\/\\\/www.abagrigliati.it\\\/fr\\\/wp-content\\\/uploads\\\/sites\\\/6\\\/2022\\\/02\\\/Dettaglio-testa-Gradino-GF300x83H.jpg\",\"contentUrl\":\"https:\\\/\\\/www.abagrigliati.it\\\/fr\\\/wp-content\\\/uploads\\\/sites\\\/6\\\/2022\\\/02\\\/Dettaglio-testa-Gradino-GF300x83H.jpg\",\"width\":1000,\"height\":1000},{\"@type\":\"BreadcrumbList\",\"@id\":\"https:\\\/\\\/www.abagrigliati.it\\\/fr\\\/produit\\\/marche-gf300-2400ts-marche-gf325-2400ts\\\/#breadcrumb\",\"itemListElement\":[{\"@type\":\"ListItem\",\"position\":1,\"name\":\"Home\",\"item\":\"https:\\\/\\\/www.abagrigliati.it\\\/fr\\\/\"},{\"@type\":\"ListItem\",\"position\":2,\"name\":\"Shop\",\"item\":\"https:\\\/\\\/www.abagrigliati.it\\\/fr\\\/negozio\\\/\"},{\"@type\":\"ListItem\",\"position\":3,\"name\":\"Marche GF300\\\/2400TS &#8211; Marche GF325\\\/2400TS\"}]},{\"@type\":\"WebSite\",\"@id\":\"https:\\\/\\\/www.abagrigliati.it\\\/fr\\\/#website\",\"url\":\"https:\\\/\\\/www.abagrigliati.it\\\/fr\\\/\",\"name\":\"Abagrigliati FR\",\"description\":\"\",\"publisher\":{\"@id\":\"https:\\\/\\\/www.abagrigliati.it\\\/fr\\\/#organization\"},\"potentialAction\":[{\"@type\":\"SearchAction\",\"target\":{\"@type\":\"EntryPoint\",\"urlTemplate\":\"https:\\\/\\\/www.abagrigliati.it\\\/fr\\\/?s={search_term_string}\"},\"query-input\":{\"@type\":\"PropertyValueSpecification\",\"valueRequired\":true,\"valueName\":\"search_term_string\"}}],\"inLanguage\":\"it-IT\"},{\"@type\":\"Organization\",\"@id\":\"https:\\\/\\\/www.abagrigliati.it\\\/fr\\\/#organization\",\"name\":\"Abagrigliati\",\"url\":\"https:\\\/\\\/www.abagrigliati.it\\\/fr\\\/\",\"logo\":{\"@type\":\"ImageObject\",\"inLanguage\":\"it-IT\",\"@id\":\"https:\\\/\\\/www.abagrigliati.it\\\/fr\\\/#\\\/schema\\\/logo\\\/image\\\/\",\"url\":\"https:\\\/\\\/www.abagrigliati.it\\\/fr\\\/wp-content\\\/uploads\\\/sites\\\/6\\\/2022\\\/01\\\/LogoABAGriglaiti.svg\",\"contentUrl\":\"https:\\\/\\\/www.abagrigliati.it\\\/fr\\\/wp-content\\\/uploads\\\/sites\\\/6\\\/2022\\\/01\\\/LogoABAGriglaiti.svg\",\"width\":223,\"height\":50,\"caption\":\"Abagrigliati\"},\"image\":{\"@id\":\"https:\\\/\\\/www.abagrigliati.it\\\/fr\\\/#\\\/schema\\\/logo\\\/image\\\/\"}}]}<\/script>\n<!-- \/ Yoast SEO plugin. -->","yoast_head_json":{"title":"Marche GF300\/2400TS-GF325\/2400TS Extr\u00e9mit\u00e9s Soud\u00e9es |Abagrigliati FR","description":"Marche en acier brut utilis\u00e9e sur escaliers de s\u00e9curit\u00e9. Surface avec effet anti-panique et excellente adh\u00e9rence antid\u00e9rapante.","robots":{"index":"noindex","follow":"follow","max-snippet":"max-snippet:-1","max-image-preview":"max-image-preview:large","max-video-preview":"max-video-preview:-1"},"og_locale":"it_IT","og_type":"article","og_title":"Marche GF300\/2400TS-GF325\/2400TS Extr\u00e9mit\u00e9s Soud\u00e9es |Abagrigliati FR","og_description":"Marche en acier brut utilis\u00e9e sur escaliers de s\u00e9curit\u00e9. Surface avec effet anti-panique et excellente adh\u00e9rence antid\u00e9rapante.","og_url":"https:\/\/www.abagrigliati.it\/fr\/produit\/marche-gf300-2400ts-marche-gf325-2400ts\/","og_site_name":"Abagrigliati FR","article_modified_time":"2025-07-16T12:30:37+00:00","og_image":[{"width":1000,"height":1000,"url":"https:\/\/www.abagrigliati.it\/fr\/wp-content\/uploads\/sites\/6\/2022\/02\/Dettaglio-testa-Gradino-GF300x83H.jpg","type":"image\/jpeg"}],"twitter_card":"summary_large_image","twitter_misc":{"Tempo di lettura stimato":"1 minuto"},"schema":{"@context":"https:\/\/schema.org","@graph":[{"@type":"WebPage","@id":"https:\/\/www.abagrigliati.it\/fr\/produit\/marche-gf300-2400ts-marche-gf325-2400ts\/","url":"https:\/\/www.abagrigliati.it\/fr\/produit\/marche-gf300-2400ts-marche-gf325-2400ts\/","name":"Marche GF300\/2400TS-GF325\/2400TS Extr\u00e9mit\u00e9s Soud\u00e9es |Abagrigliati FR","isPartOf":{"@id":"https:\/\/www.abagrigliati.it\/fr\/#website"},"primaryImageOfPage":{"@id":"https:\/\/www.abagrigliati.it\/fr\/produit\/marche-gf300-2400ts-marche-gf325-2400ts\/#primaryimage"},"image":{"@id":"https:\/\/www.abagrigliati.it\/fr\/produit\/marche-gf300-2400ts-marche-gf325-2400ts\/#primaryimage"},"thumbnailUrl":"https:\/\/www.abagrigliati.it\/fr\/wp-content\/uploads\/sites\/6\/2022\/02\/Dettaglio-testa-Gradino-GF300x83H.jpg","datePublished":"2022-02-10T10:28:56+00:00","dateModified":"2025-07-16T12:30:37+00:00","description":"Marche en acier brut utilis\u00e9e sur escaliers de s\u00e9curit\u00e9. Surface avec effet anti-panique et excellente adh\u00e9rence antid\u00e9rapante.","breadcrumb":{"@id":"https:\/\/www.abagrigliati.it\/fr\/produit\/marche-gf300-2400ts-marche-gf325-2400ts\/#breadcrumb"},"inLanguage":"it-IT","potentialAction":[{"@type":"ReadAction","target":["https:\/\/www.abagrigliati.it\/fr\/produit\/marche-gf300-2400ts-marche-gf325-2400ts\/"]}]},{"@type":"ImageObject","inLanguage":"it-IT","@id":"https:\/\/www.abagrigliati.it\/fr\/produit\/marche-gf300-2400ts-marche-gf325-2400ts\/#primaryimage","url":"https:\/\/www.abagrigliati.it\/fr\/wp-content\/uploads\/sites\/6\/2022\/02\/Dettaglio-testa-Gradino-GF300x83H.jpg","contentUrl":"https:\/\/www.abagrigliati.it\/fr\/wp-content\/uploads\/sites\/6\/2022\/02\/Dettaglio-testa-Gradino-GF300x83H.jpg","width":1000,"height":1000},{"@type":"BreadcrumbList","@id":"https:\/\/www.abagrigliati.it\/fr\/produit\/marche-gf300-2400ts-marche-gf325-2400ts\/#breadcrumb","itemListElement":[{"@type":"ListItem","position":1,"name":"Home","item":"https:\/\/www.abagrigliati.it\/fr\/"},{"@type":"ListItem","position":2,"name":"Shop","item":"https:\/\/www.abagrigliati.it\/fr\/negozio\/"},{"@type":"ListItem","position":3,"name":"Marche GF300\/2400TS &#8211; Marche GF325\/2400TS"}]},{"@type":"WebSite","@id":"https:\/\/www.abagrigliati.it\/fr\/#website","url":"https:\/\/www.abagrigliati.it\/fr\/","name":"Abagrigliati FR","description":"","publisher":{"@id":"https:\/\/www.abagrigliati.it\/fr\/#organization"},"potentialAction":[{"@type":"SearchAction","target":{"@type":"EntryPoint","urlTemplate":"https:\/\/www.abagrigliati.it\/fr\/?s={search_term_string}"},"query-input":{"@type":"PropertyValueSpecification","valueRequired":true,"valueName":"search_term_string"}}],"inLanguage":"it-IT"},{"@type":"Organization","@id":"https:\/\/www.abagrigliati.it\/fr\/#organization","name":"Abagrigliati","url":"https:\/\/www.abagrigliati.it\/fr\/","logo":{"@type":"ImageObject","inLanguage":"it-IT","@id":"https:\/\/www.abagrigliati.it\/fr\/#\/schema\/logo\/image\/","url":"https:\/\/www.abagrigliati.it\/fr\/wp-content\/uploads\/sites\/6\/2022\/01\/LogoABAGriglaiti.svg","contentUrl":"https:\/\/www.abagrigliati.it\/fr\/wp-content\/uploads\/sites\/6\/2022\/01\/LogoABAGriglaiti.svg","width":223,"height":50,"caption":"Abagrigliati"},"image":{"@id":"https:\/\/www.abagrigliati.it\/fr\/#\/schema\/logo\/image\/"}}]}},"_links":{"self":[{"href":"https:\/\/www.abagrigliati.it\/fr\/wp-json\/wp\/v2\/product\/3132","targetHints":{"allow":["GET"]}}],"collection":[{"href":"https:\/\/www.abagrigliati.it\/fr\/wp-json\/wp\/v2\/product"}],"about":[{"href":"https:\/\/www.abagrigliati.it\/fr\/wp-json\/wp\/v2\/types\/product"}],"replies":[{"embeddable":true,"href":"https:\/\/www.abagrigliati.it\/fr\/wp-json\/wp\/v2\/comments?post=3132"}],"wp:featuredmedia":[{"embeddable":true,"href":"https:\/\/www.abagrigliati.it\/fr\/wp-json\/wp\/v2\/media\/3137"}],"wp:attachment":[{"href":"https:\/\/www.abagrigliati.it\/fr\/wp-json\/wp\/v2\/media?parent=3132"}],"wp:term":[{"taxonomy":"product_brand","embeddable":true,"href":"https:\/\/www.abagrigliati.it\/fr\/wp-json\/wp\/v2\/product_brand?post=3132"},{"taxonomy":"product_cat","embeddable":true,"href":"https:\/\/www.abagrigliati.it\/fr\/wp-json\/wp\/v2\/product_cat?post=3132"},{"taxonomy":"product_tag","embeddable":true,"href":"https:\/\/www.abagrigliati.it\/fr\/wp-json\/wp\/v2\/product_tag?post=3132"}],"curies":[{"name":"wp","href":"https:\/\/api.w.org\/{rel}","templated":true}]}}